{"id":41046,"date":"2024-09-19T15:13:34","date_gmt":"2024-09-19T13:13:34","guid":{"rendered":"https:\/\/www.fleurop-home.ch\/de-ch\/p\/kosmee-cosmos-bipinnatus-2-stueck"},"modified":"2026-04-30T09:15:58","modified_gmt":"2026-04-30T07:15:58","slug":"-362","status":"publish","type":"product","link":"https:\/\/www.fleurop-home.ch\/fr-ch\/p\/kosmee-cosmos-bipinnatus-2","title":{"rendered":"Cosmos - Cosmos bipinnatus"},"content":{"rendered":"<p>La cosmos \u201aCasanova Violett\u2018 enthousiasme par sa floraison durable de mai \u00e0 septembre et convient parfaitement aux endroits ensoleill\u00e9s. Avec une hauteur de croissance d'environ 80 cm, elle est parfaitement mise en valeur aussi bien dans les bordures mixtes que dans les parterres de fleurs et les grands bacs \u00e0 plantes sur la terrasse ou le balcon. Son feuillage vert filigrane et ses remarquables fleurs violettes n'attirent pas seulement le regard de l'homme, mais offrent \u00e9galement une pr\u00e9cieuse source de nourriture \u00e0 de nombreux insectes. Cette plante saisonni\u00e8re pr\u00e9f\u00e8re un sol perm\u00e9able, a besoin d'un arrosage mod\u00e9r\u00e9 et marque des points gr\u00e2ce \u00e0 sa provenance de 100 % production suisse - un plus pour la qualit\u00e9 et la durabilit\u00e9.<\/p>\n<p>Hauteur : 80 cm<br \/>\nTaille du pot : pot de 16<br \/>\nR\u00e9sistance au froid : pas de r\u00e9sistance au froid<br \/>\nLumi\u00e8re : ensoleill\u00e9e<br \/>\nP\u00e9riode de floraison : de mai \u00e0 septembre<br \/>\nSol : perm\u00e9able<\/p>","protected":false},"excerpt":{"rendered":"<p>Kosmee \u201aCasanova Violett\u2018 - plante saisonni\u00e8re aux fleurs violettes<\/p>","protected":false},"featured_media":41045,"template":"","meta":[],"product_brand":[],"product_cat":[109,34,41],"product_tag":[299],"woo-feed-brand":[],"class_list":{"0":"post-41046","1":"product","2":"type-product","3":"status-publish","4":"has-post-thumbnail","6":"product_cat-saisonale-pflanzen","7":"product_cat-garten-balkon","8":"product_cat-outdoorpflanzen","9":"product_tag-santispracht","11":"first","12":"instock","13":"taxable","14":"shipping-taxable","15":"purchasable","16":"product-type-simple"},"_links":{"self":[{"href":"https:\/\/www.fleurop-home.ch\/fr-ch\/wp-json\/wp\/v2\/product\/41046","targetHints":{"allow":["GET"]}}],"collection":[{"href":"https:\/\/www.fleurop-home.ch\/fr-ch\/wp-json\/wp\/v2\/product"}],"about":[{"href":"https:\/\/www.fleurop-home.ch\/fr-ch\/wp-json\/wp\/v2\/types\/product"}],"wp:featuredmedia":[{"embeddable":true,"href":"https:\/\/www.fleurop-home.ch\/fr-ch\/wp-json\/wp\/v2\/media\/41045"}],"wp:attachment":[{"href":"https:\/\/www.fleurop-home.ch\/fr-ch\/wp-json\/wp\/v2\/media?parent=41046"}],"wp:term":[{"taxonomy":"product_brand","embeddable":true,"href":"https:\/\/www.fleurop-home.ch\/fr-ch\/wp-json\/wp\/v2\/product_brand?post=41046"},{"taxonomy":"product_cat","embeddable":true,"href":"https:\/\/www.fleurop-home.ch\/fr-ch\/wp-json\/wp\/v2\/product_cat?post=41046"},{"taxonomy":"product_tag","embeddable":true,"href":"https:\/\/www.fleurop-home.ch\/fr-ch\/wp-json\/wp\/v2\/product_tag?post=41046"},{"taxonomy":"woo-feed-brand","embeddable":true,"href":"https:\/\/www.fleurop-home.ch\/fr-ch\/wp-json\/wp\/v2\/woo-feed-brand?post=41046"}],"curies":[{"name":"wp","href":"https:\/\/api.w.org\/{rel}","templated":true}]}}