{"id":41043,"date":"2024-09-19T15:13:33","date_gmt":"2024-09-19T13:13:33","guid":{"rendered":"https:\/\/www.fleurop-home.ch\/de-ch\/p\/kosmee-cosmos-bipinnatus-2-stueck"},"modified":"2026-04-30T09:17:02","modified_gmt":"2026-04-30T07:17:02","slug":"-360","status":"publish","type":"product","link":"https:\/\/www.fleurop-home.ch\/fr-ch\/p\/kosmee-cosmos-bipinnatus-3","title":{"rendered":"Cosmos - Cosmos bipinnatus"},"content":{"rendered":"<p>Avec ses feuilles finement penn\u00e9es et ses fleurs rose p\u00e2le, la cosmos Casanova Pink apporte un jeu de couleurs vives dans ton jardin ou sur ton balcon de mai \u00e0 septembre. En tant que plante saisonni\u00e8re, elle convient particuli\u00e8rement bien aux endroits ensoleill\u00e9s et pr\u00e9f\u00e8re un sol perm\u00e9able et l\u00e9g\u00e8rement riche en nutriments. Gr\u00e2ce \u00e0 son besoin mod\u00e9r\u00e9 en eau, elle est facile \u00e0 entretenir. Ses fleurs sont tr\u00e8s appr\u00e9ci\u00e9es des insectes et contribuent ainsi \u00e0 la promotion de la biodiversit\u00e9. Avec sa qualit\u00e9 suisse et sa floraison fiable, ce cosmos est un accroche-regard estival pour chaque composition de plantes.<\/p>\n<p>Hauteur : 80 cm<br \/>\nTaille du pot : pot de 16<br \/>\nR\u00e9sistance au froid : pas de r\u00e9sistance au froid<br \/>\nLumi\u00e8re : ensoleill\u00e9e<br \/>\nP\u00e9riode de floraison : de mai \u00e0 septembre<br \/>\nSol : perm\u00e9able<\/p>","protected":false},"excerpt":{"rendered":"<p>Kosmee Casanova Pink - Plante saisonni\u00e8re pour les endroits ensoleill\u00e9s<\/p>","protected":false},"featured_media":34128,"template":"","meta":[],"product_brand":[],"product_cat":[109,34,41],"product_tag":[299],"woo-feed-brand":[],"class_list":{"0":"post-41043","1":"product","2":"type-product","3":"status-publish","4":"has-post-thumbnail","6":"product_cat-saisonale-pflanzen","7":"product_cat-garten-balkon","8":"product_cat-outdoorpflanzen","9":"product_tag-santispracht","11":"first","12":"instock","13":"taxable","14":"shipping-taxable","15":"purchasable","16":"product-type-simple"},"_links":{"self":[{"href":"https:\/\/www.fleurop-home.ch\/fr-ch\/wp-json\/wp\/v2\/product\/41043","targetHints":{"allow":["GET"]}}],"collection":[{"href":"https:\/\/www.fleurop-home.ch\/fr-ch\/wp-json\/wp\/v2\/product"}],"about":[{"href":"https:\/\/www.fleurop-home.ch\/fr-ch\/wp-json\/wp\/v2\/types\/product"}],"wp:featuredmedia":[{"embeddable":true,"href":"https:\/\/www.fleurop-home.ch\/fr-ch\/wp-json\/wp\/v2\/media\/34128"}],"wp:attachment":[{"href":"https:\/\/www.fleurop-home.ch\/fr-ch\/wp-json\/wp\/v2\/media?parent=41043"}],"wp:term":[{"taxonomy":"product_brand","embeddable":true,"href":"https:\/\/www.fleurop-home.ch\/fr-ch\/wp-json\/wp\/v2\/product_brand?post=41043"},{"taxonomy":"product_cat","embeddable":true,"href":"https:\/\/www.fleurop-home.ch\/fr-ch\/wp-json\/wp\/v2\/product_cat?post=41043"},{"taxonomy":"product_tag","embeddable":true,"href":"https:\/\/www.fleurop-home.ch\/fr-ch\/wp-json\/wp\/v2\/product_tag?post=41043"},{"taxonomy":"woo-feed-brand","embeddable":true,"href":"https:\/\/www.fleurop-home.ch\/fr-ch\/wp-json\/wp\/v2\/woo-feed-brand?post=41043"}],"curies":[{"name":"wp","href":"https:\/\/api.w.org\/{rel}","templated":true}]}}