{"id":41032,"date":"2024-09-19T15:13:30","date_gmt":"2024-09-19T13:13:30","guid":{"rendered":"https:\/\/www.fleurop-home.ch\/de-ch\/p\/maigloeckchen-convallaria-majalis-3-stueck"},"modified":"2026-04-17T09:19:58","modified_gmt":"2026-04-17T07:19:58","slug":"maigloeckchen-convallaria-majalis","status":"publish","type":"product","link":"https:\/\/www.fleurop-home.ch\/fr-ch\/p\/maigloeckchen-convallaria-majalis","title":{"rendered":"Maigl\u00f6ckchen &#8211; Convallaria majalis"},"content":{"rendered":"<p>Das altbekannte Maigl\u00f6ckchen, Convallaria majalis, ist eine rhizombildende Staude, die besonders f\u00fcr schattige Gartenbereiche und den Geh\u00f6lzrand geeignet ist. Mit einer Wuchsh\u00f6he von rund 20 cm und einer Bl\u00fctezeit von April bis Mai entfaltet diese Gartenpflanze ihre zarten, weissen Bl\u00fctenglocken in durchl\u00e4ssigem, frischem Boden. Der Wasserbedarf ist m\u00e4ssig, sodass auch halbschattige bis schattige Lagen optimal genutzt werden k\u00f6nnen. Dank ihrer Winterh\u00e4rte kann das Maigl\u00f6ckchen zuverl\u00e4ssig Jahr f\u00fcr Jahr im Garten verbleiben und sorgt f\u00fcr eine nat\u00fcrliche, zeitlose Bl\u00fctenpracht \u2013 selbstverst\u00e4ndlich aus 100 % Schweizer Produktion und mit Suisse Garantie.<\/p>\n<p>Hauteur : 20 cm<br \/>\nTaille du pot : pot de 14<br \/>\nR\u00e9sistance au froid : r\u00e9sistant au froid<br \/>\nLumi\u00e8re : ombrag\u00e9e<br \/>\nP\u00e9riode de floraison : avril \u00e0 mai<br \/>\nSol : perm\u00e9able<\/p>","protected":false},"excerpt":{"rendered":"<p>Maigl\u00f6ckchen Convallaria majalis im 14er Topf \u2013 weiss bl\u00fchende Staude aus Schweizer Produktion<\/p>","protected":false},"featured_media":77526,"template":"","meta":[],"product_brand":[],"product_cat":[109,34,41],"product_tag":[299],"woo-feed-brand":[],"class_list":{"0":"post-41032","1":"product","2":"type-product","3":"status-publish","4":"has-post-thumbnail","6":"product_cat-saisonale-pflanzen","7":"product_cat-garten-balkon","8":"product_cat-outdoorpflanzen","9":"product_tag-santispracht","11":"first","12":"instock","13":"taxable","14":"shipping-taxable","15":"purchasable","16":"product-type-simple"},"_links":{"self":[{"href":"https:\/\/www.fleurop-home.ch\/fr-ch\/wp-json\/wp\/v2\/product\/41032","targetHints":{"allow":["GET"]}}],"collection":[{"href":"https:\/\/www.fleurop-home.ch\/fr-ch\/wp-json\/wp\/v2\/product"}],"about":[{"href":"https:\/\/www.fleurop-home.ch\/fr-ch\/wp-json\/wp\/v2\/types\/product"}],"wp:featuredmedia":[{"embeddable":true,"href":"https:\/\/www.fleurop-home.ch\/fr-ch\/wp-json\/wp\/v2\/media\/77526"}],"wp:attachment":[{"href":"https:\/\/www.fleurop-home.ch\/fr-ch\/wp-json\/wp\/v2\/media?parent=41032"}],"wp:term":[{"taxonomy":"product_brand","embeddable":true,"href":"https:\/\/www.fleurop-home.ch\/fr-ch\/wp-json\/wp\/v2\/product_brand?post=41032"},{"taxonomy":"product_cat","embeddable":true,"href":"https:\/\/www.fleurop-home.ch\/fr-ch\/wp-json\/wp\/v2\/product_cat?post=41032"},{"taxonomy":"product_tag","embeddable":true,"href":"https:\/\/www.fleurop-home.ch\/fr-ch\/wp-json\/wp\/v2\/product_tag?post=41032"},{"taxonomy":"woo-feed-brand","embeddable":true,"href":"https:\/\/www.fleurop-home.ch\/fr-ch\/wp-json\/wp\/v2\/woo-feed-brand?post=41032"}],"curies":[{"name":"wp","href":"https:\/\/api.w.org\/{rel}","templated":true}]}}