{"id":40880,"date":"2024-09-19T15:12:39","date_gmt":"2024-09-19T13:12:39","guid":{"rendered":"https:\/\/www.fleurop-home.ch\/de-ch\/p\/zittergras-briza-media-2-stueck"},"modified":"2026-04-30T09:24:52","modified_gmt":"2026-04-30T07:24:52","slug":"herbe-tremblante-briza-media","status":"publish","type":"product","link":"https:\/\/www.fleurop-home.ch\/fr-ch\/p\/zittergras-briza-media","title":{"rendered":"Herbe tremblante - Briza media"},"content":{"rendered":"<p>Briza media Tinkerbell est une herbe ornementale formant des rhizomes, id\u00e9ale pour cr\u00e9er des accents discrets et anim\u00e9s dans les massifs ou les bacs. Avec une hauteur d'environ 60 cm et ses \u00e9pis tremblants caract\u00e9ristiques, elle cr\u00e9e des moments de jardinage proches de la nature. L'herbe pr\u00e9f\u00e8re les endroits ensoleill\u00e9s et un sol perm\u00e9able et mod\u00e9r\u00e9ment humide. Sa r\u00e9sistance \u00e0 l'hiver lui permet de survivre aux saisons froides. La production et la culture se font enti\u00e8rement en Suisse selon les normes Suisse Garantie - pour un plaisir durable avec une v\u00e9ritable splendeur florale issue de la force primaire.<\/p>\n<p>Hauteur : 60 cm<br \/>\nTaille du pot : pot de 16<br \/>\nR\u00e9sistance au froid : r\u00e9sistant au froid<br \/>\nLumi\u00e8re : ensoleill\u00e9e<br \/>\nP\u00e9riode de floraison : juin \u00e0 juillet<br \/>\nSol : perm\u00e9able<\/p>","protected":false},"excerpt":{"rendered":"<p>Herbe tremblante F\u00e9e Clochette - herbe d\u00e9corative robuste de production suisse<\/p>","protected":false},"featured_media":78043,"template":"","meta":[],"product_brand":[],"product_cat":[109,34,41],"product_tag":[299],"woo-feed-brand":[],"class_list":{"0":"post-40880","1":"product","2":"type-product","3":"status-publish","4":"has-post-thumbnail","6":"product_cat-saisonale-pflanzen","7":"product_cat-garten-balkon","8":"product_cat-outdoorpflanzen","9":"product_tag-santispracht","11":"first","12":"instock","13":"taxable","14":"shipping-taxable","15":"purchasable","16":"product-type-simple"},"_links":{"self":[{"href":"https:\/\/www.fleurop-home.ch\/fr-ch\/wp-json\/wp\/v2\/product\/40880","targetHints":{"allow":["GET"]}}],"collection":[{"href":"https:\/\/www.fleurop-home.ch\/fr-ch\/wp-json\/wp\/v2\/product"}],"about":[{"href":"https:\/\/www.fleurop-home.ch\/fr-ch\/wp-json\/wp\/v2\/types\/product"}],"wp:featuredmedia":[{"embeddable":true,"href":"https:\/\/www.fleurop-home.ch\/fr-ch\/wp-json\/wp\/v2\/media\/78043"}],"wp:attachment":[{"href":"https:\/\/www.fleurop-home.ch\/fr-ch\/wp-json\/wp\/v2\/media?parent=40880"}],"wp:term":[{"taxonomy":"product_brand","embeddable":true,"href":"https:\/\/www.fleurop-home.ch\/fr-ch\/wp-json\/wp\/v2\/product_brand?post=40880"},{"taxonomy":"product_cat","embeddable":true,"href":"https:\/\/www.fleurop-home.ch\/fr-ch\/wp-json\/wp\/v2\/product_cat?post=40880"},{"taxonomy":"product_tag","embeddable":true,"href":"https:\/\/www.fleurop-home.ch\/fr-ch\/wp-json\/wp\/v2\/product_tag?post=40880"},{"taxonomy":"woo-feed-brand","embeddable":true,"href":"https:\/\/www.fleurop-home.ch\/fr-ch\/wp-json\/wp\/v2\/woo-feed-brand?post=40880"}],"curies":[{"name":"wp","href":"https:\/\/api.w.org\/{rel}","templated":true}]}}