{"id":40787,"date":"2024-09-19T15:12:10","date_gmt":"2024-09-19T13:12:10","guid":{"rendered":"https:\/\/www.fleurop-home.ch\/de-ch\/p\/goldaster-asteriscus-maritimus-4-stueck"},"modified":"2026-04-17T09:41:08","modified_gmt":"2026-04-17T07:41:08","slug":"aster-dore-asteriscus-maritimus","status":"publish","type":"product","link":"https:\/\/www.fleurop-home.ch\/fr-ch\/p\/goldaster-asteriscus-maritimus","title":{"rendered":"Asterisque dor\u00e9 - Asteriscus maritimus"},"content":{"rendered":"<p>Mit seinen goldgelben Bl\u00fcten setzt der Goldtaler Aurelia Gold sonnige Akzente von Mai bis Oktober. Diese Saisonpflanze w\u00e4chst kompakt und bildet dichte Teppiche, die sich perfekt f\u00fcr Gef\u00e4sse, als Beetumrandung oder in Gruppenbepflanzungen eignen. Besonders sch\u00e4tzen Insekten diesen Sommerflor als reichhaltige Nahrungsquelle. Der Standort sollte sonnig gew\u00e4hlt werden, der Boden locker und gut durchl\u00e4ssig. Eine m\u00e4ssige Wasserversorgung gen\u00fcgt, Staun\u00e4sse sollte vermieden werden. Produziert in der Schweiz mit Suisse Garantie \u2013 f\u00fcr naturnahe Freude auf Balkon, Terrasse oder im Garten.<\/p>\n<p>Hauteur : 15 cm<br \/>\nTaille du pot : pot de 12<br \/>\nR\u00e9sistance au froid : pas de r\u00e9sistance au froid<br \/>\nLumi\u00e8re : ensoleill\u00e9e<br \/>\nP\u00e9riode de floraison : de mai \u00e0 octobre<br \/>\nSol : perm\u00e9able<br \/>\nbon pour les insectes<\/p>","protected":false},"excerpt":{"rendered":"<p>Goldtaler Aurelia Gold \u2013 gelber Saisonflor f\u00fcr sonnige Pl\u00e4tze<\/p>","protected":false},"featured_media":40784,"template":"","meta":[],"product_brand":[],"product_cat":[109,34,41],"product_tag":[299],"woo-feed-brand":[],"class_list":{"0":"post-40787","1":"product","2":"type-product","3":"status-publish","4":"has-post-thumbnail","6":"product_cat-saisonale-pflanzen","7":"product_cat-garten-balkon","8":"product_cat-outdoorpflanzen","9":"product_tag-santispracht","11":"first","12":"instock","13":"taxable","14":"shipping-taxable","15":"purchasable","16":"product-type-simple"},"_links":{"self":[{"href":"https:\/\/www.fleurop-home.ch\/fr-ch\/wp-json\/wp\/v2\/product\/40787","targetHints":{"allow":["GET"]}}],"collection":[{"href":"https:\/\/www.fleurop-home.ch\/fr-ch\/wp-json\/wp\/v2\/product"}],"about":[{"href":"https:\/\/www.fleurop-home.ch\/fr-ch\/wp-json\/wp\/v2\/types\/product"}],"wp:featuredmedia":[{"embeddable":true,"href":"https:\/\/www.fleurop-home.ch\/fr-ch\/wp-json\/wp\/v2\/media\/40784"}],"wp:attachment":[{"href":"https:\/\/www.fleurop-home.ch\/fr-ch\/wp-json\/wp\/v2\/media?parent=40787"}],"wp:term":[{"taxonomy":"product_brand","embeddable":true,"href":"https:\/\/www.fleurop-home.ch\/fr-ch\/wp-json\/wp\/v2\/product_brand?post=40787"},{"taxonomy":"product_cat","embeddable":true,"href":"https:\/\/www.fleurop-home.ch\/fr-ch\/wp-json\/wp\/v2\/product_cat?post=40787"},{"taxonomy":"product_tag","embeddable":true,"href":"https:\/\/www.fleurop-home.ch\/fr-ch\/wp-json\/wp\/v2\/product_tag?post=40787"},{"taxonomy":"woo-feed-brand","embeddable":true,"href":"https:\/\/www.fleurop-home.ch\/fr-ch\/wp-json\/wp\/v2\/woo-feed-brand?post=40787"}],"curies":[{"name":"wp","href":"https:\/\/api.w.org\/{rel}","templated":true}]}}