{"id":40733,"date":"2024-09-19T15:11:53","date_gmt":"2024-09-19T13:11:53","guid":{"rendered":"https:\/\/www.fleurop-home.ch\/de-ch\/p\/berg-sandkraut-arenaria-montana-6-stueck"},"modified":"2026-05-05T09:21:56","modified_gmt":"2026-05-05T07:21:56","slug":"berg-sandkraut-arenaria-montana","status":"publish","type":"product","link":"https:\/\/www.fleurop-home.ch\/fr-ch\/p\/berg-sandkraut-arenaria-montana","title":{"rendered":"Berg-Sandkraut &#8211; Arenaria montana"},"content":{"rendered":"<p>Das Berg-Sandkraut Mont blanc \u00fcberzeugt als polsterbildender, winterharter Bodendecker, der Steinanlagen und durchl\u00e4ssige, eher trockene Standorte versch\u00f6nert. Diese Staude bildet dichte, wintergr\u00fcne Polster und pr\u00e4sentiert von Mai bis Juli zahlreiche reinweisse Bl\u00fcten. Ideale Entwicklung zeigt das Berg-Sandkraut an sonnigen Pl\u00e4tzen mit durchl\u00e4ssigem Boden sowie geringer Wassergabe. Die robuste Pflanze aus 100 % Schweizer Produktion bereichert nicht nur das Gartenbild, sondern bietet Bienen und anderen Insekten eine wertvolle Nahrungsquelle. Dank ihrer Herkunft mit Suisse Garantie steht sie f\u00fcr naturnahe Blumenpracht aus Urkraft.<\/p>\n<p>Hauteur : 5 cm<br \/>\nTaille du pot : pot de 10,5 cm<br \/>\nR\u00e9sistance au froid : r\u00e9sistant au froid<br \/>\nLumi\u00e8re : ensoleill\u00e9e<br \/>\nP\u00e9riode de floraison : mai \u00e0 juillet<br \/>\nSol : perm\u00e9able<br \/>\nBon pour les insectes<\/p>","protected":false},"excerpt":{"rendered":"<p>Berg-Sandkraut Mont blanc \u2013 winterharter Bodendecker f\u00fcr sonnige Steing\u00e4rten<\/p>","protected":false},"featured_media":55604,"template":"","meta":[],"product_brand":[],"product_cat":[109,34,41],"product_tag":[299],"woo-feed-brand":[],"class_list":{"0":"post-40733","1":"product","2":"type-product","3":"status-publish","4":"has-post-thumbnail","6":"product_cat-saisonale-pflanzen","7":"product_cat-garten-balkon","8":"product_cat-outdoorpflanzen","9":"product_tag-santispracht","11":"first","12":"instock","13":"taxable","14":"shipping-taxable","15":"purchasable","16":"product-type-simple"},"_links":{"self":[{"href":"https:\/\/www.fleurop-home.ch\/fr-ch\/wp-json\/wp\/v2\/product\/40733","targetHints":{"allow":["GET"]}}],"collection":[{"href":"https:\/\/www.fleurop-home.ch\/fr-ch\/wp-json\/wp\/v2\/product"}],"about":[{"href":"https:\/\/www.fleurop-home.ch\/fr-ch\/wp-json\/wp\/v2\/types\/product"}],"wp:featuredmedia":[{"embeddable":true,"href":"https:\/\/www.fleurop-home.ch\/fr-ch\/wp-json\/wp\/v2\/media\/55604"}],"wp:attachment":[{"href":"https:\/\/www.fleurop-home.ch\/fr-ch\/wp-json\/wp\/v2\/media?parent=40733"}],"wp:term":[{"taxonomy":"product_brand","embeddable":true,"href":"https:\/\/www.fleurop-home.ch\/fr-ch\/wp-json\/wp\/v2\/product_brand?post=40733"},{"taxonomy":"product_cat","embeddable":true,"href":"https:\/\/www.fleurop-home.ch\/fr-ch\/wp-json\/wp\/v2\/product_cat?post=40733"},{"taxonomy":"product_tag","embeddable":true,"href":"https:\/\/www.fleurop-home.ch\/fr-ch\/wp-json\/wp\/v2\/product_tag?post=40733"},{"taxonomy":"woo-feed-brand","embeddable":true,"href":"https:\/\/www.fleurop-home.ch\/fr-ch\/wp-json\/wp\/v2\/woo-feed-brand?post=40733"}],"curies":[{"name":"wp","href":"https:\/\/api.w.org\/{rel}","templated":true}]}}