{"id":40480,"date":"2024-09-13T08:45:05","date_gmt":"2024-09-13T06:45:05","guid":{"rendered":"https:\/\/www.fleurop-home.ch\/de-ch\/?post_type=product&#038;p=40480"},"modified":"2026-04-01T16:09:40","modified_gmt":"2026-04-01T14:09:40","slug":"tsueri-mini-box-8-sauces","status":"publish","type":"product","link":"https:\/\/www.fleurop-home.ch\/fr-ch\/p\/tsueri-mini-box-8-saucen","title":{"rendered":"TS\u00dcRI Mini Box - 8 sauces"},"content":{"rendered":"<p><strong>Mini bo\u00eete TS\u00dcRI - cadeau parfait ou set d'essai<\/strong><\/p>\n<p>\"Huit petites sauces ts\u00fcri align\u00e9es tout pr\u00e8s les unes des autres.<\/p>\n<p>Du sucr\u00e9 au piquant,<\/p>\n<p>De la viande au poisson,<\/p>\n<p>tu ne peux pas r\u00e9sister\".<\/p>\n<p>Un peu de tout et le meilleur de tout. Nous te souhaitons beaucoup de plaisir \u00e0 go\u00fbter et \"en Guete\".<\/p>\n<p><strong>Contenu :<\/strong><\/p>\n<p>No.1 Original 37ml, No.2 Habanero Chili 3ml, No.3 Steak-Pepper 37ml, No.4 Mexicain 37ml, Chimichurri 37ml, Ketchup Classique 37ml, Ketchup Curry 37ml et Ketchup BBQ 37ml<\/p>\n<p>Dur\u00e9e de conservation minimale d'environ 1 an \u00e0 partir de la livraison.<\/p>","protected":false},"excerpt":{"rendered":"<p>TS\u00dcRI Mini Box - 8 sauces<\/p>","protected":false},"featured_media":40481,"template":"","meta":[],"product_brand":[],"product_cat":[111,1002,1023,797,984,993,1208,999,909,915,42,885,52,1225,53],"product_tag":[292],"woo-feed-brand":[],"class_list":{"0":"post-40480","1":"product","2":"type-product","3":"status-publish","4":"has-post-thumbnail","6":"product_cat-saucen","7":"product_cat-fuer-ihn","8":"product_cat-fuer-mama","9":"product_cat-muttertag","10":"product_cat-silvester","11":"product_cat-silvestergeschenke","12":"product_cat-ueber-25-chf","13":"product_cat-valentinstag","14":"product_cat-weihnachten","15":"product_cat-wichteln","16":"product_cat-kueche","17":"product_cat-koestlichkeiten","18":"product_cat-geschenke","19":"product_cat-genuss","20":"product_cat-geschenksets","21":"product_tag-tsuri-group-gmbh","23":"first","24":"instock","25":"taxable","26":"shipping-taxable","27":"purchasable","28":"product-type-simple"},"_links":{"self":[{"href":"https:\/\/www.fleurop-home.ch\/fr-ch\/wp-json\/wp\/v2\/product\/40480","targetHints":{"allow":["GET"]}}],"collection":[{"href":"https:\/\/www.fleurop-home.ch\/fr-ch\/wp-json\/wp\/v2\/product"}],"about":[{"href":"https:\/\/www.fleurop-home.ch\/fr-ch\/wp-json\/wp\/v2\/types\/product"}],"wp:featuredmedia":[{"embeddable":true,"href":"https:\/\/www.fleurop-home.ch\/fr-ch\/wp-json\/wp\/v2\/media\/40481"}],"wp:attachment":[{"href":"https:\/\/www.fleurop-home.ch\/fr-ch\/wp-json\/wp\/v2\/media?parent=40480"}],"wp:term":[{"taxonomy":"product_brand","embeddable":true,"href":"https:\/\/www.fleurop-home.ch\/fr-ch\/wp-json\/wp\/v2\/product_brand?post=40480"},{"taxonomy":"product_cat","embeddable":true,"href":"https:\/\/www.fleurop-home.ch\/fr-ch\/wp-json\/wp\/v2\/product_cat?post=40480"},{"taxonomy":"product_tag","embeddable":true,"href":"https:\/\/www.fleurop-home.ch\/fr-ch\/wp-json\/wp\/v2\/product_tag?post=40480"},{"taxonomy":"woo-feed-brand","embeddable":true,"href":"https:\/\/www.fleurop-home.ch\/fr-ch\/wp-json\/wp\/v2\/woo-feed-brand?post=40480"}],"curies":[{"name":"wp","href":"https:\/\/api.w.org\/{rel}","templated":true}]}}