{"id":40467,"date":"2024-09-12T09:51:28","date_gmt":"2024-09-12T07:51:28","guid":{"rendered":"https:\/\/www.fleurop-home.ch\/de-ch\/?post_type=product&#038;p=40467"},"modified":"2025-07-22T08:44:02","modified_gmt":"2025-07-22T06:44:02","slug":"tsueri-negroni-500ml","status":"publish","type":"product","link":"https:\/\/www.fleurop-home.ch\/fr-ch\/p\/tsueri-negroni-500ml","title":{"rendered":"TS\u00dcRI NEGRONI 500ml"},"content":{"rendered":"<p>Negroni, un classique, intemporel et \u00e9l\u00e9gant ap\u00e9ritif !<\/p>\n<p>Zurich en une gorg\u00e9e : profite des ar\u00f4mes et des nuances que cette cr\u00e9ation exclusive a \u00e0 offrir. Le Ts\u00fcri Negroni est plus qu'une boisson - c'est un voyage \u00e0 travers les rues, les places et la culture de Zurich, captur\u00e9 dans un verre styl\u00e9. Cheers !<\/p>\n<p>Pour un plaisir Negroni parfait : sur de la glace et d\u00e9core avec un zeste d'orange.<\/p>\n<p>Ingr\u00e9dients : TS\u00dcRI gin, absinthe am\u00e8re et rouge de Suisse<\/p>\n<p>Teneur en alcool : 28%<\/p>","protected":false},"excerpt":{"rendered":"<p>TS\u00dcRI NEGRONI 500ml<\/p>","protected":false},"featured_media":40468,"template":"","meta":[],"product_brand":[],"product_cat":[115,995,1002,1090,910,984,999,1088,909,916,42,885,52,54],"product_tag":[147,292],"woo-feed-brand":[],"class_list":{"0":"post-40467","1":"product","2":"type-product","3":"status-publish","4":"has-post-thumbnail","6":"product_cat-spirituosen","7":"product_cat-essen-trinken","8":"product_cat-fuer-ihn","9":"product_cat-geniesser","10":"product_cat-geschenkideen","11":"product_cat-silvester","12":"product_cat-valentinstag","13":"product_cat-vatertag","14":"product_cat-weihnachten","15":"product_cat-praesente","16":"product_cat-kueche","17":"product_cat-koestlichkeiten","18":"product_cat-geschenke","19":"product_cat-feinkost","20":"product_tag-alkohol","21":"product_tag-tsuri-group-gmbh","23":"first","24":"instock","25":"taxable","26":"shipping-taxable","27":"purchasable","28":"product-type-simple"},"_links":{"self":[{"href":"https:\/\/www.fleurop-home.ch\/fr-ch\/wp-json\/wp\/v2\/product\/40467","targetHints":{"allow":["GET"]}}],"collection":[{"href":"https:\/\/www.fleurop-home.ch\/fr-ch\/wp-json\/wp\/v2\/product"}],"about":[{"href":"https:\/\/www.fleurop-home.ch\/fr-ch\/wp-json\/wp\/v2\/types\/product"}],"wp:featuredmedia":[{"embeddable":true,"href":"https:\/\/www.fleurop-home.ch\/fr-ch\/wp-json\/wp\/v2\/media\/40468"}],"wp:attachment":[{"href":"https:\/\/www.fleurop-home.ch\/fr-ch\/wp-json\/wp\/v2\/media?parent=40467"}],"wp:term":[{"taxonomy":"product_brand","embeddable":true,"href":"https:\/\/www.fleurop-home.ch\/fr-ch\/wp-json\/wp\/v2\/product_brand?post=40467"},{"taxonomy":"product_cat","embeddable":true,"href":"https:\/\/www.fleurop-home.ch\/fr-ch\/wp-json\/wp\/v2\/product_cat?post=40467"},{"taxonomy":"product_tag","embeddable":true,"href":"https:\/\/www.fleurop-home.ch\/fr-ch\/wp-json\/wp\/v2\/product_tag?post=40467"},{"taxonomy":"woo-feed-brand","embeddable":true,"href":"https:\/\/www.fleurop-home.ch\/fr-ch\/wp-json\/wp\/v2\/woo-feed-brand?post=40467"}],"curies":[{"name":"wp","href":"https:\/\/api.w.org\/{rel}","templated":true}]}}