{"id":40465,"date":"2024-09-12T09:49:48","date_gmt":"2024-09-12T07:49:48","guid":{"rendered":"https:\/\/www.fleurop-home.ch\/de-ch\/?post_type=product&#038;p=40465"},"modified":"2025-12-10T09:51:22","modified_gmt":"2025-12-10T08:51:22","slug":"tsueri-oil-habanero-chili","status":"publish","type":"product","link":"https:\/\/www.fleurop-home.ch\/fr-ch\/p\/tsueri-oil-habanero-chili","title":{"rendered":"TS\u00dcRI OIL - HABANERO CHILI"},"content":{"rendered":"<p>Go\u00fbt et piquant ind\u00e9niables du Habanero marin\u00e9s dans une tr\u00e8s bonne huile d'olive extra vierge. Nous nous procurons l'huile chez Olive et Huile.<\/p>\n<p><strong>Ingr\u00e9dients<\/strong><\/p>\n<p>Huile d'olive extra vierge<br \/>\nPiment Habanero<\/p>\n<p><strong>Valeurs nutritives<\/strong><\/p>\n<p>Quantit\u00e9 pour 100 grammes<\/p>\n<p>Calories 900 kcal<br \/>\nTeneur en graisse 100 g<br \/>\nGlucides 0 g<br \/>\nProt\u00e9ines 0 g<br \/>\nSel 0 g<\/p>\n<p><strong>Sans gluten | Sans lactose<\/strong><\/p>\n<p><strong>Utilisation<\/strong><br \/>\nPour les p\u00e2tes, les pizzas, les soupes et tous les plats qui supportent un peu de piquant.<\/p>\n<p><strong>Contenu<\/strong><br \/>\n100 ml<\/p>\n<p><strong>La dur\u00e9e de vie :<\/strong> Environ 1 an.<\/p>","protected":false},"excerpt":{"rendered":"<p>TS\u00dcRI OIL - HABANERO CHILI<\/p>","protected":false},"featured_media":40466,"template":"","meta":[],"product_brand":[],"product_cat":[111,995,910,1091,984,1207,1088,909,915,42,885,52,54],"product_tag":[292],"woo-feed-brand":[],"class_list":{"0":"post-40465","1":"product","2":"type-product","3":"status-publish","4":"has-post-thumbnail","6":"product_cat-saucen","7":"product_cat-essen-trinken","8":"product_cat-geschenkideen","9":"product_cat-hobbykoch","10":"product_cat-silvester","11":"product_cat-unter-25-chf","12":"product_cat-vatertag","13":"product_cat-weihnachten","14":"product_cat-wichteln","15":"product_cat-kueche","16":"product_cat-koestlichkeiten","17":"product_cat-geschenke","18":"product_cat-feinkost","19":"product_tag-tsuri-group-gmbh","21":"first","22":"instock","23":"taxable","24":"shipping-taxable","25":"purchasable","26":"product-type-simple"},"_links":{"self":[{"href":"https:\/\/www.fleurop-home.ch\/fr-ch\/wp-json\/wp\/v2\/product\/40465","targetHints":{"allow":["GET"]}}],"collection":[{"href":"https:\/\/www.fleurop-home.ch\/fr-ch\/wp-json\/wp\/v2\/product"}],"about":[{"href":"https:\/\/www.fleurop-home.ch\/fr-ch\/wp-json\/wp\/v2\/types\/product"}],"wp:featuredmedia":[{"embeddable":true,"href":"https:\/\/www.fleurop-home.ch\/fr-ch\/wp-json\/wp\/v2\/media\/40466"}],"wp:attachment":[{"href":"https:\/\/www.fleurop-home.ch\/fr-ch\/wp-json\/wp\/v2\/media?parent=40465"}],"wp:term":[{"taxonomy":"product_brand","embeddable":true,"href":"https:\/\/www.fleurop-home.ch\/fr-ch\/wp-json\/wp\/v2\/product_brand?post=40465"},{"taxonomy":"product_cat","embeddable":true,"href":"https:\/\/www.fleurop-home.ch\/fr-ch\/wp-json\/wp\/v2\/product_cat?post=40465"},{"taxonomy":"product_tag","embeddable":true,"href":"https:\/\/www.fleurop-home.ch\/fr-ch\/wp-json\/wp\/v2\/product_tag?post=40465"},{"taxonomy":"woo-feed-brand","embeddable":true,"href":"https:\/\/www.fleurop-home.ch\/fr-ch\/wp-json\/wp\/v2\/woo-feed-brand?post=40465"}],"curies":[{"name":"wp","href":"https:\/\/api.w.org\/{rel}","templated":true}]}}