{"id":40463,"date":"2024-09-12T09:46:51","date_gmt":"2024-09-12T07:46:51","guid":{"rendered":"https:\/\/www.fleurop-home.ch\/de-ch\/?post_type=product&#038;p=40463"},"modified":"2025-11-04T15:10:32","modified_gmt":"2025-11-04T14:10:32","slug":"cafe-a-lhuile-de-tsueri","status":"publish","type":"product","link":"https:\/\/www.fleurop-home.ch\/fr-ch\/p\/tsueri-oil-kaffee","title":{"rendered":"TS\u00dcRI OIL - CAF\u00c9"},"content":{"rendered":"<p>Un ar\u00f4me de caf\u00e9 tr\u00e8s fin et un bon go\u00fbt d'huile d'olive.<\/p>\n<p><strong>Ingr\u00e9dients<\/strong><\/p>\n<p>Huile d'olive extra vierge<br \/>\nCaf\u00e9 arabica en grains<\/p>\n<p><strong>Valeurs nutritives<\/strong><\/p>\n<p>Quantit\u00e9 pour 100 grammes<\/p>\n<p>Calories 900 kcal<br \/>\nTeneur en graisse 100 g<br \/>\nGlucides 0 g<br \/>\nProt\u00e9ines 0 g<br \/>\nSel 0 g<\/p>\n<p><strong>Sans gluten | Sans lactose<\/strong><\/p>\n<p>100% Caf\u00e9 arabica en grains d'Am\u00e9rique du Sud, torr\u00e9faction des grains dans les Grisons<\/p>\n<p><strong>Utilisation<\/strong><br \/>\nLa meilleure utilisation est \u00e0 la fin 2-3 gouttes sur le plat de viande fini, le rago\u00fbt ou les grillades. Parfait sur une glace \u00e0 la fin ou avec des baies marin\u00e9es. Compl\u00e8te le plat avec une note de caf\u00e9 frais.<\/p>\n<p><strong>Contenu<\/strong><br \/>\n100 ml<\/p>\n<p><strong>La dur\u00e9e de vie :<\/strong> Environ 1 an.<\/p>","protected":false},"excerpt":{"rendered":"<p>TS\u00dcRI OIL - CAF\u00c9<\/p>","protected":false},"featured_media":40464,"template":"","meta":[],"product_brand":[],"product_cat":[111,910,1091,1207,1088,909,915,42,885,52,54],"product_tag":[292],"woo-feed-brand":[],"class_list":{"0":"post-40463","1":"product","2":"type-product","3":"status-publish","4":"has-post-thumbnail","6":"product_cat-saucen","7":"product_cat-geschenkideen","8":"product_cat-hobbykoch","9":"product_cat-unter-25-chf","10":"product_cat-vatertag","11":"product_cat-weihnachten","12":"product_cat-wichteln","13":"product_cat-kueche","14":"product_cat-koestlichkeiten","15":"product_cat-geschenke","16":"product_cat-feinkost","17":"product_tag-tsuri-group-gmbh","19":"first","20":"instock","21":"taxable","22":"shipping-taxable","23":"purchasable","24":"product-type-simple"},"_links":{"self":[{"href":"https:\/\/www.fleurop-home.ch\/fr-ch\/wp-json\/wp\/v2\/product\/40463","targetHints":{"allow":["GET"]}}],"collection":[{"href":"https:\/\/www.fleurop-home.ch\/fr-ch\/wp-json\/wp\/v2\/product"}],"about":[{"href":"https:\/\/www.fleurop-home.ch\/fr-ch\/wp-json\/wp\/v2\/types\/product"}],"wp:featuredmedia":[{"embeddable":true,"href":"https:\/\/www.fleurop-home.ch\/fr-ch\/wp-json\/wp\/v2\/media\/40464"}],"wp:attachment":[{"href":"https:\/\/www.fleurop-home.ch\/fr-ch\/wp-json\/wp\/v2\/media?parent=40463"}],"wp:term":[{"taxonomy":"product_brand","embeddable":true,"href":"https:\/\/www.fleurop-home.ch\/fr-ch\/wp-json\/wp\/v2\/product_brand?post=40463"},{"taxonomy":"product_cat","embeddable":true,"href":"https:\/\/www.fleurop-home.ch\/fr-ch\/wp-json\/wp\/v2\/product_cat?post=40463"},{"taxonomy":"product_tag","embeddable":true,"href":"https:\/\/www.fleurop-home.ch\/fr-ch\/wp-json\/wp\/v2\/product_tag?post=40463"},{"taxonomy":"woo-feed-brand","embeddable":true,"href":"https:\/\/www.fleurop-home.ch\/fr-ch\/wp-json\/wp\/v2\/woo-feed-brand?post=40463"}],"curies":[{"name":"wp","href":"https:\/\/api.w.org\/{rel}","templated":true}]}}