{"id":40459,"date":"2024-09-12T09:14:45","date_gmt":"2024-09-12T07:14:45","guid":{"rendered":"https:\/\/www.fleurop-home.ch\/de-ch\/?post_type=product&#038;p=40459"},"modified":"2025-11-04T15:09:43","modified_gmt":"2025-11-04T14:09:43","slug":"tsueri-chimichurri-110ml","status":"publish","type":"product","link":"https:\/\/www.fleurop-home.ch\/fr-ch\/p\/tsueri-chimichurri-110ml","title":{"rendered":"TS\u00dcRI CHIMICHURRI 110ml"},"content":{"rendered":"<p>La sauce argentine aux herbes est un \"must have\" pour accompagner les steaks !<\/p>\n<p>L'utilisation de tomates s\u00e9ch\u00e9es donne \u00e0 ce chimichurri son go\u00fbt sp\u00e9cial \"umami\", ce qui le rend particuli\u00e8rement excitant.<\/p>\n<p>Nous recommandons le Chimichurri B\u00e4rengasse avec du roastbeef, des steaks, du filet, de la fondue chinoise, du BBQ, du poisson et des fruits de mer.<\/p>\n<p>Ingr\u00e9dients : Persil, origan, piment, ail, huile de tournesol CH, tomates s\u00e9ch\u00e9es, vinaigre balsamique, sel.<\/p>\n<p>Dur\u00e9e de conservation : environ 1 an, \u00e0 conserver au frais apr\u00e8s ouverture.<\/p>","protected":false},"excerpt":{"rendered":"<p>TS\u00dcRI CHIMICHURRI 110ml<\/p>","protected":false},"featured_media":40460,"template":"","meta":[],"product_brand":[],"product_cat":[111,910,1091,1207,1088,909,915,42,885,52,54],"product_tag":[292],"woo-feed-brand":[],"class_list":{"0":"post-40459","1":"product","2":"type-product","3":"status-publish","4":"has-post-thumbnail","6":"product_cat-saucen","7":"product_cat-geschenkideen","8":"product_cat-hobbykoch","9":"product_cat-unter-25-chf","10":"product_cat-vatertag","11":"product_cat-weihnachten","12":"product_cat-wichteln","13":"product_cat-kueche","14":"product_cat-koestlichkeiten","15":"product_cat-geschenke","16":"product_cat-feinkost","17":"product_tag-tsuri-group-gmbh","19":"first","20":"instock","21":"taxable","22":"shipping-taxable","23":"purchasable","24":"product-type-simple"},"_links":{"self":[{"href":"https:\/\/www.fleurop-home.ch\/fr-ch\/wp-json\/wp\/v2\/product\/40459","targetHints":{"allow":["GET"]}}],"collection":[{"href":"https:\/\/www.fleurop-home.ch\/fr-ch\/wp-json\/wp\/v2\/product"}],"about":[{"href":"https:\/\/www.fleurop-home.ch\/fr-ch\/wp-json\/wp\/v2\/types\/product"}],"wp:featuredmedia":[{"embeddable":true,"href":"https:\/\/www.fleurop-home.ch\/fr-ch\/wp-json\/wp\/v2\/media\/40460"}],"wp:attachment":[{"href":"https:\/\/www.fleurop-home.ch\/fr-ch\/wp-json\/wp\/v2\/media?parent=40459"}],"wp:term":[{"taxonomy":"product_brand","embeddable":true,"href":"https:\/\/www.fleurop-home.ch\/fr-ch\/wp-json\/wp\/v2\/product_brand?post=40459"},{"taxonomy":"product_cat","embeddable":true,"href":"https:\/\/www.fleurop-home.ch\/fr-ch\/wp-json\/wp\/v2\/product_cat?post=40459"},{"taxonomy":"product_tag","embeddable":true,"href":"https:\/\/www.fleurop-home.ch\/fr-ch\/wp-json\/wp\/v2\/product_tag?post=40459"},{"taxonomy":"woo-feed-brand","embeddable":true,"href":"https:\/\/www.fleurop-home.ch\/fr-ch\/wp-json\/wp\/v2\/woo-feed-brand?post=40459"}],"curies":[{"name":"wp","href":"https:\/\/api.w.org\/{rel}","templated":true}]}}