{"id":40417,"date":"2024-09-11T08:04:38","date_gmt":"2024-09-11T06:04:38","guid":{"rendered":"https:\/\/www.fleurop-home.ch\/?post_type=product&#038;p=40417"},"modified":"2025-05-07T11:20:02","modified_gmt":"2025-05-07T09:20:02","slug":"prosecco-rose-albino-armani-doc-75cl","status":"publish","type":"product","link":"https:\/\/www.fleurop-home.ch\/fr-ch\/p\/prosecco-rose-albino-armani-doc-75cl","title":{"rendered":"Prosecco ros\u00e9 Albino Armani DOC 75cl"},"content":{"rendered":"<p>Le Prosecco Ros\u00e9 est cultiv\u00e9 dans la r\u00e9gion du Frioul, au nord-est de l'Italie, o\u00f9 se trouve la zone de production typique du Prosecco Ros\u00e9 DOC. Ce vin distingu\u00e9 est cultiv\u00e9 par la famille Armani, qui a plus de 400 ans d'exp\u00e9rience dans la viticulture.<\/p>\n<p>Il combine agr\u00e9ablement l'\u00e9lan vif et fruit\u00e9 du c\u00e9page Glera avec la pr\u00e9cieuse contribution du Pinot Noir. Le r\u00e9sultat est un vin mousseux \u00e9l\u00e9gant et raffin\u00e9 qui se combine avec de nombreux plats, des entr\u00e9es aux plats de p\u00e2tes l\u00e9gers, en passant par le risotto aux l\u00e9gumes, la soupe de poisson, les viandes blanches, les champignons frits et les fromages frais et moyennement affin\u00e9s.<\/p>\n<table width=\"522\">\n<tbody>\n<tr>\n<td width=\"522\"><strong>Informations sur les valeurs nutritives<\/strong><\/td>\n<\/tr>\n<tr>\n<td>Alcool 10.55% vol, glucose - fructose 12,56 g\/l, acidit\u00e9 totale 5,55 g\/l, pH 3.17, acide sulfureux libre 39 mg\/l, soufre total 160 mg\/l<\/td>\n<\/tr>\n<tr>\n<td><strong>Conseils pour les personnes allergiques<\/strong><\/td>\n<\/tr>\n<tr>\n<td>Sulfites<\/td>\n<\/tr>\n<tr>\n<td><strong>Pays d'origine<\/strong><\/td>\n<\/tr>\n<tr>\n<td>Italie, Alta Grave Friulana<\/td>\n<\/tr>\n<tr>\n<td><strong>C\u00e9page(s)<\/strong><\/td>\n<\/tr>\n<tr>\n<td>Glera \/ Pinot noir<\/td>\n<\/tr>\n<tr>\n<td><strong>Teneur en alcool<\/strong><\/td>\n<\/tr>\n<tr>\n<td>11.0% vol<\/td>\n<\/tr>\n<\/tbody>\n<\/table>\n<p style=\"text-align: left;\"><strong>Il s'agit d'un produit \"Fleurop Edition\".<\/strong><\/p>","protected":false},"excerpt":{"rendered":"<p>Prosecco Ros\u00e9 DOC Extra Dry Millesimato (75cl) d'Albino Armani DOC dans une \u00e9l\u00e9gante bo\u00eete cadeau<\/p>","protected":false},"featured_media":44825,"template":"","meta":[],"product_brand":[],"product_cat":[115,1022,995,1003,910,797,1019,1018,984,999,909,916,42,885,52,54],"product_tag":[147,282],"woo-feed-brand":[],"class_list":{"0":"post-40417","1":"product","2":"type-product","3":"status-publish","4":"has-post-thumbnail","6":"product_cat-spirituosen","7":"product_cat-brunch","8":"product_cat-essen-trinken","9":"product_cat-fuer-sie","10":"product_cat-geschenkideen","11":"product_cat-muttertag","12":"product_cat-osterbrunch","13":"product_cat-ostern","14":"product_cat-silvester","15":"product_cat-valentinstag","16":"product_cat-weihnachten","17":"product_cat-praesente","18":"product_cat-kueche","19":"product_cat-koestlichkeiten","20":"product_cat-geschenke","21":"product_cat-feinkost","22":"product_tag-alkohol","23":"product_tag-fleurop-interflora","25":"first","26":"instock","27":"taxable","28":"shipping-taxable","29":"purchasable","30":"product-type-simple"},"_links":{"self":[{"href":"https:\/\/www.fleurop-home.ch\/fr-ch\/wp-json\/wp\/v2\/product\/40417","targetHints":{"allow":["GET"]}}],"collection":[{"href":"https:\/\/www.fleurop-home.ch\/fr-ch\/wp-json\/wp\/v2\/product"}],"about":[{"href":"https:\/\/www.fleurop-home.ch\/fr-ch\/wp-json\/wp\/v2\/types\/product"}],"wp:featuredmedia":[{"embeddable":true,"href":"https:\/\/www.fleurop-home.ch\/fr-ch\/wp-json\/wp\/v2\/media\/44825"}],"wp:attachment":[{"href":"https:\/\/www.fleurop-home.ch\/fr-ch\/wp-json\/wp\/v2\/media?parent=40417"}],"wp:term":[{"taxonomy":"product_brand","embeddable":true,"href":"https:\/\/www.fleurop-home.ch\/fr-ch\/wp-json\/wp\/v2\/product_brand?post=40417"},{"taxonomy":"product_cat","embeddable":true,"href":"https:\/\/www.fleurop-home.ch\/fr-ch\/wp-json\/wp\/v2\/product_cat?post=40417"},{"taxonomy":"product_tag","embeddable":true,"href":"https:\/\/www.fleurop-home.ch\/fr-ch\/wp-json\/wp\/v2\/product_tag?post=40417"},{"taxonomy":"woo-feed-brand","embeddable":true,"href":"https:\/\/www.fleurop-home.ch\/fr-ch\/wp-json\/wp\/v2\/woo-feed-brand?post=40417"}],"curies":[{"name":"wp","href":"https:\/\/api.w.org\/{rel}","templated":true}]}}