{"id":40124,"date":"2025-12-02T11:36:34","date_gmt":"2025-12-02T10:36:34","guid":{"rendered":"https:\/\/www.fleurop-home.ch\/?post_type=product&#038;p=40124"},"modified":"2026-03-05T07:24:10","modified_gmt":"2026-03-05T06:24:10","slug":"carte-cadeau-chf-100-de-fortyseven-wellness-therme","status":"publish","type":"product","link":"https:\/\/www.fleurop-home.ch\/fr-ch\/p\/geschenkkarte-chf-100-der-fortyseven-wellness-therme","title":{"rendered":"Carte cadeau de 100 CHF des thermes bien-\u00eatre FORTYSEVEN"},"content":{"rendered":"<p>Le spa moderne FORTYSEVEN \u00e0 Baden est synonyme de d\u00e9tente, de plaisir et de bien-\u00eatre \u00e0 l'\u00e9tat pur. C'est l'endroit parfait pour se laisser aller, s'offrir un massage et tout simplement laisser son esprit vagabonder.<\/p>\n<p>La carte cadeau peut \u00eatre utilis\u00e9e pour tous les services des thermes bien-\u00eatre FORTYSEVEN et est valable 10 ans.<\/p>","protected":false},"excerpt":{"rendered":"<p>Carte cadeau de 100 CHF des thermes bien-\u00eatre FORTYSEVEN<\/p>","protected":false},"featured_media":40122,"template":"","meta":[],"product_brand":[],"product_cat":[57,1088,1092,52],"product_tag":[282],"woo-feed-brand":[],"class_list":{"0":"post-40124","1":"product","2":"type-product","3":"status-publish","4":"has-post-thumbnail","6":"product_cat-geschenkkarten","7":"product_cat-vatertag","8":"product_cat-wohlfuehltyp","9":"product_cat-geschenke","10":"product_tag-fleurop-interflora","12":"first","13":"instock","14":"taxable","15":"shipping-taxable","16":"purchasable","17":"product-type-simple"},"_links":{"self":[{"href":"https:\/\/www.fleurop-home.ch\/fr-ch\/wp-json\/wp\/v2\/product\/40124","targetHints":{"allow":["GET"]}}],"collection":[{"href":"https:\/\/www.fleurop-home.ch\/fr-ch\/wp-json\/wp\/v2\/product"}],"about":[{"href":"https:\/\/www.fleurop-home.ch\/fr-ch\/wp-json\/wp\/v2\/types\/product"}],"wp:featuredmedia":[{"embeddable":true,"href":"https:\/\/www.fleurop-home.ch\/fr-ch\/wp-json\/wp\/v2\/media\/40122"}],"wp:attachment":[{"href":"https:\/\/www.fleurop-home.ch\/fr-ch\/wp-json\/wp\/v2\/media?parent=40124"}],"wp:term":[{"taxonomy":"product_brand","embeddable":true,"href":"https:\/\/www.fleurop-home.ch\/fr-ch\/wp-json\/wp\/v2\/product_brand?post=40124"},{"taxonomy":"product_cat","embeddable":true,"href":"https:\/\/www.fleurop-home.ch\/fr-ch\/wp-json\/wp\/v2\/product_cat?post=40124"},{"taxonomy":"product_tag","embeddable":true,"href":"https:\/\/www.fleurop-home.ch\/fr-ch\/wp-json\/wp\/v2\/product_tag?post=40124"},{"taxonomy":"woo-feed-brand","embeddable":true,"href":"https:\/\/www.fleurop-home.ch\/fr-ch\/wp-json\/wp\/v2\/woo-feed-brand?post=40124"}],"curies":[{"name":"wp","href":"https:\/\/api.w.org\/{rel}","templated":true}]}}