{"id":39924,"date":"2024-08-23T20:33:50","date_gmt":"2024-08-23T18:33:50","guid":{"rendered":"https:\/\/www.fleurop-home.ch\/de-ch\/?post_type=product&#038;p=39924"},"modified":"2026-04-20T15:32:43","modified_gmt":"2026-04-20T13:32:43","slug":"set-cadeau-amour-2","status":"publish","type":"product","link":"https:\/\/www.fleurop-home.ch\/fr-ch\/p\/geschenkset-liebe-2","title":{"rendered":"Set cadeau \"Amour"},"content":{"rendered":"<div class=\"woocommerce-product-details__short-description\">\n<p style=\"text-align: left\">y compris une bo\u00eete cadeau \u00e9l\u00e9gante noire mate avec l'inscription \"Meh als nur \u00e4 Gsch\u00e4nk\" s\u00e9rigraphi\u00e9e<br \/>\nc\u0153ur en bois inclus<br \/>\navec insert en carton<\/p>\n<p style=\"text-align: left\">Set cadeau \"Amour\", compos\u00e9 de<br \/>\nBougie de massage<br \/>\nBougie parfum\u00e9e You and Me avec le parfum Cosy Home<br \/>\nBain du bonheur au parfum de citronnelle 200ml<\/p>\n<\/div>","protected":false},"excerpt":{"rendered":"<p>Set cadeau \"Amour\", compos\u00e9 de<br \/>\nBougie de massage<br \/>\nBougie parfum\u00e9e You and Me avec le parfum Cosy Home<br \/>\nBain du bonheur au parfum de citronnelle 200ml<\/p>","protected":false},"featured_media":38795,"template":"","meta":[],"product_brand":[],"product_cat":[53,23,116,28,52,1223,1224],"product_tag":[313],"woo-feed-brand":[],"class_list":{"0":"post-39924","1":"product","2":"type-product","3":"status-publish","4":"has-post-thumbnail","6":"product_cat-geschenksets","7":"product_cat-home-living","8":"product_cat-spruchkerzen","9":"product_cat-kerzen-lichter","10":"product_cat-geschenke","11":"product_cat-anlaesse","12":"product_cat-beauty-wellness","13":"product_tag-chruterei-klg","15":"first","16":"instock","17":"taxable","18":"shipping-taxable","19":"purchasable","20":"product-type-simple"},"_links":{"self":[{"href":"https:\/\/www.fleurop-home.ch\/fr-ch\/wp-json\/wp\/v2\/product\/39924","targetHints":{"allow":["GET"]}}],"collection":[{"href":"https:\/\/www.fleurop-home.ch\/fr-ch\/wp-json\/wp\/v2\/product"}],"about":[{"href":"https:\/\/www.fleurop-home.ch\/fr-ch\/wp-json\/wp\/v2\/types\/product"}],"wp:featuredmedia":[{"embeddable":true,"href":"https:\/\/www.fleurop-home.ch\/fr-ch\/wp-json\/wp\/v2\/media\/38795"}],"wp:attachment":[{"href":"https:\/\/www.fleurop-home.ch\/fr-ch\/wp-json\/wp\/v2\/media?parent=39924"}],"wp:term":[{"taxonomy":"product_brand","embeddable":true,"href":"https:\/\/www.fleurop-home.ch\/fr-ch\/wp-json\/wp\/v2\/product_brand?post=39924"},{"taxonomy":"product_cat","embeddable":true,"href":"https:\/\/www.fleurop-home.ch\/fr-ch\/wp-json\/wp\/v2\/product_cat?post=39924"},{"taxonomy":"product_tag","embeddable":true,"href":"https:\/\/www.fleurop-home.ch\/fr-ch\/wp-json\/wp\/v2\/product_tag?post=39924"},{"taxonomy":"woo-feed-brand","embeddable":true,"href":"https:\/\/www.fleurop-home.ch\/fr-ch\/wp-json\/wp\/v2\/woo-feed-brand?post=39924"}],"curies":[{"name":"wp","href":"https:\/\/api.w.org\/{rel}","templated":true}]}}