{"id":38832,"date":"2024-08-18T14:06:44","date_gmt":"2024-08-18T12:06:44","guid":{"rendered":"https:\/\/www.fleurop-home.ch\/de-ch\/?post_type=product&#038;p=38832"},"modified":"2026-02-05T13:37:10","modified_gmt":"2026-02-05T12:37:10","slug":"set-cadeau-fete-des-peres","status":"publish","type":"product","link":"https:\/\/www.fleurop-home.ch\/fr-ch\/p\/geschenkset-vatertag","title":{"rendered":"Set cadeau \"F\u00eate des p\u00e8res"},"content":{"rendered":"<div class=\"woocommerce-product-details__short-description\">\n<p style=\"text-align: left\">y compris une bo\u00eete cadeau \u00e9l\u00e9gante noire mate avec l'inscription \"Meh als nur \u00e4 Gsch\u00e4nk\" s\u00e9rigraphi\u00e9e<br \/>\nc\u0153ur en bois inclus<br \/>\navec insert en carton<\/p>\n<p style=\"text-align: left\">Set cadeau \"F\u00eate des p\u00e8res\", compos\u00e9 de<br \/>\nSirop de gingembre et de citron 200ml<br \/>\nBougie parfum\u00e9e Bescht\u00e4 Papi<br \/>\nBain du bonheur au parfum de citronnelle 200ml<\/p>\n<\/div>","protected":false},"excerpt":{"rendered":"<p>Set cadeau \"F\u00eate des p\u00e8res\" avec sirop, bougie et bain de bonheur<\/p>","protected":false},"featured_media":38833,"template":"","meta":[],"product_brand":[],"product_cat":[116,23,28,52,1223,53],"product_tag":[313],"woo-feed-brand":[],"class_list":{"0":"post-38832","1":"product","2":"type-product","3":"status-publish","4":"has-post-thumbnail","6":"product_cat-spruchkerzen","7":"product_cat-home-living","8":"product_cat-kerzen-lichter","9":"product_cat-geschenke","10":"product_cat-anlaesse","11":"product_cat-geschenksets","12":"product_tag-chruterei-klg","14":"first","15":"instock","16":"taxable","17":"shipping-taxable","18":"purchasable","19":"product-type-simple"},"_links":{"self":[{"href":"https:\/\/www.fleurop-home.ch\/fr-ch\/wp-json\/wp\/v2\/product\/38832","targetHints":{"allow":["GET"]}}],"collection":[{"href":"https:\/\/www.fleurop-home.ch\/fr-ch\/wp-json\/wp\/v2\/product"}],"about":[{"href":"https:\/\/www.fleurop-home.ch\/fr-ch\/wp-json\/wp\/v2\/types\/product"}],"wp:featuredmedia":[{"embeddable":true,"href":"https:\/\/www.fleurop-home.ch\/fr-ch\/wp-json\/wp\/v2\/media\/38833"}],"wp:attachment":[{"href":"https:\/\/www.fleurop-home.ch\/fr-ch\/wp-json\/wp\/v2\/media?parent=38832"}],"wp:term":[{"taxonomy":"product_brand","embeddable":true,"href":"https:\/\/www.fleurop-home.ch\/fr-ch\/wp-json\/wp\/v2\/product_brand?post=38832"},{"taxonomy":"product_cat","embeddable":true,"href":"https:\/\/www.fleurop-home.ch\/fr-ch\/wp-json\/wp\/v2\/product_cat?post=38832"},{"taxonomy":"product_tag","embeddable":true,"href":"https:\/\/www.fleurop-home.ch\/fr-ch\/wp-json\/wp\/v2\/product_tag?post=38832"},{"taxonomy":"woo-feed-brand","embeddable":true,"href":"https:\/\/www.fleurop-home.ch\/fr-ch\/wp-json\/wp\/v2\/woo-feed-brand?post=38832"}],"curies":[{"name":"wp","href":"https:\/\/api.w.org\/{rel}","templated":true}]}}