{"id":38831,"date":"2024-08-18T14:00:34","date_gmt":"2024-08-18T12:00:34","guid":{"rendered":"https:\/\/www.fleurop-home.ch\/de-ch\/?post_type=product&#038;p=38831"},"modified":"2026-04-20T15:32:43","modified_gmt":"2026-04-20T13:32:43","slug":"set-cadeau-fete-des-meres","status":"publish","type":"product","link":"https:\/\/www.fleurop-home.ch\/fr-ch\/p\/geschenkset-muttertag","title":{"rendered":"Set Cadeau \"F\u00eate des M\u00e8res\""},"content":{"rendered":"<div class=\"woocommerce-product-details__short-description\">\n<p style=\"text-align: left\">y compris une bo\u00eete cadeau \u00e9l\u00e9gante noire mate avec l'inscription \"Meh als nur \u00e4 Gsch\u00e4nk\" s\u00e9rigraphi\u00e9e<br \/>\nc\u0153ur en bois inclus<br \/>\navec insert en carton<\/p>\n<p style=\"text-align: left\">Set cadeau \"F\u00eate des m\u00e8res\", compos\u00e9 de<br \/>\nSirop de gingembre et de citron 200ml<br \/>\nMerci maman bougie parfum\u00e9e Cosy Home<br \/>\nBain du bonheur au parfum de citronnelle 200ml<\/p>\n<\/div>","protected":false},"excerpt":{"rendered":"<p>Set cadeau \"F\u00eate des m\u00e8res\" avec sirop, bougie et bain de bonheur<\/p>","protected":false},"featured_media":38798,"template":"","meta":[],"product_brand":[],"product_cat":[116,23,1023,797,28,52,1223,1224,53],"product_tag":[313],"woo-feed-brand":[],"class_list":{"0":"post-38831","1":"product","2":"type-product","3":"status-publish","4":"has-post-thumbnail","6":"product_cat-spruchkerzen","7":"product_cat-home-living","8":"product_cat-fuer-mama","9":"product_cat-muttertag","10":"product_cat-kerzen-lichter","11":"product_cat-geschenke","12":"product_cat-anlaesse","13":"product_cat-beauty-wellness","14":"product_cat-geschenksets","15":"product_tag-chruterei-klg","17":"first","18":"instock","19":"taxable","20":"shipping-taxable","21":"purchasable","22":"product-type-simple"},"_links":{"self":[{"href":"https:\/\/www.fleurop-home.ch\/fr-ch\/wp-json\/wp\/v2\/product\/38831","targetHints":{"allow":["GET"]}}],"collection":[{"href":"https:\/\/www.fleurop-home.ch\/fr-ch\/wp-json\/wp\/v2\/product"}],"about":[{"href":"https:\/\/www.fleurop-home.ch\/fr-ch\/wp-json\/wp\/v2\/types\/product"}],"wp:featuredmedia":[{"embeddable":true,"href":"https:\/\/www.fleurop-home.ch\/fr-ch\/wp-json\/wp\/v2\/media\/38798"}],"wp:attachment":[{"href":"https:\/\/www.fleurop-home.ch\/fr-ch\/wp-json\/wp\/v2\/media?parent=38831"}],"wp:term":[{"taxonomy":"product_brand","embeddable":true,"href":"https:\/\/www.fleurop-home.ch\/fr-ch\/wp-json\/wp\/v2\/product_brand?post=38831"},{"taxonomy":"product_cat","embeddable":true,"href":"https:\/\/www.fleurop-home.ch\/fr-ch\/wp-json\/wp\/v2\/product_cat?post=38831"},{"taxonomy":"product_tag","embeddable":true,"href":"https:\/\/www.fleurop-home.ch\/fr-ch\/wp-json\/wp\/v2\/product_tag?post=38831"},{"taxonomy":"woo-feed-brand","embeddable":true,"href":"https:\/\/www.fleurop-home.ch\/fr-ch\/wp-json\/wp\/v2\/woo-feed-brand?post=38831"}],"curies":[{"name":"wp","href":"https:\/\/api.w.org\/{rel}","templated":true}]}}