{"id":38829,"date":"2024-08-18T13:54:46","date_gmt":"2024-08-18T11:54:46","guid":{"rendered":"https:\/\/www.fleurop-home.ch\/de-ch\/?post_type=product&#038;p=38829"},"modified":"2026-02-05T13:37:11","modified_gmt":"2026-02-05T12:37:11","slug":"set-cadeau-de-noel","status":"publish","type":"product","link":"https:\/\/www.fleurop-home.ch\/fr-ch\/p\/geschenkset-weihnachten","title":{"rendered":"Set cadeau \"No\u00ebl"},"content":{"rendered":"<div class=\"woocommerce-product-details__short-description\">\n<p style=\"text-align: left\">y compris une bo\u00eete cadeau \u00e9l\u00e9gante noire mate avec l'inscription \"Meh als nur \u00e4 Gsch\u00e4nk\" s\u00e9rigraphi\u00e9e<br \/>\nc\u0153ur en bois inclus<br \/>\navec insert en carton<\/p>\n<p style=\"text-align: left\">Set cadeau \"No\u00ebl\", compos\u00e9 de<br \/>\nSirop de gingembre et de citron 200ml<br \/>\nJoyeux No\u00ebl Bougie Parfum\u00e9e avec le parfum Cosy Home<br \/>\nBain du bonheur au parfum de citronnelle 200ml<\/p>\n<\/div>","protected":false},"excerpt":{"rendered":"<p>Set cadeau \"No\u00ebl\", compos\u00e9 de<br \/>\nSirop de gingembre et de citron 200ml<br \/>\nJoyeux No\u00ebl Bougie Parfum\u00e9e avec le parfum Cosy Home<br \/>\nBain du bonheur au parfum de citronnelle 200ml<\/p>","protected":false},"featured_media":38800,"template":"","meta":[],"product_brand":[],"product_cat":[116,23,909,28,916,52,1223,53],"product_tag":[313],"woo-feed-brand":[],"class_list":{"0":"post-38829","1":"product","2":"type-product","3":"status-publish","4":"has-post-thumbnail","6":"product_cat-spruchkerzen","7":"product_cat-home-living","8":"product_cat-weihnachten","9":"product_cat-kerzen-lichter","10":"product_cat-praesente","11":"product_cat-geschenke","12":"product_cat-anlaesse","13":"product_cat-geschenksets","14":"product_tag-chruterei-klg","16":"first","17":"instock","18":"taxable","19":"shipping-taxable","20":"purchasable","21":"product-type-simple"},"_links":{"self":[{"href":"https:\/\/www.fleurop-home.ch\/fr-ch\/wp-json\/wp\/v2\/product\/38829","targetHints":{"allow":["GET"]}}],"collection":[{"href":"https:\/\/www.fleurop-home.ch\/fr-ch\/wp-json\/wp\/v2\/product"}],"about":[{"href":"https:\/\/www.fleurop-home.ch\/fr-ch\/wp-json\/wp\/v2\/types\/product"}],"wp:featuredmedia":[{"embeddable":true,"href":"https:\/\/www.fleurop-home.ch\/fr-ch\/wp-json\/wp\/v2\/media\/38800"}],"wp:attachment":[{"href":"https:\/\/www.fleurop-home.ch\/fr-ch\/wp-json\/wp\/v2\/media?parent=38829"}],"wp:term":[{"taxonomy":"product_brand","embeddable":true,"href":"https:\/\/www.fleurop-home.ch\/fr-ch\/wp-json\/wp\/v2\/product_brand?post=38829"},{"taxonomy":"product_cat","embeddable":true,"href":"https:\/\/www.fleurop-home.ch\/fr-ch\/wp-json\/wp\/v2\/product_cat?post=38829"},{"taxonomy":"product_tag","embeddable":true,"href":"https:\/\/www.fleurop-home.ch\/fr-ch\/wp-json\/wp\/v2\/product_tag?post=38829"},{"taxonomy":"woo-feed-brand","embeddable":true,"href":"https:\/\/www.fleurop-home.ch\/fr-ch\/wp-json\/wp\/v2\/woo-feed-brand?post=38829"}],"curies":[{"name":"wp","href":"https:\/\/api.w.org\/{rel}","templated":true}]}}