{"id":37533,"date":"2024-08-07T08:46:34","date_gmt":"2024-08-07T06:46:34","guid":{"rendered":"https:\/\/www.fleurop-home.ch\/de-ch\/?post_type=product&#038;p=37533"},"modified":"2026-05-06T16:16:50","modified_gmt":"2026-05-06T14:16:50","slug":"chaussettes-de-sneakers-flower-power-navy","status":"publish","type":"product","link":"https:\/\/www.fleurop-home.ch\/fr-ch\/p\/flower-power-navy-sneakersocks","title":{"rendered":"Chaussettes de sneakers Flower Power Navy"},"content":{"rendered":"<p>Les chaussettes de sneakers Flower Power Navy te donneront le sourire chaque matin.<\/p>\n<p>80% coton, 17% polyamide, 3% \u00e9lasthanne<\/p>","protected":false},"excerpt":{"rendered":"<p>ManyMornings - Chaussettes color\u00e9es d\u00e9pareill\u00e9es<\/p>","protected":false},"featured_media":37538,"template":"","meta":[],"product_brand":[],"product_cat":[56,1023,797,52],"product_tag":[1274,298],"woo-feed-brand":[],"class_list":{"0":"post-37533","1":"product","2":"type-product","3":"status-publish","4":"has-post-thumbnail","6":"product_cat-bunte-socken","7":"product_cat-fuer-mama","8":"product_cat-muttertag","9":"product_cat-geschenke","10":"product_tag-pos","11":"product_tag-sportagon-gmbh","13":"first","14":"instock","15":"taxable","16":"shipping-taxable","17":"purchasable","18":"product-type-variable"},"_links":{"self":[{"href":"https:\/\/www.fleurop-home.ch\/fr-ch\/wp-json\/wp\/v2\/product\/37533","targetHints":{"allow":["GET"]}}],"collection":[{"href":"https:\/\/www.fleurop-home.ch\/fr-ch\/wp-json\/wp\/v2\/product"}],"about":[{"href":"https:\/\/www.fleurop-home.ch\/fr-ch\/wp-json\/wp\/v2\/types\/product"}],"wp:featuredmedia":[{"embeddable":true,"href":"https:\/\/www.fleurop-home.ch\/fr-ch\/wp-json\/wp\/v2\/media\/37538"}],"wp:attachment":[{"href":"https:\/\/www.fleurop-home.ch\/fr-ch\/wp-json\/wp\/v2\/media?parent=37533"}],"wp:term":[{"taxonomy":"product_brand","embeddable":true,"href":"https:\/\/www.fleurop-home.ch\/fr-ch\/wp-json\/wp\/v2\/product_brand?post=37533"},{"taxonomy":"product_cat","embeddable":true,"href":"https:\/\/www.fleurop-home.ch\/fr-ch\/wp-json\/wp\/v2\/product_cat?post=37533"},{"taxonomy":"product_tag","embeddable":true,"href":"https:\/\/www.fleurop-home.ch\/fr-ch\/wp-json\/wp\/v2\/product_tag?post=37533"},{"taxonomy":"woo-feed-brand","embeddable":true,"href":"https:\/\/www.fleurop-home.ch\/fr-ch\/wp-json\/wp\/v2\/woo-feed-brand?post=37533"}],"curies":[{"name":"wp","href":"https:\/\/api.w.org\/{rel}","templated":true}]}}