{"id":37428,"date":"2024-08-06T11:54:07","date_gmt":"2024-08-06T09:54:07","guid":{"rendered":"https:\/\/www.fleurop-home.ch\/de-ch\/?post_type=product&#038;p=37428"},"modified":"2025-11-04T14:18:27","modified_gmt":"2025-11-04T13:18:27","slug":"chocolate-time-socks","status":"publish","type":"product","link":"https:\/\/www.fleurop-home.ch\/fr-ch\/p\/chocolate-time-socks","title":{"rendered":"Chaussettes Chocolate Time"},"content":{"rendered":"<p style=\"text-align: left;\">Les chaussettes Chocolate Time mettent un sourire sur ton visage chaque matin.<\/p>\n<p style=\"text-align: left;\">80% coton, 17% polyamide, 3% \u00e9lasthanne<\/p>","protected":false},"excerpt":{"rendered":"<p>ManyMornings - Chaussettes color\u00e9es d\u00e9pareill\u00e9es<\/p>","protected":false},"featured_media":37432,"template":"","meta":[],"product_brand":[],"product_cat":[56,910,1207,1088,909,1092,915,52],"product_tag":[298],"woo-feed-brand":[],"class_list":{"0":"post-37428","1":"product","2":"type-product","3":"status-publish","4":"has-post-thumbnail","6":"product_cat-bunte-socken","7":"product_cat-geschenkideen","8":"product_cat-unter-25-chf","9":"product_cat-vatertag","10":"product_cat-weihnachten","11":"product_cat-wohlfuehltyp","12":"product_cat-wichteln","13":"product_cat-geschenke","14":"product_tag-sportagon-gmbh","16":"first","17":"instock","18":"taxable","19":"shipping-taxable","20":"purchasable","21":"product-type-variable"},"_links":{"self":[{"href":"https:\/\/www.fleurop-home.ch\/fr-ch\/wp-json\/wp\/v2\/product\/37428","targetHints":{"allow":["GET"]}}],"collection":[{"href":"https:\/\/www.fleurop-home.ch\/fr-ch\/wp-json\/wp\/v2\/product"}],"about":[{"href":"https:\/\/www.fleurop-home.ch\/fr-ch\/wp-json\/wp\/v2\/types\/product"}],"wp:featuredmedia":[{"embeddable":true,"href":"https:\/\/www.fleurop-home.ch\/fr-ch\/wp-json\/wp\/v2\/media\/37432"}],"wp:attachment":[{"href":"https:\/\/www.fleurop-home.ch\/fr-ch\/wp-json\/wp\/v2\/media?parent=37428"}],"wp:term":[{"taxonomy":"product_brand","embeddable":true,"href":"https:\/\/www.fleurop-home.ch\/fr-ch\/wp-json\/wp\/v2\/product_brand?post=37428"},{"taxonomy":"product_cat","embeddable":true,"href":"https:\/\/www.fleurop-home.ch\/fr-ch\/wp-json\/wp\/v2\/product_cat?post=37428"},{"taxonomy":"product_tag","embeddable":true,"href":"https:\/\/www.fleurop-home.ch\/fr-ch\/wp-json\/wp\/v2\/product_tag?post=37428"},{"taxonomy":"woo-feed-brand","embeddable":true,"href":"https:\/\/www.fleurop-home.ch\/fr-ch\/wp-json\/wp\/v2\/woo-feed-brand?post=37428"}],"curies":[{"name":"wp","href":"https:\/\/api.w.org\/{rel}","templated":true}]}}