{"id":37315,"date":"2024-07-24T15:53:55","date_gmt":"2024-07-24T13:53:55","guid":{"rendered":"https:\/\/www.fleurop-home.ch\/de-ch\/?post_type=product&#038;p=37315"},"modified":"2026-04-22T09:56:05","modified_gmt":"2026-04-22T07:56:05","slug":"chaussettes-pour-enfants-playful-cat","status":"publish","type":"product","link":"https:\/\/www.fleurop-home.ch\/fr-ch\/p\/playful-cat-kids-socks","title":{"rendered":"Chaussettes Playful Cat Kids"},"content":{"rendered":"<p style=\"text-align: left;\">Les chaussettes Playful Cat Kids mettent un sourire sur ton visage chaque matin.<\/p>\n<p style=\"text-align: left;\">80% coton, 17% polyamide, 3% \u00e9lasthanne<\/p>","protected":false},"excerpt":{"rendered":"<p>ManyMornings - Chaussettes color\u00e9es d\u00e9pareill\u00e9es<\/p>","protected":false},"featured_media":37319,"template":"","meta":[],"product_brand":[],"product_cat":[60,1263,1270,1018,1026,59,52,56],"product_tag":[298],"woo-feed-brand":[],"class_list":{"0":"post-37315","1":"product","2":"type-product","3":"status-publish","4":"has-post-thumbnail","6":"product_cat-kindertextilien","7":"product_cat-fleuropkids","8":"product_cat-kleidung-alltag","9":"product_cat-ostern","10":"product_cat-osternest","11":"product_cat-kids","12":"product_cat-geschenke","13":"product_cat-bunte-socken","14":"product_tag-sportagon-gmbh","16":"first","17":"instock","18":"taxable","19":"shipping-taxable","20":"purchasable","21":"product-type-variable"},"_links":{"self":[{"href":"https:\/\/www.fleurop-home.ch\/fr-ch\/wp-json\/wp\/v2\/product\/37315","targetHints":{"allow":["GET"]}}],"collection":[{"href":"https:\/\/www.fleurop-home.ch\/fr-ch\/wp-json\/wp\/v2\/product"}],"about":[{"href":"https:\/\/www.fleurop-home.ch\/fr-ch\/wp-json\/wp\/v2\/types\/product"}],"wp:featuredmedia":[{"embeddable":true,"href":"https:\/\/www.fleurop-home.ch\/fr-ch\/wp-json\/wp\/v2\/media\/37319"}],"wp:attachment":[{"href":"https:\/\/www.fleurop-home.ch\/fr-ch\/wp-json\/wp\/v2\/media?parent=37315"}],"wp:term":[{"taxonomy":"product_brand","embeddable":true,"href":"https:\/\/www.fleurop-home.ch\/fr-ch\/wp-json\/wp\/v2\/product_brand?post=37315"},{"taxonomy":"product_cat","embeddable":true,"href":"https:\/\/www.fleurop-home.ch\/fr-ch\/wp-json\/wp\/v2\/product_cat?post=37315"},{"taxonomy":"product_tag","embeddable":true,"href":"https:\/\/www.fleurop-home.ch\/fr-ch\/wp-json\/wp\/v2\/product_tag?post=37315"},{"taxonomy":"woo-feed-brand","embeddable":true,"href":"https:\/\/www.fleurop-home.ch\/fr-ch\/wp-json\/wp\/v2\/woo-feed-brand?post=37315"}],"curies":[{"name":"wp","href":"https:\/\/api.w.org\/{rel}","templated":true}]}}