{"id":37197,"date":"2024-07-19T20:51:04","date_gmt":"2024-07-19T18:51:04","guid":{"rendered":"https:\/\/www.fleurop-home.ch\/de-ch\/?post_type=product&#038;p=37197"},"modified":"2026-04-01T14:53:45","modified_gmt":"2026-04-01T12:53:45","slug":"coque-decorative-violette-a-coeur-orange","status":"publish","type":"product","link":"https:\/\/www.fleurop-home.ch\/fr-ch\/p\/lila-herz-dekoschale-mit-orangem-herz","title":{"rendered":"Coque d\u00e9corative violette avec c\u0153ur orange"},"content":{"rendered":"<p><b>Mat\u00e9riel :<\/b> Jesmonite<\/p>\n<p><b>Fait \u00e0 la main :<\/b> Chaque pi\u00e8ce est unique<\/p>\n<p><b>Parfait pour : <\/b>Bijoux, cl\u00e9s, pi\u00e8ces de monnaie et petits accessoires<\/p>\n<p><b>La masse :<\/b> environ 80 x 25 mm<\/p>\n<p><b>Conseil d'entretien : <\/b>Tous les produits sont hydrofuges, mais pas \u00e9tanches. Pour le nettoyer, essuie-le l\u00e9g\u00e8rement avec un chiffon humide, ne le frotte pas.<\/p>\n<p><b>Bon \u00e0 savoir <\/b>Comme chaque produit est fabriqu\u00e9 \u00e0 la main, les couleurs et les motifs peuvent varier l\u00e9g\u00e8rement. En raison de la nature du mat\u00e9riau, quelques bulles d'air sont in\u00e9vitables. Ne convient pas pour un contact direct avec les aliments.<\/p>","protected":false},"excerpt":{"rendered":"<p>Ce bol en forme de c\u0153ur en jesmonite est le compl\u00e9ment parfait pour ta maison. Avec sa forme unique et sa surface lisse, elle n'est pas seulement pratique, mais aussi un \u00e9l\u00e9ment de d\u00e9coration \u00e9l\u00e9gant. Id\u00e9al pour ranger des bijoux, des cl\u00e9s ou des petits snacks. La coupe est fabriqu\u00e9e \u00e0 la main et chaque pi\u00e8ce est unique. Obtiens ce charmant accessoire et ajoute une touche d'\u00e9l\u00e9gance \u00e0 ta pi\u00e8ce.<\/p>","protected":false},"featured_media":37196,"template":"","meta":[],"product_brand":[],"product_cat":[30,23,1000,1190,1023,797,999,52,53,1248],"product_tag":[333],"woo-feed-brand":[],"class_list":{"0":"post-37197","1":"product","2":"type-product","3":"status-publish","4":"has-post-thumbnail","6":"product_cat-deko-accessoires","7":"product_cat-home-living","8":"product_cat-valentinstagsdeko","9":"product_cat-dekoobjekte","10":"product_cat-fuer-mama","11":"product_cat-muttertag","12":"product_cat-valentinstag","13":"product_cat-geschenke","14":"product_cat-geschenksets","15":"product_cat-kleinigkeiten","16":"product_tag-kiwi-deko","18":"first","19":"instock","20":"taxable","21":"shipping-taxable","22":"purchasable","23":"product-type-simple"},"_links":{"self":[{"href":"https:\/\/www.fleurop-home.ch\/fr-ch\/wp-json\/wp\/v2\/product\/37197","targetHints":{"allow":["GET"]}}],"collection":[{"href":"https:\/\/www.fleurop-home.ch\/fr-ch\/wp-json\/wp\/v2\/product"}],"about":[{"href":"https:\/\/www.fleurop-home.ch\/fr-ch\/wp-json\/wp\/v2\/types\/product"}],"wp:featuredmedia":[{"embeddable":true,"href":"https:\/\/www.fleurop-home.ch\/fr-ch\/wp-json\/wp\/v2\/media\/37196"}],"wp:attachment":[{"href":"https:\/\/www.fleurop-home.ch\/fr-ch\/wp-json\/wp\/v2\/media?parent=37197"}],"wp:term":[{"taxonomy":"product_brand","embeddable":true,"href":"https:\/\/www.fleurop-home.ch\/fr-ch\/wp-json\/wp\/v2\/product_brand?post=37197"},{"taxonomy":"product_cat","embeddable":true,"href":"https:\/\/www.fleurop-home.ch\/fr-ch\/wp-json\/wp\/v2\/product_cat?post=37197"},{"taxonomy":"product_tag","embeddable":true,"href":"https:\/\/www.fleurop-home.ch\/fr-ch\/wp-json\/wp\/v2\/product_tag?post=37197"},{"taxonomy":"woo-feed-brand","embeddable":true,"href":"https:\/\/www.fleurop-home.ch\/fr-ch\/wp-json\/wp\/v2\/woo-feed-brand?post=37197"}],"curies":[{"name":"wp","href":"https:\/\/api.w.org\/{rel}","templated":true}]}}