{"id":37155,"date":"2024-07-19T10:53:35","date_gmt":"2024-07-19T08:53:35","guid":{"rendered":"https:\/\/www.fleurop-home.ch\/de-ch\/?post_type=product&#038;p=37155"},"modified":"2026-02-05T14:40:01","modified_gmt":"2026-02-05T13:40:01","slug":"trio-de-miel-mediterraneen","status":"publish","type":"product","link":"https:\/\/www.fleurop-home.ch\/fr-ch\/p\/honigtrio-mediterran","title":{"rendered":"Trio de miel \"M\u00e9diterran\u00e9e"},"content":{"rendered":"<p style=\"text-align: left;\">Notre trio de miel \"M\u00e9diterran\u00e9e\" a le go\u00fbt des vacances au bord de la M\u00e9diterran\u00e9e - tout simplement toute l'ann\u00e9e.<\/p>\n<p>Les trois miels forment un trio parfait de contrastes :<br \/>\nLe miel d'eucalyptus de Sardaigne au go\u00fbt doux, \u00e0 la texture cr\u00e9meuse et \u00e0 la note tr\u00e8s subtile d'eucalyptus.<br \/>\nLe miel de lavande de France avec sa texture cr\u00e9meuse, agr\u00e9ablement sucr\u00e9 avec une l\u00e9g\u00e8re acidit\u00e9 harmonieuse.<br \/>\nLe miel de thym de Gr\u00e8ce avec sa note plut\u00f4t \u00e2pre et \u00e9pic\u00e9e, tr\u00e8s aromatique et au parfum intense.<\/p>\n<p>Avec ce trio de miel, le soleil brille toujours \u00e0 la table du petit-d\u00e9jeuner !<\/p>\n<p style=\"text-align: left;\"><strong>Factbox<\/strong><br \/>\nEmballage : bo\u00eete en bois de bouleau (L x l x h : 24.3 cm x 11.3 cm x 8.1 cm)<br \/>\nTaille du bocal : 3 x 350g<br \/>\nMiel : miel d'eucalyptus, miel de lavande, miel de thym<\/p>\n<p style=\"text-align: left;\"><strong>Informations nutritionnelles :<\/strong><strong><br \/>\n<\/strong><a href=\"https:\/\/bee-family.com\/wp-content\/uploads\/2022\/09\/Naehrwertangaben.pdf\" target=\"_blank\" rel=\"noopener\">Informations nutritionnelles Bee-Family<\/a><\/p>\n<p style=\"text-align: left;\"><strong>Conseils pour les personnes allergiques :<br \/>\n<\/strong>Le miel n'est pas adapt\u00e9 \u00e0 la consommation par les enfants de moins de 12 mois !<\/p>\n<p style=\"text-align: left;\">","protected":false},"excerpt":{"rendered":"<p>Trio de miel \"M\u00e9diterran\u00e9e<\/p>","protected":false},"featured_media":37156,"template":"","meta":[],"product_brand":[],"product_cat":[101,1091,1088,42,885,52,1225,53],"product_tag":[291],"woo-feed-brand":[],"class_list":{"0":"post-37155","1":"product","2":"type-product","3":"status-publish","4":"has-post-thumbnail","6":"product_cat-honig","7":"product_cat-hobbykoch","8":"product_cat-vatertag","9":"product_cat-kueche","10":"product_cat-koestlichkeiten","11":"product_cat-geschenke","12":"product_cat-genuss","13":"product_cat-geschenksets","14":"product_tag-bee-family-ag","16":"first","17":"instock","18":"taxable","19":"shipping-taxable","20":"purchasable","21":"product-type-simple"},"_links":{"self":[{"href":"https:\/\/www.fleurop-home.ch\/fr-ch\/wp-json\/wp\/v2\/product\/37155","targetHints":{"allow":["GET"]}}],"collection":[{"href":"https:\/\/www.fleurop-home.ch\/fr-ch\/wp-json\/wp\/v2\/product"}],"about":[{"href":"https:\/\/www.fleurop-home.ch\/fr-ch\/wp-json\/wp\/v2\/types\/product"}],"wp:featuredmedia":[{"embeddable":true,"href":"https:\/\/www.fleurop-home.ch\/fr-ch\/wp-json\/wp\/v2\/media\/37156"}],"wp:attachment":[{"href":"https:\/\/www.fleurop-home.ch\/fr-ch\/wp-json\/wp\/v2\/media?parent=37155"}],"wp:term":[{"taxonomy":"product_brand","embeddable":true,"href":"https:\/\/www.fleurop-home.ch\/fr-ch\/wp-json\/wp\/v2\/product_brand?post=37155"},{"taxonomy":"product_cat","embeddable":true,"href":"https:\/\/www.fleurop-home.ch\/fr-ch\/wp-json\/wp\/v2\/product_cat?post=37155"},{"taxonomy":"product_tag","embeddable":true,"href":"https:\/\/www.fleurop-home.ch\/fr-ch\/wp-json\/wp\/v2\/product_tag?post=37155"},{"taxonomy":"woo-feed-brand","embeddable":true,"href":"https:\/\/www.fleurop-home.ch\/fr-ch\/wp-json\/wp\/v2\/woo-feed-brand?post=37155"}],"curies":[{"name":"wp","href":"https:\/\/api.w.org\/{rel}","templated":true}]}}