{"id":37153,"date":"2024-07-19T10:30:19","date_gmt":"2024-07-19T08:30:19","guid":{"rendered":"https:\/\/www.fleurop-home.ch\/de-ch\/?post_type=product&#038;p=37153"},"modified":"2026-02-05T14:39:53","modified_gmt":"2026-02-05T13:39:53","slug":"trio-de-miel-plaisir-du-miel","status":"publish","type":"product","link":"https:\/\/www.fleurop-home.ch\/fr-ch\/p\/honigtrio-honiggenuss","title":{"rendered":"Trio de miel \"Le plaisir du miel"},"content":{"rendered":"<p style=\"text-align: left;\">Avec notre trio de miels \"Le plaisir du miel\", nous pr\u00e9sentons trois miels passionnants et peu communs.<br \/>\nNotre miel d'acacia de Slov\u00e9nie est un miel frais qui se distingue par sa couleur claire, presque transparente. Son go\u00fbt doux et subtil le rend particuli\u00e8rement adapt\u00e9 \u00e0 un m\u00e9lange avec d'autres ar\u00f4mes.<br \/>\nNotre miel de tournesol de Hongrie est jaune soleil, il a un ar\u00f4me fruit\u00e9 puissant mais harmonieux qui rappelle les oranges, les p\u00eaches et les carottes fra\u00eechement coup\u00e9es.<br \/>\nNotre miel de soie sauvage de Hongrie se pr\u00e9sente dans une couleur jaune tr\u00e8s claire. Son go\u00fbt est doux et sucr\u00e9 avec un ar\u00f4me exotique et floral, caract\u00e9ris\u00e9 par des saveurs exotiques d'ananas et de physalis avec une touche d'abricot. Il convainc en m\u00eame temps par sa belle et l\u00e9g\u00e8re acidit\u00e9.<\/p>\n<p style=\"text-align: left;\"><strong>Factbox<\/strong><br \/>\nEmballage : bo\u00eete en bois de bouleau (L x l x h : 24.3 cm x 11.3 cm x 8.1 cm)<br \/>\nTaille du bocal : 3 x 350g<br \/>\nMiel : miel d'acacia, miel de tournesol, miel de soie sauvage<\/p>\n<p style=\"text-align: left;\"><strong>Informations nutritionnelles :<br \/>\n<\/strong><a href=\"https:\/\/bee-family.com\/wp-content\/uploads\/2022\/09\/Naehrwertangaben.pdf\" target=\"_blank\" rel=\"noopener\">Informations nutritionnelles Bee-Family<\/a><\/p>\n<p style=\"text-align: left;\"><strong>Conseils pour les personnes allergiques :<br \/>\n<\/strong>Le miel n'est pas adapt\u00e9 \u00e0 la consommation par les enfants de moins de 12 mois !<\/p>\n<p style=\"text-align: left;\">","protected":false},"excerpt":{"rendered":"<p>Trio de miel \"Le plaisir du miel<\/p>","protected":false},"featured_media":37154,"template":"","meta":[],"product_brand":[],"product_cat":[101,910,1091,1088,909,916,42,885,52,1225,53],"product_tag":[291],"woo-feed-brand":[],"class_list":{"0":"post-37153","1":"product","2":"type-product","3":"status-publish","4":"has-post-thumbnail","6":"product_cat-honig","7":"product_cat-geschenkideen","8":"product_cat-hobbykoch","9":"product_cat-vatertag","10":"product_cat-weihnachten","11":"product_cat-praesente","12":"product_cat-kueche","13":"product_cat-koestlichkeiten","14":"product_cat-geschenke","15":"product_cat-genuss","16":"product_cat-geschenksets","17":"product_tag-bee-family-ag","19":"first","20":"instock","21":"taxable","22":"shipping-taxable","23":"purchasable","24":"product-type-simple"},"_links":{"self":[{"href":"https:\/\/www.fleurop-home.ch\/fr-ch\/wp-json\/wp\/v2\/product\/37153","targetHints":{"allow":["GET"]}}],"collection":[{"href":"https:\/\/www.fleurop-home.ch\/fr-ch\/wp-json\/wp\/v2\/product"}],"about":[{"href":"https:\/\/www.fleurop-home.ch\/fr-ch\/wp-json\/wp\/v2\/types\/product"}],"wp:featuredmedia":[{"embeddable":true,"href":"https:\/\/www.fleurop-home.ch\/fr-ch\/wp-json\/wp\/v2\/media\/37154"}],"wp:attachment":[{"href":"https:\/\/www.fleurop-home.ch\/fr-ch\/wp-json\/wp\/v2\/media?parent=37153"}],"wp:term":[{"taxonomy":"product_brand","embeddable":true,"href":"https:\/\/www.fleurop-home.ch\/fr-ch\/wp-json\/wp\/v2\/product_brand?post=37153"},{"taxonomy":"product_cat","embeddable":true,"href":"https:\/\/www.fleurop-home.ch\/fr-ch\/wp-json\/wp\/v2\/product_cat?post=37153"},{"taxonomy":"product_tag","embeddable":true,"href":"https:\/\/www.fleurop-home.ch\/fr-ch\/wp-json\/wp\/v2\/product_tag?post=37153"},{"taxonomy":"woo-feed-brand","embeddable":true,"href":"https:\/\/www.fleurop-home.ch\/fr-ch\/wp-json\/wp\/v2\/woo-feed-brand?post=37153"}],"curies":[{"name":"wp","href":"https:\/\/api.w.org\/{rel}","templated":true}]}}