{"id":37035,"date":"2024-07-16T16:15:54","date_gmt":"2024-07-16T14:15:54","guid":{"rendered":"https:\/\/www.fleurop-home.ch\/?post_type=product&#038;p=37035"},"modified":"2025-10-22T11:02:32","modified_gmt":"2025-10-22T09:02:32","slug":"boite-cadeau-de-fleurs-creme-15-15-cm","status":"publish","type":"product","link":"https:\/\/www.fleurop-home.ch\/fr-ch\/p\/blumen-geschenk-box-creme-15-15-cm","title":{"rendered":"Bo\u00eete \u00e0 fleurs\/cadeaux, cr\u00e8me, 15\/15 cm"},"content":{"rendered":"<p>Cette bo\u00eete convient \u00e0 tous ceux qui aiment les choses classiques et \u00e9l\u00e9gantes. La bo\u00eete peut \u00eatre utilis\u00e9e comme un emballage cadeau \u00e9l\u00e9gant et \u00eatre ensuite r\u00e9utilis\u00e9e pour ranger de belles choses. Ou bien tu veux \u00eatre toi-m\u00eame cr\u00e9atif et la remplir de fleurs fra\u00eeches.<\/p>","protected":false},"excerpt":{"rendered":"<p>Bo\u00eete \u00e0 fleurs\/cadeaux, cr\u00e8me, 15\/15 cm<\/p>","protected":false},"featured_media":37036,"template":"","meta":[],"product_brand":[],"product_cat":[29,23,1195,1178,909,911],"product_tag":[282],"woo-feed-brand":[],"class_list":{"0":"post-37035","1":"product","2":"type-product","3":"status-publish","4":"has-post-thumbnail","6":"product_cat-do-it-yourself","7":"product_cat-home-living","8":"product_cat-dekogrundlagen","9":"product_cat-diy","10":"product_cat-weihnachten","11":"product_cat-accessoires","12":"product_tag-fleurop-interflora","14":"first","15":"instock","16":"taxable","17":"shipping-taxable","18":"purchasable","19":"product-type-simple"},"_links":{"self":[{"href":"https:\/\/www.fleurop-home.ch\/fr-ch\/wp-json\/wp\/v2\/product\/37035","targetHints":{"allow":["GET"]}}],"collection":[{"href":"https:\/\/www.fleurop-home.ch\/fr-ch\/wp-json\/wp\/v2\/product"}],"about":[{"href":"https:\/\/www.fleurop-home.ch\/fr-ch\/wp-json\/wp\/v2\/types\/product"}],"wp:featuredmedia":[{"embeddable":true,"href":"https:\/\/www.fleurop-home.ch\/fr-ch\/wp-json\/wp\/v2\/media\/37036"}],"wp:attachment":[{"href":"https:\/\/www.fleurop-home.ch\/fr-ch\/wp-json\/wp\/v2\/media?parent=37035"}],"wp:term":[{"taxonomy":"product_brand","embeddable":true,"href":"https:\/\/www.fleurop-home.ch\/fr-ch\/wp-json\/wp\/v2\/product_brand?post=37035"},{"taxonomy":"product_cat","embeddable":true,"href":"https:\/\/www.fleurop-home.ch\/fr-ch\/wp-json\/wp\/v2\/product_cat?post=37035"},{"taxonomy":"product_tag","embeddable":true,"href":"https:\/\/www.fleurop-home.ch\/fr-ch\/wp-json\/wp\/v2\/product_tag?post=37035"},{"taxonomy":"woo-feed-brand","embeddable":true,"href":"https:\/\/www.fleurop-home.ch\/fr-ch\/wp-json\/wp\/v2\/woo-feed-brand?post=37035"}],"curies":[{"name":"wp","href":"https:\/\/api.w.org\/{rel}","templated":true}]}}