{"id":37018,"date":"2024-07-16T09:58:57","date_gmt":"2024-07-16T07:58:57","guid":{"rendered":"https:\/\/www.fleurop-home.ch\/?post_type=product&#038;p=37018"},"modified":"2025-10-22T11:20:58","modified_gmt":"2025-10-22T09:20:58","slug":"petales-de-rose-rouge-90pcs-6-cm","status":"publish","type":"product","link":"https:\/\/www.fleurop-home.ch\/fr-ch\/p\/rosenblaetter-rot-90stk-6-cm","title":{"rendered":"P\u00e9tales de rose rouge, 90pcs, 6 cm"},"content":{"rendered":"<p>Fais pleuvoir des p\u00e9tales de rose partout o\u00f9 il est question d'amour et d'amiti\u00e9 : sur la table et le buffet, dans un bol, sur le lit ... et m\u00eame sur le chemin de la chambre \u00e0 coucher.<\/p>","protected":false},"excerpt":{"rendered":"<p>P\u00e9tales de roses artificielles rouges, 90pcs, 6 cm<\/p>","protected":false},"featured_media":37019,"template":"","meta":[],"product_brand":[],"product_cat":[107,23,1000,1196,999,26,29],"product_tag":[282],"woo-feed-brand":[],"class_list":{"0":"post-37018","1":"product","2":"type-product","3":"status-publish","4":"has-post-thumbnail","6":"product_cat-kunstblumen","7":"product_cat-home-living","8":"product_cat-valentinstagsdeko","9":"product_cat-natur-deko","10":"product_cat-valentinstag","11":"product_cat-blumen-pflanzen","12":"product_cat-do-it-yourself","13":"product_tag-fleurop-interflora","15":"first","16":"instock","17":"taxable","18":"shipping-taxable","19":"purchasable","20":"product-type-simple"},"_links":{"self":[{"href":"https:\/\/www.fleurop-home.ch\/fr-ch\/wp-json\/wp\/v2\/product\/37018","targetHints":{"allow":["GET"]}}],"collection":[{"href":"https:\/\/www.fleurop-home.ch\/fr-ch\/wp-json\/wp\/v2\/product"}],"about":[{"href":"https:\/\/www.fleurop-home.ch\/fr-ch\/wp-json\/wp\/v2\/types\/product"}],"wp:featuredmedia":[{"embeddable":true,"href":"https:\/\/www.fleurop-home.ch\/fr-ch\/wp-json\/wp\/v2\/media\/37019"}],"wp:attachment":[{"href":"https:\/\/www.fleurop-home.ch\/fr-ch\/wp-json\/wp\/v2\/media?parent=37018"}],"wp:term":[{"taxonomy":"product_brand","embeddable":true,"href":"https:\/\/www.fleurop-home.ch\/fr-ch\/wp-json\/wp\/v2\/product_brand?post=37018"},{"taxonomy":"product_cat","embeddable":true,"href":"https:\/\/www.fleurop-home.ch\/fr-ch\/wp-json\/wp\/v2\/product_cat?post=37018"},{"taxonomy":"product_tag","embeddable":true,"href":"https:\/\/www.fleurop-home.ch\/fr-ch\/wp-json\/wp\/v2\/product_tag?post=37018"},{"taxonomy":"woo-feed-brand","embeddable":true,"href":"https:\/\/www.fleurop-home.ch\/fr-ch\/wp-json\/wp\/v2\/woo-feed-brand?post=37018"}],"curies":[{"name":"wp","href":"https:\/\/api.w.org\/{rel}","templated":true}]}}