{"id":36992,"date":"2024-07-16T09:04:46","date_gmt":"2024-07-16T07:04:46","guid":{"rendered":"https:\/\/www.fleurop-home.ch\/?post_type=product&#038;p=36992"},"modified":"2026-02-17T16:16:27","modified_gmt":"2026-02-17T15:16:27","slug":"vase-en-verre-o-14-cm-x-h-25-cm","status":"publish","type":"product","link":"https:\/\/www.fleurop-home.ch\/fr-ch\/p\/glasvase-o-14-cm-x-h-25-cm","title":{"rendered":"Vase en verre, \u00d8 14 cm x H 25 cm"},"content":{"rendered":"<p>On n'a jamais assez de vases, surtout lorsqu'ils sont aussi beaux que ces \u00e9l\u00e9gants vases en verre de haute qualit\u00e9. Ils mettent en sc\u00e8ne les fleurs de mani\u00e8re s\u00e9duisante sans pour autant leur voler la vedette.<\/p>","protected":false},"excerpt":{"rendered":"<p>Vase en verre, \u00d8 14 cm x H 25 cm<\/p>","protected":false},"featured_media":36999,"template":"","meta":[],"product_brand":[],"product_cat":[27,23,1197],"product_tag":[282],"woo-feed-brand":[],"class_list":{"0":"post-36992","1":"product","2":"type-product","3":"status-publish","4":"has-post-thumbnail","6":"product_cat-vasen-gefaesse","7":"product_cat-home-living","8":"product_cat-vasen","9":"product_tag-fleurop-interflora","11":"first","12":"instock","13":"taxable","14":"shipping-taxable","15":"purchasable","16":"product-type-simple"},"_links":{"self":[{"href":"https:\/\/www.fleurop-home.ch\/fr-ch\/wp-json\/wp\/v2\/product\/36992","targetHints":{"allow":["GET"]}}],"collection":[{"href":"https:\/\/www.fleurop-home.ch\/fr-ch\/wp-json\/wp\/v2\/product"}],"about":[{"href":"https:\/\/www.fleurop-home.ch\/fr-ch\/wp-json\/wp\/v2\/types\/product"}],"wp:featuredmedia":[{"embeddable":true,"href":"https:\/\/www.fleurop-home.ch\/fr-ch\/wp-json\/wp\/v2\/media\/36999"}],"wp:attachment":[{"href":"https:\/\/www.fleurop-home.ch\/fr-ch\/wp-json\/wp\/v2\/media?parent=36992"}],"wp:term":[{"taxonomy":"product_brand","embeddable":true,"href":"https:\/\/www.fleurop-home.ch\/fr-ch\/wp-json\/wp\/v2\/product_brand?post=36992"},{"taxonomy":"product_cat","embeddable":true,"href":"https:\/\/www.fleurop-home.ch\/fr-ch\/wp-json\/wp\/v2\/product_cat?post=36992"},{"taxonomy":"product_tag","embeddable":true,"href":"https:\/\/www.fleurop-home.ch\/fr-ch\/wp-json\/wp\/v2\/product_tag?post=36992"},{"taxonomy":"woo-feed-brand","embeddable":true,"href":"https:\/\/www.fleurop-home.ch\/fr-ch\/wp-json\/wp\/v2\/woo-feed-brand?post=36992"}],"curies":[{"name":"wp","href":"https:\/\/api.w.org\/{rel}","templated":true}]}}