{"id":36900,"date":"2024-07-12T12:03:49","date_gmt":"2024-07-12T10:03:49","guid":{"rendered":"https:\/\/www.fleurop-home.ch\/de-ch\/?post_type=product&#038;p=36900"},"modified":"2026-02-05T14:39:45","modified_gmt":"2026-02-05T13:39:45","slug":"solo-de-miel-honey-sweets","status":"publish","type":"product","link":"https:\/\/www.fleurop-home.ch\/fr-ch\/p\/honigsolo-honey-sweets","title":{"rendered":"Solo de miel \"Honey &amp; Sweets"},"content":{"rendered":"<p>Notre solo de miel \"Honey &amp; Sweets\" comprend, en plus de notre miel premium de lavande, de d\u00e9licieux Tartufi Neri de Gottlieber - emball\u00e9s dans notre bo\u00eete en bois Bee-Family.<\/p>\n<p><strong>Miel de lavande premium<\/strong><br \/>\nNotre miel de lavande provient de la Provence fran\u00e7aise. L'odeur de la lavande fait penser aux champs violets du sud de la France et ses d\u00e9licieux ar\u00f4mes d\u00e9gagent une d\u00e9licieuse ambiance m\u00e9diterran\u00e9enne.<\/p>\n<p><strong>Tartufi Neri de Gottlieb<\/strong><br \/>\nGottlieber produit ses tartufi artisanaux avec beaucoup d'amour et de passion. Une d\u00e9licieuse p\u00e2te de chocolat noir agr\u00e9ment\u00e9e des noisettes les plus fines et de morceaux de bricelets croustillants.<br \/>\nFait maison &amp; \u00e0 la main \u00e0 Gottlieben.<\/p>\n<p>Ingr\u00e9dients : Sucre, p\u00e2te de cacao*, noisettes, beurre de cacao*, lait entier en poudre, graisses et huiles v\u00e9g\u00e9tales (graisse de coco*, huile de tournesol, huile de colza, huile de colza enti\u00e8rement hydrog\u00e9n\u00e9e), farine de bl\u00e9, cacao en poudre*, sel, \u00e9mulsifiant (l\u00e9cithine de tournesol). Cacao dans le chocolat : 55% minimum. Peut contenir des amandes. * issu du commerce \u00e9quitable<\/p>\n<p>Informations nutritionnelles pour 100g :<br \/>\nValeur \u00e9nerg\u00e9tique 2447 KJ (585 kcal), graisse 43g, dont acides gras satur\u00e9s 22g, glucides 42g, dont sucre 35g, prot\u00e9ines 7,4g, sel 0,27g<\/p>\n<p><strong>Factbox<\/strong><br \/>\nEmballage : bo\u00eete en bois de bouleau (L x l x h : 24.3 cm x 11.3 cm x 8.1 cm)<br \/>\nTaille du bocal : 1 x 350g<br \/>\nType de miel : miel de lavande<br \/>\nChocolat : Gottlieber Tartufi Neri<\/p>\n<p><strong>Informations nutritionnelles :<br \/>\n<\/strong><a href=\"https:\/\/bee-family.com\/wp-content\/uploads\/2022\/09\/Naehrwertangaben.pdf\" target=\"_blank\" rel=\"noopener\">Informations nutritionnelles Bee-Family<\/a><\/p>\n<p><strong>Conseils pour les personnes allergiques :<br \/>\n<\/strong>Le miel n'est pas adapt\u00e9 \u00e0 la consommation par les enfants de moins de 12 mois !<\/p>","protected":false},"excerpt":{"rendered":"<p>Solo de miel \"Honey &amp; Sweets<\/p>","protected":false},"featured_media":36901,"template":"","meta":[],"product_brand":[],"product_cat":[101,1023,910,1091,1001,797,984,993,999,1088,909,916,42,885,52,1225,53],"product_tag":[291],"woo-feed-brand":[],"class_list":{"0":"post-36900","1":"product","2":"type-product","3":"status-publish","4":"has-post-thumbnail","6":"product_cat-honig","7":"product_cat-fuer-mama","8":"product_cat-geschenkideen","9":"product_cat-hobbykoch","10":"product_cat-leckereien","11":"product_cat-muttertag","12":"product_cat-silvester","13":"product_cat-silvestergeschenke","14":"product_cat-valentinstag","15":"product_cat-vatertag","16":"product_cat-weihnachten","17":"product_cat-praesente","18":"product_cat-kueche","19":"product_cat-koestlichkeiten","20":"product_cat-geschenke","21":"product_cat-genuss","22":"product_cat-geschenksets","23":"product_tag-bee-family-ag","25":"first","26":"instock","27":"taxable","28":"shipping-taxable","29":"purchasable","30":"product-type-simple"},"_links":{"self":[{"href":"https:\/\/www.fleurop-home.ch\/fr-ch\/wp-json\/wp\/v2\/product\/36900","targetHints":{"allow":["GET"]}}],"collection":[{"href":"https:\/\/www.fleurop-home.ch\/fr-ch\/wp-json\/wp\/v2\/product"}],"about":[{"href":"https:\/\/www.fleurop-home.ch\/fr-ch\/wp-json\/wp\/v2\/types\/product"}],"wp:featuredmedia":[{"embeddable":true,"href":"https:\/\/www.fleurop-home.ch\/fr-ch\/wp-json\/wp\/v2\/media\/36901"}],"wp:attachment":[{"href":"https:\/\/www.fleurop-home.ch\/fr-ch\/wp-json\/wp\/v2\/media?parent=36900"}],"wp:term":[{"taxonomy":"product_brand","embeddable":true,"href":"https:\/\/www.fleurop-home.ch\/fr-ch\/wp-json\/wp\/v2\/product_brand?post=36900"},{"taxonomy":"product_cat","embeddable":true,"href":"https:\/\/www.fleurop-home.ch\/fr-ch\/wp-json\/wp\/v2\/product_cat?post=36900"},{"taxonomy":"product_tag","embeddable":true,"href":"https:\/\/www.fleurop-home.ch\/fr-ch\/wp-json\/wp\/v2\/product_tag?post=36900"},{"taxonomy":"woo-feed-brand","embeddable":true,"href":"https:\/\/www.fleurop-home.ch\/fr-ch\/wp-json\/wp\/v2\/woo-feed-brand?post=36900"}],"curies":[{"name":"wp","href":"https:\/\/api.w.org\/{rel}","templated":true}]}}