{"id":36895,"date":"2024-07-12T11:43:13","date_gmt":"2024-07-12T09:43:13","guid":{"rendered":"https:\/\/www.fleurop-home.ch\/de-ch\/?post_type=product&#038;p=36895"},"modified":"2026-02-05T14:39:36","modified_gmt":"2026-02-05T13:39:36","slug":"solo-de-miel-honey-more","status":"publish","type":"product","link":"https:\/\/www.fleurop-home.ch\/fr-ch\/p\/honigsolo-honey-more","title":{"rendered":"Solo de miel \"Honey &amp; More"},"content":{"rendered":"<p>Notre solo de miel \"Honey &amp; More\" comprend, en plus de notre miel de qualit\u00e9 sup\u00e9rieure en soie sauvage, une recharge de bougies parfum\u00e9es \u00e0 r\u00e9utiliser pour le pot de miel vide - emball\u00e9e dans notre bo\u00eete en bois Bee-Family.<\/p>\n<p>La durabilit\u00e9 est un th\u00e8me important pour nous et notre pot sp\u00e9cial nous tient particuli\u00e8rement \u00e0 c\u0153ur. C'est pourquoi nous avons d\u00e9velopp\u00e9 avec la \"Chr\u00fcterei\" de G\u00e4hwil une recharge de bougies parfum\u00e9es qui te permet de r\u00e9utiliser le pot de miel vide comme bougie parfum\u00e9e.<\/p>\n<p><b>Miel de soie sauvage de qualit\u00e9 sup\u00e9rieure<br \/>\n<\/b>Notre miel de soie sauvage provient de Hongrie et est \u00e9galement appel\u00e9 \"beaut\u00e9 de la touffe\" ou \"ami des abeilles\". Non seulement nos abeilles sont attir\u00e9es par son parfum subtil, mais les papillons et les bourdons sont \u00e9galement attir\u00e9s comme par magie.<\/p>\n<p><b>Bougie parfum\u00e9e<\/b><br \/>\nLa bougie parfum\u00e9e est fabriqu\u00e9e par notre entreprise partenaire suisse \"Chr\u00fcterei\". La bougie est compos\u00e9e \u00e0 100% d'ingr\u00e9dients naturels (huiles essentielles naturelles, cire de colza, m\u00e9lange de parfums) avec une m\u00e8che en bois qui cr\u00e9pite. La dur\u00e9e de combustion est d'environ 40 \u00e0 50h (175g).<\/p>\n<p><strong>Factbox<\/strong><br \/>\nEmballage : bo\u00eete en bois de bouleau (L x l x h : 24.3 cm x 11.3 cm x 8.1 cm)<br \/>\nTaille du bocal : 1 x 350g<br \/>\nType de miel : Miel de soie sauvage<br \/>\nBougie parfum\u00e9e : avec 100% d'ingr\u00e9dients naturels<br \/>\nParfum : Cosy Home<\/p>\n<p><strong>Informations nutritionnelles :<\/strong><strong><br \/>\n<\/strong><a href=\"https:\/\/bee-family.com\/wp-content\/uploads\/2022\/09\/Naehrwertangaben.pdf\" target=\"_blank\" rel=\"noopener\">Informations nutritionnelles Bee-Family<\/a><\/p>\n<p><strong>Conseils pour les personnes allergiques :<br \/>\n<\/strong>Le miel n'est pas adapt\u00e9 \u00e0 la consommation par les enfants de moins de 12 mois !<\/p>","protected":false},"excerpt":{"rendered":"<p>Solo de miel \"Honey &amp; More<\/p>","protected":false},"featured_media":37057,"template":"","meta":[],"product_brand":[],"product_cat":[53,1023,1091,797,1088,42,101,885,52,1225],"product_tag":[291],"woo-feed-brand":[],"class_list":{"0":"post-36895","1":"product","2":"type-product","3":"status-publish","4":"has-post-thumbnail","6":"product_cat-geschenksets","7":"product_cat-fuer-mama","8":"product_cat-hobbykoch","9":"product_cat-muttertag","10":"product_cat-vatertag","11":"product_cat-kueche","12":"product_cat-honig","13":"product_cat-koestlichkeiten","14":"product_cat-geschenke","15":"product_cat-genuss","16":"product_tag-bee-family-ag","18":"first","19":"instock","20":"taxable","21":"shipping-taxable","22":"purchasable","23":"product-type-simple"},"_links":{"self":[{"href":"https:\/\/www.fleurop-home.ch\/fr-ch\/wp-json\/wp\/v2\/product\/36895","targetHints":{"allow":["GET"]}}],"collection":[{"href":"https:\/\/www.fleurop-home.ch\/fr-ch\/wp-json\/wp\/v2\/product"}],"about":[{"href":"https:\/\/www.fleurop-home.ch\/fr-ch\/wp-json\/wp\/v2\/types\/product"}],"wp:featuredmedia":[{"embeddable":true,"href":"https:\/\/www.fleurop-home.ch\/fr-ch\/wp-json\/wp\/v2\/media\/37057"}],"wp:attachment":[{"href":"https:\/\/www.fleurop-home.ch\/fr-ch\/wp-json\/wp\/v2\/media?parent=36895"}],"wp:term":[{"taxonomy":"product_brand","embeddable":true,"href":"https:\/\/www.fleurop-home.ch\/fr-ch\/wp-json\/wp\/v2\/product_brand?post=36895"},{"taxonomy":"product_cat","embeddable":true,"href":"https:\/\/www.fleurop-home.ch\/fr-ch\/wp-json\/wp\/v2\/product_cat?post=36895"},{"taxonomy":"product_tag","embeddable":true,"href":"https:\/\/www.fleurop-home.ch\/fr-ch\/wp-json\/wp\/v2\/product_tag?post=36895"},{"taxonomy":"woo-feed-brand","embeddable":true,"href":"https:\/\/www.fleurop-home.ch\/fr-ch\/wp-json\/wp\/v2\/woo-feed-brand?post=36895"}],"curies":[{"name":"wp","href":"https:\/\/api.w.org\/{rel}","templated":true}]}}