{"id":36893,"date":"2024-07-12T11:21:51","date_gmt":"2024-07-12T09:21:51","guid":{"rendered":"https:\/\/www.fleurop-home.ch\/de-ch\/?post_type=product&#038;p=36893"},"modified":"2026-02-05T14:38:31","modified_gmt":"2026-02-05T13:38:31","slug":"mielsolo-habee-anniversaire","status":"publish","type":"product","link":"https:\/\/www.fleurop-home.ch\/fr-ch\/p\/honigsolo-habee-birthday","title":{"rendered":"Solo de miel \"HaBee Birthday"},"content":{"rendered":"<div id=\"magicdomid22\">\n<p style=\"text-align: left;\">Notre solo de miel \"HaBee Birthday\" est le cadeau d'anniversaire id\u00e9al pour tout amateur de miel. Associ\u00e9 \u00e0 notre miel premium de fleurs suisses et \u00e0 la carte de v\u0153ux correspondante, tu seras parfaitement \u00e9quip\u00e9 pour chaque anniversaire. Notre motif \"HaBee Birthday\" a \u00e9t\u00e9 cr\u00e9\u00e9 en collaboration avec l'artiste Heidi Weh d'Arbon.<\/p>\n<p style=\"text-align: left;\"><strong>Factbox :<\/strong><br \/>\nEmballage : bo\u00eete en bois de bouleau (L x l x h : 16.3 cm x 11.3 cm x 8.1 cm) avec impression anniversaire<br \/>\nTaille du bocal : 1 x 350g<br \/>\nMiel : Miel de fleurs suisses<br \/>\nCarte de voeux : HaBee Birthday<\/p>\n<p style=\"text-align: left;\"><strong>Informations nutritionnelles :<br \/>\n<\/strong><a href=\"https:\/\/bee-family.com\/wp-content\/uploads\/2022\/09\/Naehrwertangaben.pdf\" target=\"_blank\" rel=\"noopener\">Informations nutritionnelles Bee-Family<\/a><\/p>\n<p style=\"text-align: left;\"><strong>Conseils pour les personnes allergiques :<br \/>\n<\/strong>Le miel n'est pas adapt\u00e9 \u00e0 la consommation par les enfants de moins de 12 mois !<\/p>\n<p style=\"text-align: left;\">\n<\/div>","protected":false},"excerpt":{"rendered":"<p>Solo de miel \"HaBee Birthday<\/p>","protected":false},"featured_media":36894,"template":"","meta":[],"product_brand":[],"product_cat":[53,42,101,885,52,1223,1225],"product_tag":[291],"woo-feed-brand":[],"class_list":{"0":"post-36893","1":"product","2":"type-product","3":"status-publish","4":"has-post-thumbnail","6":"product_cat-geschenksets","7":"product_cat-kueche","8":"product_cat-honig","9":"product_cat-koestlichkeiten","10":"product_cat-geschenke","11":"product_cat-anlaesse","12":"product_cat-genuss","13":"product_tag-bee-family-ag","15":"first","16":"instock","17":"taxable","18":"shipping-taxable","19":"purchasable","20":"product-type-simple"},"_links":{"self":[{"href":"https:\/\/www.fleurop-home.ch\/fr-ch\/wp-json\/wp\/v2\/product\/36893","targetHints":{"allow":["GET"]}}],"collection":[{"href":"https:\/\/www.fleurop-home.ch\/fr-ch\/wp-json\/wp\/v2\/product"}],"about":[{"href":"https:\/\/www.fleurop-home.ch\/fr-ch\/wp-json\/wp\/v2\/types\/product"}],"wp:featuredmedia":[{"embeddable":true,"href":"https:\/\/www.fleurop-home.ch\/fr-ch\/wp-json\/wp\/v2\/media\/36894"}],"wp:attachment":[{"href":"https:\/\/www.fleurop-home.ch\/fr-ch\/wp-json\/wp\/v2\/media?parent=36893"}],"wp:term":[{"taxonomy":"product_brand","embeddable":true,"href":"https:\/\/www.fleurop-home.ch\/fr-ch\/wp-json\/wp\/v2\/product_brand?post=36893"},{"taxonomy":"product_cat","embeddable":true,"href":"https:\/\/www.fleurop-home.ch\/fr-ch\/wp-json\/wp\/v2\/product_cat?post=36893"},{"taxonomy":"product_tag","embeddable":true,"href":"https:\/\/www.fleurop-home.ch\/fr-ch\/wp-json\/wp\/v2\/product_tag?post=36893"},{"taxonomy":"woo-feed-brand","embeddable":true,"href":"https:\/\/www.fleurop-home.ch\/fr-ch\/wp-json\/wp\/v2\/woo-feed-brand?post=36893"}],"curies":[{"name":"wp","href":"https:\/\/api.w.org\/{rel}","templated":true}]}}