{"id":36162,"date":"2024-06-25T23:20:56","date_gmt":"2024-06-25T21:20:56","guid":{"rendered":"https:\/\/www.fleurop-home.ch\/de-ch\/?post_type=product&#038;p=36162"},"modified":"2026-03-18T13:54:44","modified_gmt":"2026-03-18T12:54:44","slug":"plateau-en-bois-de-bouleau-frank-the-bird-o-65-cm","status":"publish","type":"product","link":"https:\/\/www.fleurop-home.ch\/fr-ch\/p\/tablett-aus-birkenholz-frank-the-bird-o-65-cm","title":{"rendered":"Plateau en bois de bouleau \u201aFrank the Bird\u2018, \u00d8 65 cm"},"content":{"rendered":"<div class=\"product-info__block-item\" data-block-type=\"text\">\n<div class=\"prose\">\n<p>Frank the Bird' est un design qui enthousiasme par son c\u00f4t\u00e9 ludique et sa composition de couleurs vives. Laisse-toi gagner par la joie et la cr\u00e9ativit\u00e9 de 'Frank the Bird' et transforme ton environnement quotidien en une atmosph\u00e8re vivante et accueillante.<\/p>\n<p>Cette pi\u00e8ce polyvalente est volontiers utilis\u00e9e comme plateau de service, comme \u0153uvre d'art ou comme table d'appoint pratique. Chaque plateau est fabriqu\u00e9 \u00e0 la main en Su\u00e8de \u00e0 partir d'un placage de bouleau durable de haute qualit\u00e9 et est con\u00e7u pour une utilisation r\u00e9guli\u00e8re et intensive.<\/p>\n<p>Compl\u00e8te ta maison avec ce plateau ludique, ou fais un cadeau unique \u00e0 quelqu'un.<\/p>\n<\/div>\n<\/div>\n<p style=\"text-align: left\"><em>Cr\u00e9ateur :<\/em> Andreas Frei\/HappyTrays<\/p>\n<p style=\"text-align: left\"><em>Mat\u00e9riel :<\/em> Placage bouleau, rev\u00eatement m\u00e9lamine<\/p>\n<p style=\"text-align: left\"><em>Mod\u00e8le :<\/em> Frank l'oiseau<\/p>\n<p style=\"text-align: left\"><em>Forme :<\/em>\u00a0Rond<\/p>\n<p style=\"text-align: left\"><em>Diam\u00e8tre :<\/em>\u00a0\u00d8 65 cm<\/p>","protected":false},"excerpt":{"rendered":"<p>Plateau de haute qualit\u00e9 en bois de bouleau durable avec un design vivant en \u00e9dition limit\u00e9e. Con\u00e7u en Suisse, fabriqu\u00e9 \u00e0 la main en Su\u00e8de. \u00d8 46 cm.<\/p>","protected":false},"featured_media":36160,"template":"","meta":[],"product_brand":[],"product_cat":[1108,1022,797,1019,1018,42,1104,43],"product_tag":[314],"woo-feed-brand":[],"class_list":{"0":"post-36162","1":"product","2":"type-product","3":"status-publish","4":"has-post-thumbnail","6":"product_cat-tabletts","7":"product_cat-brunch","8":"product_cat-muttertag","9":"product_cat-osterbrunch","10":"product_cat-ostern","11":"product_cat-kueche","12":"product_cat-tischakzente","13":"product_cat-gedeckter-tisch","14":"product_tag-happytrays","16":"first","17":"instock","18":"taxable","19":"shipping-taxable","20":"purchasable","21":"product-type-simple"},"_links":{"self":[{"href":"https:\/\/www.fleurop-home.ch\/fr-ch\/wp-json\/wp\/v2\/product\/36162","targetHints":{"allow":["GET"]}}],"collection":[{"href":"https:\/\/www.fleurop-home.ch\/fr-ch\/wp-json\/wp\/v2\/product"}],"about":[{"href":"https:\/\/www.fleurop-home.ch\/fr-ch\/wp-json\/wp\/v2\/types\/product"}],"wp:featuredmedia":[{"embeddable":true,"href":"https:\/\/www.fleurop-home.ch\/fr-ch\/wp-json\/wp\/v2\/media\/36160"}],"wp:attachment":[{"href":"https:\/\/www.fleurop-home.ch\/fr-ch\/wp-json\/wp\/v2\/media?parent=36162"}],"wp:term":[{"taxonomy":"product_brand","embeddable":true,"href":"https:\/\/www.fleurop-home.ch\/fr-ch\/wp-json\/wp\/v2\/product_brand?post=36162"},{"taxonomy":"product_cat","embeddable":true,"href":"https:\/\/www.fleurop-home.ch\/fr-ch\/wp-json\/wp\/v2\/product_cat?post=36162"},{"taxonomy":"product_tag","embeddable":true,"href":"https:\/\/www.fleurop-home.ch\/fr-ch\/wp-json\/wp\/v2\/product_tag?post=36162"},{"taxonomy":"woo-feed-brand","embeddable":true,"href":"https:\/\/www.fleurop-home.ch\/fr-ch\/wp-json\/wp\/v2\/woo-feed-brand?post=36162"}],"curies":[{"name":"wp","href":"https:\/\/api.w.org\/{rel}","templated":true}]}}