{"id":35930,"date":"2024-06-20T13:51:53","date_gmt":"2024-06-20T11:51:53","guid":{"rendered":"https:\/\/www.fleurop-home.ch\/?post_type=product&#038;p=35930"},"modified":"2026-02-05T13:38:00","modified_gmt":"2026-02-05T12:38:00","slug":"sac-cadeau-beige-set-de-10","status":"publish","type":"product","link":"https:\/\/www.fleurop-home.ch\/fr-ch\/p\/geschenktasche-beige-10er-set","title":{"rendered":"Sac cadeau beige, (set de 10)"},"content":{"rendered":"<p>Ces sacs ont tout pour plaire. Non seulement ils sont styl\u00e9s et intelligents, mais en plus ils sont adapt\u00e9s \u00e0 toutes les occasions !<\/p>\n<p><strong>Il s'agit d'un produit \"Fleurop Edition\".<\/strong><\/p>","protected":false},"excerpt":{"rendered":"<p>Sac cadeau beige, (set de 10)<\/p>","protected":false},"featured_media":35932,"template":"","meta":[],"product_brand":[],"product_cat":[29,23,1193,1178,910,909,911,52,1223,53],"product_tag":[282],"woo-feed-brand":[],"class_list":{"0":"post-35930","1":"product","2":"type-product","3":"status-publish","4":"has-post-thumbnail","6":"product_cat-do-it-yourself","7":"product_cat-home-living","8":"product_cat-baender-tueten","9":"product_cat-diy","10":"product_cat-geschenkideen","11":"product_cat-weihnachten","12":"product_cat-accessoires","13":"product_cat-geschenke","14":"product_cat-anlaesse","15":"product_cat-geschenksets","16":"product_tag-fleurop-interflora","18":"first","19":"instock","20":"taxable","21":"shipping-taxable","22":"purchasable","23":"product-type-simple"},"_links":{"self":[{"href":"https:\/\/www.fleurop-home.ch\/fr-ch\/wp-json\/wp\/v2\/product\/35930","targetHints":{"allow":["GET"]}}],"collection":[{"href":"https:\/\/www.fleurop-home.ch\/fr-ch\/wp-json\/wp\/v2\/product"}],"about":[{"href":"https:\/\/www.fleurop-home.ch\/fr-ch\/wp-json\/wp\/v2\/types\/product"}],"wp:featuredmedia":[{"embeddable":true,"href":"https:\/\/www.fleurop-home.ch\/fr-ch\/wp-json\/wp\/v2\/media\/35932"}],"wp:attachment":[{"href":"https:\/\/www.fleurop-home.ch\/fr-ch\/wp-json\/wp\/v2\/media?parent=35930"}],"wp:term":[{"taxonomy":"product_brand","embeddable":true,"href":"https:\/\/www.fleurop-home.ch\/fr-ch\/wp-json\/wp\/v2\/product_brand?post=35930"},{"taxonomy":"product_cat","embeddable":true,"href":"https:\/\/www.fleurop-home.ch\/fr-ch\/wp-json\/wp\/v2\/product_cat?post=35930"},{"taxonomy":"product_tag","embeddable":true,"href":"https:\/\/www.fleurop-home.ch\/fr-ch\/wp-json\/wp\/v2\/product_tag?post=35930"},{"taxonomy":"woo-feed-brand","embeddable":true,"href":"https:\/\/www.fleurop-home.ch\/fr-ch\/wp-json\/wp\/v2\/woo-feed-brand?post=35930"}],"curies":[{"name":"wp","href":"https:\/\/api.w.org\/{rel}","templated":true}]}}