{"id":35822,"date":"2024-06-17T00:28:21","date_gmt":"2024-06-16T22:28:21","guid":{"rendered":"https:\/\/www.fleurop-home.ch\/de-ch\/?post_type=product&#038;p=35822"},"modified":"2025-12-01T10:29:21","modified_gmt":"2025-12-01T09:29:21","slug":"table-dappoint-ludique-aveiro-blue-o-46-cm","status":"publish","type":"product","link":"https:\/\/www.fleurop-home.ch\/fr-ch\/p\/verspielter-beistelltisch-aveiro-blue-o-46-cm","title":{"rendered":"Table d'appoint ludique \u201aAveiro Blue\u2018, \u00d8 46 cm"},"content":{"rendered":"<p>Nous te pr\u00e9sentons notre table d'appoint la plus populaire : Avec un diam\u00e8tre polyvalent de 46 cm et une hauteur de 53 cm, elle se compose d'un plateau de haute qualit\u00e9 en bois de bouleau et d'une structure robuste en acier.<\/p>\n<p>Nos combinaisons de plateau et de pi\u00e9tement de table sont id\u00e9ales pour une utilisation quotidienne comme table de canap\u00e9, table d'appoint ou pour divertir les invit\u00e9s. Le plateau amovible permet de servir directement ou de changer de design ; le pi\u00e8tement pliable peut \u00eatre repositionn\u00e9 facilement ou rang\u00e9 de mani\u00e8re compacte.<\/p>\n<p>D\u00e9couvre notre collection g\u00e9om\u00e9trique intemporelle, disponible en exclusivit\u00e9 en Suisse. Le sch\u00e9ma de couleurs en bleu fonc\u00e9 et blanc incarne le charme maritime, parfait pour ceux qui souhaitent donner \u00e0 leur int\u00e9rieur un sentiment d'\u00e9l\u00e9gance &amp; d'aventure.<\/p>\n<p style=\"text-align: left\"><strong>Plateau<\/strong><\/p>\n<p style=\"text-align: left\"><em>Cr\u00e9ateur :<\/em> Andreas Frei\/HappyTrays<\/p>\n<p style=\"text-align: left\"><em>Mat\u00e9riau du plateau :<\/em> Placage bouleau, rev\u00eatement m\u00e9lamine<\/p>\n<p style=\"text-align: left\"><em>Mod\u00e8le :<\/em> Aveiro bleu<\/p>\n<p style=\"text-align: left\"><em>Forme :<\/em>\u00a0Rond<\/p>\n<p style=\"text-align: left\"><em>Diam\u00e8tre :<\/em>\u00a0\u00d8 46 cm<\/p>\n<p style=\"text-align: left\"><strong>Pi\u00e8tement de table<\/strong><\/p>\n<p style=\"text-align: left\"><em>Mat\u00e9riau du pi\u00e8tement de la table :<\/em> Acier, rev\u00eatu par poudre, blanc<\/p>\n<p style=\"text-align: left\"><em>Hauteur :<\/em>\u00a053 cm<\/p>","protected":false},"excerpt":{"rendered":"<p>\u00c9l\u00e9gante table d'appoint avec plateau en bois de bouleau en \u00e9dition limit\u00e9e et pi\u00e8tement de table en acier. Con\u00e7ue en Suisse, fabriqu\u00e9e \u00e0 la main en Su\u00e8de. \u00d8 39 cm<\/p>","protected":false},"featured_media":36141,"template":"","meta":[],"product_brand":[],"product_cat":[35,23,1192,30,34],"product_tag":[314],"woo-feed-brand":[],"class_list":{"0":"post-35822","1":"product","2":"type-product","3":"status-publish","4":"has-post-thumbnail","6":"product_cat-gartendeko","7":"product_cat-home-living","8":"product_cat-hocker-beistelltische","9":"product_cat-deko-accessoires","10":"product_cat-garten-balkon","11":"product_tag-happytrays","13":"first","14":"instock","15":"taxable","16":"shipping-taxable","17":"purchasable","18":"product-type-simple"},"_links":{"self":[{"href":"https:\/\/www.fleurop-home.ch\/fr-ch\/wp-json\/wp\/v2\/product\/35822","targetHints":{"allow":["GET"]}}],"collection":[{"href":"https:\/\/www.fleurop-home.ch\/fr-ch\/wp-json\/wp\/v2\/product"}],"about":[{"href":"https:\/\/www.fleurop-home.ch\/fr-ch\/wp-json\/wp\/v2\/types\/product"}],"wp:featuredmedia":[{"embeddable":true,"href":"https:\/\/www.fleurop-home.ch\/fr-ch\/wp-json\/wp\/v2\/media\/36141"}],"wp:attachment":[{"href":"https:\/\/www.fleurop-home.ch\/fr-ch\/wp-json\/wp\/v2\/media?parent=35822"}],"wp:term":[{"taxonomy":"product_brand","embeddable":true,"href":"https:\/\/www.fleurop-home.ch\/fr-ch\/wp-json\/wp\/v2\/product_brand?post=35822"},{"taxonomy":"product_cat","embeddable":true,"href":"https:\/\/www.fleurop-home.ch\/fr-ch\/wp-json\/wp\/v2\/product_cat?post=35822"},{"taxonomy":"product_tag","embeddable":true,"href":"https:\/\/www.fleurop-home.ch\/fr-ch\/wp-json\/wp\/v2\/product_tag?post=35822"},{"taxonomy":"woo-feed-brand","embeddable":true,"href":"https:\/\/www.fleurop-home.ch\/fr-ch\/wp-json\/wp\/v2\/woo-feed-brand?post=35822"}],"curies":[{"name":"wp","href":"https:\/\/api.w.org\/{rel}","templated":true}]}}