{"id":35543,"date":"2024-06-11T13:24:54","date_gmt":"2024-06-11T11:24:54","guid":{"rendered":"https:\/\/www.fleurop-home.ch\/?post_type=product&#038;p=35543"},"modified":"2025-05-12T14:31:51","modified_gmt":"2025-05-12T12:31:51","slug":"parterre-sureleve-urban-garden-trolley-moon-white","status":"publish","type":"product","link":"https:\/\/www.fleurop-home.ch\/fr-ch\/p\/hochbeet-urban-garden-trolley-moon-white","title":{"rendered":"Lit sur\u00e9lev\u00e9 Urban Garden Trolley Moon White"},"content":{"rendered":"<p><span class=\"text-truncation__more\">Les chariots \u00e0 plantes d'Herstera, avec un grand choix de couleurs, sont id\u00e9aux pour ton Urban Garden pour l'ext\u00e9rieur sur le balcon, la terrasse ou dans le jardin. Ces chariots \u00e0 plantes m\u00e9nagent le dos gr\u00e2ce \u00e0 la hauteur ergonomique pour se tenir debout. Le bac sur\u00e9lev\u00e9 moderne en m\u00e9tal offre une profondeur de sol suffisante pour faire pousser des l\u00e9gumes, des herbes et des fleurs. Facile \u00e0 monter et \u00e0 p\ufb02eurer, peu encombrant et r\u00e9sistant \u00e0 la rouille et aux variations de temp\u00e9rature.<\/span><\/p>","protected":false},"excerpt":{"rendered":"<p>Parterre sur\u00e9lev\u00e9 en acier de haute qualit\u00e9,<br \/>\n75x35x80cm, Moon White<\/p>","protected":false},"featured_media":35545,"template":"","meta":[],"product_brand":[],"product_cat":[38,1089,1088,34],"product_tag":[287],"woo-feed-brand":[],"class_list":{"0":"post-35543","1":"product","2":"type-product","3":"status-publish","4":"has-post-thumbnail","6":"product_cat-hochbeete","7":"product_cat-hobbygaertner","8":"product_cat-vatertag","9":"product_cat-garten-balkon","10":"product_tag-urbangardeningshop-ch","12":"first","13":"instock","14":"taxable","15":"shipping-taxable","16":"purchasable","17":"product-type-simple"},"_links":{"self":[{"href":"https:\/\/www.fleurop-home.ch\/fr-ch\/wp-json\/wp\/v2\/product\/35543","targetHints":{"allow":["GET"]}}],"collection":[{"href":"https:\/\/www.fleurop-home.ch\/fr-ch\/wp-json\/wp\/v2\/product"}],"about":[{"href":"https:\/\/www.fleurop-home.ch\/fr-ch\/wp-json\/wp\/v2\/types\/product"}],"wp:featuredmedia":[{"embeddable":true,"href":"https:\/\/www.fleurop-home.ch\/fr-ch\/wp-json\/wp\/v2\/media\/35545"}],"wp:attachment":[{"href":"https:\/\/www.fleurop-home.ch\/fr-ch\/wp-json\/wp\/v2\/media?parent=35543"}],"wp:term":[{"taxonomy":"product_brand","embeddable":true,"href":"https:\/\/www.fleurop-home.ch\/fr-ch\/wp-json\/wp\/v2\/product_brand?post=35543"},{"taxonomy":"product_cat","embeddable":true,"href":"https:\/\/www.fleurop-home.ch\/fr-ch\/wp-json\/wp\/v2\/product_cat?post=35543"},{"taxonomy":"product_tag","embeddable":true,"href":"https:\/\/www.fleurop-home.ch\/fr-ch\/wp-json\/wp\/v2\/product_tag?post=35543"},{"taxonomy":"woo-feed-brand","embeddable":true,"href":"https:\/\/www.fleurop-home.ch\/fr-ch\/wp-json\/wp\/v2\/woo-feed-brand?post=35543"}],"curies":[{"name":"wp","href":"https:\/\/api.w.org\/{rel}","templated":true}]}}