{"id":35416,"date":"2024-06-07T20:09:18","date_gmt":"2024-06-07T18:09:18","guid":{"rendered":"https:\/\/www.fleurop-home.ch\/de-ch\/?post_type=product&#038;p=35416"},"modified":"2026-04-14T18:59:36","modified_gmt":"2026-04-14T16:59:36","slug":"branches-de-coton-sechees-par-3","status":"publish","type":"product","link":"https:\/\/www.fleurop-home.ch\/fr-ch\/p\/baumwollzweige-3er-set-getrocknet","title":{"rendered":"Set de 3 branches de coton - s\u00e9ch\u00e9es"},"content":{"rendered":"<h3>Fleurs s\u00e9ch\u00e9es<br \/>\nLa nouvelle tendance en mati\u00e8re d'int\u00e9rieur<\/h3>\n<p>Cette ann\u00e9e, on voit des branches et des fleurs s\u00e9ch\u00e9es plus souvent que jamais.<br \/>\nElles ne sont pas seulement une d\u00e9coration d'automne, mais d\u00e9gagent leur magie tout au long de l'ann\u00e9e.<br \/>\nLes fleurs s\u00e9ch\u00e9es sont tr\u00e8s \u00e0 la mode.<br \/>\nQu'elles soient utilis\u00e9es comme d\u00e9coration de table ou plac\u00e9es de mani\u00e8re opulente dans de grands vases, \u2500 les fleurs s\u00e9ch\u00e9es sont tout simplement magnifiques, seules ou en bouquet multicolore.<br \/>\nL'\u00e9norme avantage par rapport aux fleurs fra\u00eeches : une d\u00e9coration de fleurs s\u00e9ch\u00e9es dure pratiquement \u00e9ternellement.<\/p>\n<p>D\u00e9tails des branches de coton H env. 50\/65 cm \/ env. 7-10 touffes de coton par branche. Le prix se r\u00e9f\u00e8re \u00e0 3 branches de coton. Le coton est un produit naturel et peut varier en termes de disposition, de couleur et de taille des diff\u00e9rentes \u00abtouffes de coton\u00bb. Certaines touffes de coton peuvent aussi \u00eatre entam\u00e9es dans la tige par le processus de s\u00e9chage ou contenir des restes secs de l'enveloppe du bourgeon.<\/p>\n<p>Le vase ainsi que la d\u00e9coration avec plus de 3 branches de coton sont con\u00e7us comme id\u00e9e\/\u00e9chantillon pour une \u00e9ventuelle conception et ne font pas partie du prix du produit.<\/p>\n<p><strong>Note bien<\/strong><br \/>\n- D\u00e9balles les fleurs s\u00e9ch\u00e9es avec pr\u00e9caution. Les branches s\u00e9ch\u00e9es sont plus fragiles que les branches fra\u00eeches.<br \/>\n- Les fleurs s\u00e9ch\u00e9es sont un produit naturel. Les bouquets \/ fleurs individuelles sont compos\u00e9s individuellement selon la saison et peuvent donc varier dans le choix des fleurs, leur disposition et leur couleur.<br \/>\n- Il peut y avoir des diff\u00e9rences entre la couleur illustr\u00e9e sur le site web et la couleur r\u00e9elle. Ceci en raison de l'incidence de la lumi\u00e8re, de la luminosit\u00e9 du moniteur, du r\u00e9glage du contraste, etc.<\/p>","protected":false},"excerpt":{"rendered":"<p>La nouvelle tendance en mati\u00e8re d'int\u00e9rieur Lot de 3 fleurs s\u00e9ch\u00e9es en coton ; branches de coton s\u00e9ch\u00e9es<\/p>","protected":false},"featured_media":77376,"template":"","meta":[],"product_brand":[],"product_cat":[117,23],"product_tag":[290],"woo-feed-brand":[],"class_list":{"0":"post-35416","1":"product","2":"type-product","3":"status-publish","4":"has-post-thumbnail","6":"product_cat-trockenblumen","7":"product_cat-home-living","8":"product_tag-atelier-leutwyler","10":"first","11":"instock","12":"featured","13":"taxable","14":"shipping-taxable","15":"purchasable","16":"product-type-simple"},"_links":{"self":[{"href":"https:\/\/www.fleurop-home.ch\/fr-ch\/wp-json\/wp\/v2\/product\/35416","targetHints":{"allow":["GET"]}}],"collection":[{"href":"https:\/\/www.fleurop-home.ch\/fr-ch\/wp-json\/wp\/v2\/product"}],"about":[{"href":"https:\/\/www.fleurop-home.ch\/fr-ch\/wp-json\/wp\/v2\/types\/product"}],"wp:featuredmedia":[{"embeddable":true,"href":"https:\/\/www.fleurop-home.ch\/fr-ch\/wp-json\/wp\/v2\/media\/77376"}],"wp:attachment":[{"href":"https:\/\/www.fleurop-home.ch\/fr-ch\/wp-json\/wp\/v2\/media?parent=35416"}],"wp:term":[{"taxonomy":"product_brand","embeddable":true,"href":"https:\/\/www.fleurop-home.ch\/fr-ch\/wp-json\/wp\/v2\/product_brand?post=35416"},{"taxonomy":"product_cat","embeddable":true,"href":"https:\/\/www.fleurop-home.ch\/fr-ch\/wp-json\/wp\/v2\/product_cat?post=35416"},{"taxonomy":"product_tag","embeddable":true,"href":"https:\/\/www.fleurop-home.ch\/fr-ch\/wp-json\/wp\/v2\/product_tag?post=35416"},{"taxonomy":"woo-feed-brand","embeddable":true,"href":"https:\/\/www.fleurop-home.ch\/fr-ch\/wp-json\/wp\/v2\/woo-feed-brand?post=35416"}],"curies":[{"name":"wp","href":"https:\/\/api.w.org\/{rel}","templated":true}]}}