{"id":35405,"date":"2024-06-07T14:51:06","date_gmt":"2024-06-07T12:51:06","guid":{"rendered":"https:\/\/www.fleurop-home.ch\/de-ch\/?post_type=product&#038;p=35405"},"modified":"2025-09-22T12:09:16","modified_gmt":"2025-09-22T10:09:16","slug":"munz-pelanges-noisettes-23g-megapack","status":"publish","type":"product","link":"https:\/\/www.fleurop-home.ch\/fr-ch\/p\/munz-pruegeli-haselnuss-23g-megapack","title":{"rendered":"Munz Pr\u00fcgeli noisette 23g Megapack"},"content":{"rendered":"<p style=\"text-align: left\">Le d\u00e9licieux Pr\u00fcgeli aux noisettes de Munz s\u00e9duit par son go\u00fbt particuli\u00e8rement intense de noisette et se distingue donc nettement des autres Pr\u00fcgeli de Munz. Il a la plus grande teneur en noisettes dans le chocolat aux noisettes avec environ 21%. Le go\u00fbt de noisette particuli\u00e8rement intense et perceptible est d\u00fb aux \u00e9clats de noisettes torr\u00e9fi\u00e9s de mani\u00e8re intense mais douce - principalement en provenance d'Italie. Elles sont pr\u00e9sentes \u00e0 la fois dans le fourrage du pralin\u00e9 et dans l'enrobage du chocolat Munz, et le Pr\u00fcgeli est en outre saupoudr\u00e9 d'\u00e9clats de noisettes.<\/p>\n<h3 style=\"text-align: left\"><strong>Contenu :<\/strong><\/h3>\n<p style=\"text-align: left\">33x Munz Pr\u00fcgeli noisette 23g<\/p>\n<h3 style=\"text-align: left\"><strong>Ingr\u00e9dients :\u00a0<\/strong><\/h3>\n<p style=\"text-align: left\">sucre, noisettes (\u00e9clats, moulues) 21 %, beurre de cacao, lait entier en poudre, p\u00e2te de cacao, lait \u00e9cr\u00e9m\u00e9 en poudre, amandes, ar\u00f4mes naturels, \u00e9mulsifiant (l\u00e9cithine de soja)<\/p>\n<h3 style=\"text-align: left\"><strong>Valeurs nutritionnelles (100g inclus)<\/strong><\/h3>\n<p>Fabriqu\u00e9 en Suisse par Maestrani Chocolats Suisses SA.<\/p>\n<table style=\"float: left\" width=\"350\">\n<tbody>\n<tr>\n<td>Valeur \u00e9nerg\u00e9tique<\/td>\n<td>2330 kJ (559 kcal)<\/td>\n<\/tr>\n<tr>\n<td>Graisse<\/td>\n<td>35g<\/td>\n<\/tr>\n<tr>\n<td>dont acides gras satur\u00e9s<\/td>\n<td>14g<\/td>\n<\/tr>\n<tr>\n<td>\u00a0Hydrates de carbone<\/td>\n<td>51g<\/td>\n<\/tr>\n<tr>\n<td>\u00a0dont sucre<\/td>\n<td>49g<\/td>\n<\/tr>\n<tr>\n<td>\u00a0Prot\u00e9ines<\/td>\n<td>7.2g<\/td>\n<\/tr>\n<tr>\n<td>Sel<\/td>\n<td>0.13g<\/td>\n<\/tr>\n<\/tbody>\n<\/table>\n<p style=\"text-align: left\">","protected":false},"excerpt":{"rendered":"<p>Munz Pr\u00fcgeli noisette 23g Megapack (33 x 23g)<\/p>","protected":false},"featured_media":35406,"template":"","meta":[],"product_brand":[],"product_cat":[114,42,885],"product_tag":[285],"woo-feed-brand":[],"class_list":{"0":"post-35405","1":"product","2":"type-product","3":"status-publish","4":"has-post-thumbnail","6":"product_cat-schokolade-sweets","7":"product_cat-kueche","8":"product_cat-koestlichkeiten","9":"product_tag-maestrani-schweizer-schokoladen-ag","11":"first","12":"instock","13":"taxable","14":"shipping-taxable","15":"purchasable","16":"product-type-simple"},"_links":{"self":[{"href":"https:\/\/www.fleurop-home.ch\/fr-ch\/wp-json\/wp\/v2\/product\/35405","targetHints":{"allow":["GET"]}}],"collection":[{"href":"https:\/\/www.fleurop-home.ch\/fr-ch\/wp-json\/wp\/v2\/product"}],"about":[{"href":"https:\/\/www.fleurop-home.ch\/fr-ch\/wp-json\/wp\/v2\/types\/product"}],"wp:featuredmedia":[{"embeddable":true,"href":"https:\/\/www.fleurop-home.ch\/fr-ch\/wp-json\/wp\/v2\/media\/35406"}],"wp:attachment":[{"href":"https:\/\/www.fleurop-home.ch\/fr-ch\/wp-json\/wp\/v2\/media?parent=35405"}],"wp:term":[{"taxonomy":"product_brand","embeddable":true,"href":"https:\/\/www.fleurop-home.ch\/fr-ch\/wp-json\/wp\/v2\/product_brand?post=35405"},{"taxonomy":"product_cat","embeddable":true,"href":"https:\/\/www.fleurop-home.ch\/fr-ch\/wp-json\/wp\/v2\/product_cat?post=35405"},{"taxonomy":"product_tag","embeddable":true,"href":"https:\/\/www.fleurop-home.ch\/fr-ch\/wp-json\/wp\/v2\/product_tag?post=35405"},{"taxonomy":"woo-feed-brand","embeddable":true,"href":"https:\/\/www.fleurop-home.ch\/fr-ch\/wp-json\/wp\/v2\/woo-feed-brand?post=35405"}],"curies":[{"name":"wp","href":"https:\/\/api.w.org\/{rel}","templated":true}]}}