{"id":34147,"date":"2024-05-17T13:31:55","date_gmt":"2024-05-17T11:31:55","guid":{"rendered":"https:\/\/www.fleurop-home.ch\/de-ch\/p\/schleierkraut-gypsophila-paniculata-2"},"modified":"2026-05-05T09:13:09","modified_gmt":"2026-05-05T07:13:09","slug":"-367","status":"publish","type":"product","link":"https:\/\/www.fleurop-home.ch\/fr-ch\/p\/schleierkraut-gypsophila-paniculata-2","title":{"rendered":"Gypsophile - Gypsophila paniculata"},"content":{"rendered":"<p>Schleierkraut Maytime zeigt sich mit einer F\u00fclle an feinen, rosafarbenen Bl\u00fcten, die von Juni bis August f\u00fcr eine luftige Leichtigkeit im Garten sorgen. Diese winterharte Bl\u00fctenschmuckstaude w\u00e4chst dicht und erreicht eine H\u00f6he von bis zu 120 cm. Sie bevorzugt sonnige Standorte und kommt mit m\u00e4ssig feuchtem, gut durchl\u00e4ssigem Boden besonders gut zur Geltung. Ob im Blumenbeet, in der Mischrabatte oder in hochwertigen Pflanzgef\u00e4ssen \u2013 diese Schweizer Qualit\u00e4tspflanze ist zudem gesch\u00e4tzt in der Floristik. Mit ihrer Blumenpracht aus Urkraft setzt sie nat\u00fcrliche Akzente in jedem Garten.<\/p>\n<p>Hauteur : 120 cm<br \/>\nTaille du pot : pot de 25<br \/>\nR\u00e9sistance au froid : r\u00e9sistant au froid<br \/>\nLumi\u00e8re : ensoleill\u00e9e<br \/>\nP\u00e9riode de floraison : juin \u00e0 ao\u00fbt<br \/>\nSol : perm\u00e9able<\/p>","protected":false},"excerpt":{"rendered":"<p>Schleierkraut Maytime \u2013 Rosa Bl\u00fctenschmuck aus Schweizer Produktion<\/p>","protected":false},"featured_media":34146,"template":"","meta":[],"product_brand":[],"product_cat":[109,34,41],"product_tag":[299],"woo-feed-brand":[],"class_list":{"0":"post-34147","1":"product","2":"type-product","3":"status-publish","4":"has-post-thumbnail","6":"product_cat-saisonale-pflanzen","7":"product_cat-garten-balkon","8":"product_cat-outdoorpflanzen","9":"product_tag-santispracht","11":"first","12":"instock","13":"taxable","14":"shipping-taxable","15":"purchasable","16":"product-type-simple"},"_links":{"self":[{"href":"https:\/\/www.fleurop-home.ch\/fr-ch\/wp-json\/wp\/v2\/product\/34147","targetHints":{"allow":["GET"]}}],"collection":[{"href":"https:\/\/www.fleurop-home.ch\/fr-ch\/wp-json\/wp\/v2\/product"}],"about":[{"href":"https:\/\/www.fleurop-home.ch\/fr-ch\/wp-json\/wp\/v2\/types\/product"}],"wp:featuredmedia":[{"embeddable":true,"href":"https:\/\/www.fleurop-home.ch\/fr-ch\/wp-json\/wp\/v2\/media\/34146"}],"wp:attachment":[{"href":"https:\/\/www.fleurop-home.ch\/fr-ch\/wp-json\/wp\/v2\/media?parent=34147"}],"wp:term":[{"taxonomy":"product_brand","embeddable":true,"href":"https:\/\/www.fleurop-home.ch\/fr-ch\/wp-json\/wp\/v2\/product_brand?post=34147"},{"taxonomy":"product_cat","embeddable":true,"href":"https:\/\/www.fleurop-home.ch\/fr-ch\/wp-json\/wp\/v2\/product_cat?post=34147"},{"taxonomy":"product_tag","embeddable":true,"href":"https:\/\/www.fleurop-home.ch\/fr-ch\/wp-json\/wp\/v2\/product_tag?post=34147"},{"taxonomy":"woo-feed-brand","embeddable":true,"href":"https:\/\/www.fleurop-home.ch\/fr-ch\/wp-json\/wp\/v2\/woo-feed-brand?post=34147"}],"curies":[{"name":"wp","href":"https:\/\/api.w.org\/{rel}","templated":true}]}}