{"id":34100,"date":"2024-05-17T13:31:37","date_gmt":"2024-05-17T11:31:37","guid":{"rendered":"https:\/\/www.fleurop-home.ch\/de-ch\/p\/elfensporn-diascia-personata"},"modified":"2026-05-12T09:22:47","modified_gmt":"2026-05-12T07:22:47","slug":"-349","status":"publish","type":"product","link":"https:\/\/www.fleurop-home.ch\/fr-ch\/p\/elfensporn-diascia-personata-2","title":{"rendered":"Eperon des elfes - Diascia personata"},"content":{"rendered":"<p>L'\u00e9peron des elfes orange convainc en tant que fleur estivale riche et compacte et convient parfaitement aux bacs de balcon, aux bordures, aux suspensions, aux bacs ou \u00e0 la plantation de tombes. Entre mai et septembre, la plante montre sa splendeur de fleurs rose-orange dans les endroits ensoleill\u00e9s. La culture en 100 % production suisse avec Suisse Garantie est synonyme de qualit\u00e9 et de r\u00e9gionalit\u00e9. Le sol perm\u00e9able ainsi qu'un apport mod\u00e9r\u00e9 en eau favorisent une croissance saine. Les insectes appr\u00e9cient tout particuli\u00e8rement l'abondance de fleurs de cette plante elfique. Tu contribues ainsi \u00e0 la promotion de la biodiversit\u00e9 dans ton jardin ou sur ton balcon.<\/p>\n<p>Hauteur : 30 cm<br \/>\nTaille du pot : pot de 14<br \/>\nR\u00e9sistance au froid : pas de r\u00e9sistance au froid<br \/>\nLumi\u00e8re : ensoleill\u00e9e<br \/>\nP\u00e9riode de floraison : de mai \u00e0 septembre<br \/>\nSol : perm\u00e9able<\/p>","protected":false},"excerpt":{"rendered":"<p>Elfensporn Orange - fleur d'\u00e9t\u00e9 compacte de production suisse<\/p>","protected":false},"featured_media":34099,"template":"","meta":[],"product_brand":[],"product_cat":[109,34,41],"product_tag":[299],"woo-feed-brand":[],"class_list":{"0":"post-34100","1":"product","2":"type-product","3":"status-publish","4":"has-post-thumbnail","6":"product_cat-saisonale-pflanzen","7":"product_cat-garten-balkon","8":"product_cat-outdoorpflanzen","9":"product_tag-santispracht","11":"first","12":"instock","13":"taxable","14":"shipping-taxable","15":"purchasable","16":"product-type-simple"},"_links":{"self":[{"href":"https:\/\/www.fleurop-home.ch\/fr-ch\/wp-json\/wp\/v2\/product\/34100","targetHints":{"allow":["GET"]}}],"collection":[{"href":"https:\/\/www.fleurop-home.ch\/fr-ch\/wp-json\/wp\/v2\/product"}],"about":[{"href":"https:\/\/www.fleurop-home.ch\/fr-ch\/wp-json\/wp\/v2\/types\/product"}],"wp:featuredmedia":[{"embeddable":true,"href":"https:\/\/www.fleurop-home.ch\/fr-ch\/wp-json\/wp\/v2\/media\/34099"}],"wp:attachment":[{"href":"https:\/\/www.fleurop-home.ch\/fr-ch\/wp-json\/wp\/v2\/media?parent=34100"}],"wp:term":[{"taxonomy":"product_brand","embeddable":true,"href":"https:\/\/www.fleurop-home.ch\/fr-ch\/wp-json\/wp\/v2\/product_brand?post=34100"},{"taxonomy":"product_cat","embeddable":true,"href":"https:\/\/www.fleurop-home.ch\/fr-ch\/wp-json\/wp\/v2\/product_cat?post=34100"},{"taxonomy":"product_tag","embeddable":true,"href":"https:\/\/www.fleurop-home.ch\/fr-ch\/wp-json\/wp\/v2\/product_tag?post=34100"},{"taxonomy":"woo-feed-brand","embeddable":true,"href":"https:\/\/www.fleurop-home.ch\/fr-ch\/wp-json\/wp\/v2\/woo-feed-brand?post=34100"}],"curies":[{"name":"wp","href":"https:\/\/api.w.org\/{rel}","templated":true}]}}