{"id":34032,"date":"2024-05-17T13:31:17","date_gmt":"2024-05-17T11:31:17","guid":{"rendered":"https:\/\/www.fleurop-home.ch\/de-ch\/p\/mittagsgold-gazania-cultivars"},"modified":"2026-04-28T11:49:25","modified_gmt":"2026-04-28T09:49:25","slug":"-330","status":"publish","type":"product","link":"https:\/\/www.fleurop-home.ch\/fr-ch\/p\/mittagsgold-gazania-cultivars-5","title":{"rendered":"L'or de midi - Gazania Cultivars"},"content":{"rendered":"<p>Mittagsgold Sun Stopper Orange convainc en tant que fleur d'\u00e9t\u00e9 color\u00e9e de 100 % production suisse. Les fleurs orange brillent de mai \u00e0 octobre et mettent en valeur les parterres de fleurs, les plates-bandes mixtes ou les bacs \u00e0 plantes. La plante pr\u00e9f\u00e8re un sol perm\u00e9able et un emplacement en plein soleil, ses besoins en eau sont mod\u00e9r\u00e9s. Elle attire l'attention et aide les insectes utiles dans le jardin. La qualit\u00e9 suisse avec Suisse Garantie garantit un plaisir durable avec des plantes vigoureuses et une splendeur florale durable.<\/p>\n<p>Hauteur : 25 cm<br \/>\nTaille du pot : pot de 14<br \/>\nR\u00e9sistance au froid : pas de r\u00e9sistance au froid<br \/>\nLumi\u00e8re : ensoleill\u00e9e<br \/>\nP\u00e9riode de floraison : de mai \u00e0 octobre<br \/>\nSol : perm\u00e9able<\/p>","protected":false},"excerpt":{"rendered":"<p>Mittagsgold Sun Stopper Orange - fleur d'\u00e9t\u00e9 pour les endroits ensoleill\u00e9s<\/p>","protected":false},"featured_media":34033,"template":"","meta":[],"product_brand":[],"product_cat":[109,34,41],"product_tag":[299],"woo-feed-brand":[],"class_list":{"0":"post-34032","1":"product","2":"type-product","3":"status-publish","4":"has-post-thumbnail","6":"product_cat-saisonale-pflanzen","7":"product_cat-garten-balkon","8":"product_cat-outdoorpflanzen","9":"product_tag-santispracht","11":"first","12":"instock","13":"taxable","14":"shipping-taxable","15":"purchasable","16":"product-type-simple"},"_links":{"self":[{"href":"https:\/\/www.fleurop-home.ch\/fr-ch\/wp-json\/wp\/v2\/product\/34032","targetHints":{"allow":["GET"]}}],"collection":[{"href":"https:\/\/www.fleurop-home.ch\/fr-ch\/wp-json\/wp\/v2\/product"}],"about":[{"href":"https:\/\/www.fleurop-home.ch\/fr-ch\/wp-json\/wp\/v2\/types\/product"}],"wp:featuredmedia":[{"embeddable":true,"href":"https:\/\/www.fleurop-home.ch\/fr-ch\/wp-json\/wp\/v2\/media\/34033"}],"wp:attachment":[{"href":"https:\/\/www.fleurop-home.ch\/fr-ch\/wp-json\/wp\/v2\/media?parent=34032"}],"wp:term":[{"taxonomy":"product_brand","embeddable":true,"href":"https:\/\/www.fleurop-home.ch\/fr-ch\/wp-json\/wp\/v2\/product_brand?post=34032"},{"taxonomy":"product_cat","embeddable":true,"href":"https:\/\/www.fleurop-home.ch\/fr-ch\/wp-json\/wp\/v2\/product_cat?post=34032"},{"taxonomy":"product_tag","embeddable":true,"href":"https:\/\/www.fleurop-home.ch\/fr-ch\/wp-json\/wp\/v2\/product_tag?post=34032"},{"taxonomy":"woo-feed-brand","embeddable":true,"href":"https:\/\/www.fleurop-home.ch\/fr-ch\/wp-json\/wp\/v2\/woo-feed-brand?post=34032"}],"curies":[{"name":"wp","href":"https:\/\/api.w.org\/{rel}","templated":true}]}}