{"id":34028,"date":"2024-05-17T13:31:16","date_gmt":"2024-05-17T11:31:16","guid":{"rendered":"https:\/\/www.fleurop-home.ch\/de-ch\/p\/mittagsgold-gazania-cultivars"},"modified":"2026-04-28T11:48:35","modified_gmt":"2026-04-28T09:48:35","slug":"-364","status":"publish","type":"product","link":"https:\/\/www.fleurop-home.ch\/fr-ch\/p\/mittagsgold-gazania-cultivars-3","title":{"rendered":"L'or de midi - Gazania Cultivars"},"content":{"rendered":"<p>L'or du midi Sun Stopper Lemon convainc en tant que plante d'\u00e9t\u00e9 color\u00e9e avec des fleurs jaunes puissantes de mai \u00e0 octobre. C'est surtout en plein soleil que le gazania d\u00e9ploie toute sa splendeur et reste facile \u00e0 entretenir. Elle pr\u00e9f\u00e8re un sol perm\u00e9able et un approvisionnement en eau mod\u00e9r\u00e9, ce qui la rend id\u00e9ale pour les parterres de fleurs, les plates-bandes mixtes et les diff\u00e9rents bacs \u00e0 plantes. En plus de sa floraison constante, cette vari\u00e9t\u00e9 est bonne pour les insectes, ce qui souligne encore plus sa valeur \u00e9cologique. La production a lieu en Suisse et est synonyme de plantes de qualit\u00e9 sup\u00e9rieure provenant de la r\u00e9gion.<\/p>\n<p>Hauteur : 25 cm<br \/>\nTaille du pot : pot de 14<br \/>\nR\u00e9sistance au froid : pas de r\u00e9sistance au froid<br \/>\nLumi\u00e8re : ensoleill\u00e9e<br \/>\nP\u00e9riode de floraison : de mai \u00e0 octobre<br \/>\nSol : perm\u00e9able<\/p>","protected":false},"excerpt":{"rendered":"<p>Mittagsgold Sun Stopper Lemon - Gazania jaune pour les parterres de fleurs d'\u00e9t\u00e9<\/p>","protected":false},"featured_media":34027,"template":"","meta":[],"product_brand":[],"product_cat":[109,34,41],"product_tag":[299],"woo-feed-brand":[],"class_list":{"0":"post-34028","1":"product","2":"type-product","3":"status-publish","4":"has-post-thumbnail","6":"product_cat-saisonale-pflanzen","7":"product_cat-garten-balkon","8":"product_cat-outdoorpflanzen","9":"product_tag-santispracht","11":"first","12":"instock","13":"taxable","14":"shipping-taxable","15":"purchasable","16":"product-type-simple"},"_links":{"self":[{"href":"https:\/\/www.fleurop-home.ch\/fr-ch\/wp-json\/wp\/v2\/product\/34028","targetHints":{"allow":["GET"]}}],"collection":[{"href":"https:\/\/www.fleurop-home.ch\/fr-ch\/wp-json\/wp\/v2\/product"}],"about":[{"href":"https:\/\/www.fleurop-home.ch\/fr-ch\/wp-json\/wp\/v2\/types\/product"}],"wp:featuredmedia":[{"embeddable":true,"href":"https:\/\/www.fleurop-home.ch\/fr-ch\/wp-json\/wp\/v2\/media\/34027"}],"wp:attachment":[{"href":"https:\/\/www.fleurop-home.ch\/fr-ch\/wp-json\/wp\/v2\/media?parent=34028"}],"wp:term":[{"taxonomy":"product_brand","embeddable":true,"href":"https:\/\/www.fleurop-home.ch\/fr-ch\/wp-json\/wp\/v2\/product_brand?post=34028"},{"taxonomy":"product_cat","embeddable":true,"href":"https:\/\/www.fleurop-home.ch\/fr-ch\/wp-json\/wp\/v2\/product_cat?post=34028"},{"taxonomy":"product_tag","embeddable":true,"href":"https:\/\/www.fleurop-home.ch\/fr-ch\/wp-json\/wp\/v2\/product_tag?post=34028"},{"taxonomy":"woo-feed-brand","embeddable":true,"href":"https:\/\/www.fleurop-home.ch\/fr-ch\/wp-json\/wp\/v2\/woo-feed-brand?post=34028"}],"curies":[{"name":"wp","href":"https:\/\/api.w.org\/{rel}","templated":true}]}}