{"id":34025,"date":"2024-05-17T13:31:15","date_gmt":"2024-05-17T11:31:15","guid":{"rendered":"https:\/\/www.fleurop-home.ch\/de-ch\/p\/blaue-binsenlilie-sisyrinchium-angustifolium"},"modified":"2026-04-28T11:38:46","modified_gmt":"2026-04-28T09:38:46","slug":"-347","status":"publish","type":"product","link":"https:\/\/www.fleurop-home.ch\/fr-ch\/p\/blaue-binsenlilie-sisyrinchium-angustifolium","title":{"rendered":"Lis de jonc bleu - Sisyrinchium angustifolium"},"content":{"rendered":"<p>Le lys jonc bleu Lucerne, produit en qualit\u00e9 suisse 100 %, est une plante \u00e0 fleurs peu exigeante, id\u00e9ale pour les bacs, les bordures, les bords d'\u00e9tang et les rocailles. Ses fines fleurs bleues apparaissent de mai \u00e0 juin et apportent une touche de couleur discr\u00e8te dans les jardins les plus divers. Avec une hauteur de croissance d'environ 20 cm, la plante reste compacte et esth\u00e9tique. L'emplacement doit \u00eatre ensoleill\u00e9 et le sol doit \u00eatre perm\u00e9able pour favoriser une croissance optimale. Un substrat mod\u00e9r\u00e9ment humide favorise \u00e9galement la sant\u00e9 de la plante vivace. Gr\u00e2ce \u00e0 sa r\u00e9sistance \u00e0 l'hiver, le lys bleu enrichit aussi durablement les projets de jardin proches de la nature et repr\u00e9sente une splendeur florale durable issue de la force primaire suisse.<\/p>\n<p>Hauteur : 20 cm<br \/>\nTaille du pot : pot de 14<br \/>\nR\u00e9sistance au froid : r\u00e9sistant au froid<br \/>\nLumi\u00e8re : ensoleill\u00e9e<br \/>\nP\u00e9riode de floraison : mai \u00e0 juin<br \/>\nSol : perm\u00e9able<\/p>","protected":false},"excerpt":{"rendered":"<p>Lis de jonc bleu Lucerne - plante vivace \u00e0 fleurs r\u00e9sistante \u00e0 l'hiver de qualit\u00e9 suisse<\/p>","protected":false},"featured_media":34024,"template":"","meta":[],"product_brand":[],"product_cat":[109,34,41],"product_tag":[299],"woo-feed-brand":[],"class_list":{"0":"post-34025","1":"product","2":"type-product","3":"status-publish","4":"has-post-thumbnail","6":"product_cat-saisonale-pflanzen","7":"product_cat-garten-balkon","8":"product_cat-outdoorpflanzen","9":"product_tag-santispracht","11":"first","12":"instock","13":"taxable","14":"shipping-taxable","15":"purchasable","16":"product-type-simple"},"_links":{"self":[{"href":"https:\/\/www.fleurop-home.ch\/fr-ch\/wp-json\/wp\/v2\/product\/34025","targetHints":{"allow":["GET"]}}],"collection":[{"href":"https:\/\/www.fleurop-home.ch\/fr-ch\/wp-json\/wp\/v2\/product"}],"about":[{"href":"https:\/\/www.fleurop-home.ch\/fr-ch\/wp-json\/wp\/v2\/types\/product"}],"wp:featuredmedia":[{"embeddable":true,"href":"https:\/\/www.fleurop-home.ch\/fr-ch\/wp-json\/wp\/v2\/media\/34024"}],"wp:attachment":[{"href":"https:\/\/www.fleurop-home.ch\/fr-ch\/wp-json\/wp\/v2\/media?parent=34025"}],"wp:term":[{"taxonomy":"product_brand","embeddable":true,"href":"https:\/\/www.fleurop-home.ch\/fr-ch\/wp-json\/wp\/v2\/product_brand?post=34025"},{"taxonomy":"product_cat","embeddable":true,"href":"https:\/\/www.fleurop-home.ch\/fr-ch\/wp-json\/wp\/v2\/product_cat?post=34025"},{"taxonomy":"product_tag","embeddable":true,"href":"https:\/\/www.fleurop-home.ch\/fr-ch\/wp-json\/wp\/v2\/product_tag?post=34025"},{"taxonomy":"woo-feed-brand","embeddable":true,"href":"https:\/\/www.fleurop-home.ch\/fr-ch\/wp-json\/wp\/v2\/woo-feed-brand?post=34025"}],"curies":[{"name":"wp","href":"https:\/\/api.w.org\/{rel}","templated":true}]}}