{"id":34022,"date":"2024-05-17T13:31:14","date_gmt":"2024-05-17T11:31:14","guid":{"rendered":"https:\/\/www.fleurop-home.ch\/de-ch\/p\/elfenspiegel-nemesia-strumosa"},"modified":"2026-04-23T08:46:28","modified_gmt":"2026-04-23T06:46:28","slug":"-324","status":"publish","type":"product","link":"https:\/\/www.fleurop-home.ch\/fr-ch\/p\/elfenspiegel-nemesia-strumosa","title":{"rendered":"Miroir des elfes - Nemesia strumosa"},"content":{"rendered":"<p>Le miroir elfique Raspberry se pr\u00e9sente comme une fleur d'\u00e9t\u00e9 color\u00e9e et provient d'une production suisse 100 % avec Suisse Garantie. La plante pr\u00e9f\u00e8re un emplacement ensoleill\u00e9 et convainc par sa croissance compacte et sa floraison rouge vif de juin \u00e0 ao\u00fbt. Cette plante estivale est id\u00e9ale pour les bordures de fleurs ou les bacs \u00e0 plantes. Le sol doit \u00eatre perm\u00e9able et un apport d'eau mod\u00e9r\u00e9 est recommand\u00e9. Profite des propri\u00e9t\u00e9s vitales et de l'agr\u00e9able parfum de cette elfe, qui donnera \u00e0 ton jardin une beaut\u00e9 naturelle pendant la saison chaude.<\/p>\n<p>Hauteur : 30 cm<br \/>\nTaille du pot : pot de 12<br \/>\nR\u00e9sistance au froid : pas de r\u00e9sistance au froid<br \/>\nLumi\u00e8re : ensoleill\u00e9e<br \/>\nP\u00e9riode de floraison : juin \u00e0 ao\u00fbt<br \/>\nSol : perm\u00e9able<\/p>","protected":false},"excerpt":{"rendered":"<p>Miroir elfique Raspberry - fleur d'\u00e9t\u00e9 de production suisse, pot de 12 pi\u00e8ces<\/p>","protected":false},"featured_media":34021,"template":"","meta":[],"product_brand":[],"product_cat":[109,34,41],"product_tag":[299],"woo-feed-brand":[],"class_list":{"0":"post-34022","1":"product","2":"type-product","3":"status-publish","4":"has-post-thumbnail","6":"product_cat-saisonale-pflanzen","7":"product_cat-garten-balkon","8":"product_cat-outdoorpflanzen","9":"product_tag-santispracht","11":"first","12":"instock","13":"taxable","14":"shipping-taxable","15":"purchasable","16":"product-type-simple"},"_links":{"self":[{"href":"https:\/\/www.fleurop-home.ch\/fr-ch\/wp-json\/wp\/v2\/product\/34022","targetHints":{"allow":["GET"]}}],"collection":[{"href":"https:\/\/www.fleurop-home.ch\/fr-ch\/wp-json\/wp\/v2\/product"}],"about":[{"href":"https:\/\/www.fleurop-home.ch\/fr-ch\/wp-json\/wp\/v2\/types\/product"}],"wp:featuredmedia":[{"embeddable":true,"href":"https:\/\/www.fleurop-home.ch\/fr-ch\/wp-json\/wp\/v2\/media\/34021"}],"wp:attachment":[{"href":"https:\/\/www.fleurop-home.ch\/fr-ch\/wp-json\/wp\/v2\/media?parent=34022"}],"wp:term":[{"taxonomy":"product_brand","embeddable":true,"href":"https:\/\/www.fleurop-home.ch\/fr-ch\/wp-json\/wp\/v2\/product_brand?post=34022"},{"taxonomy":"product_cat","embeddable":true,"href":"https:\/\/www.fleurop-home.ch\/fr-ch\/wp-json\/wp\/v2\/product_cat?post=34022"},{"taxonomy":"product_tag","embeddable":true,"href":"https:\/\/www.fleurop-home.ch\/fr-ch\/wp-json\/wp\/v2\/product_tag?post=34022"},{"taxonomy":"woo-feed-brand","embeddable":true,"href":"https:\/\/www.fleurop-home.ch\/fr-ch\/wp-json\/wp\/v2\/woo-feed-brand?post=34022"}],"curies":[{"name":"wp","href":"https:\/\/api.w.org\/{rel}","templated":true}]}}