{"id":34019,"date":"2024-05-17T13:31:13","date_gmt":"2024-05-17T11:31:13","guid":{"rendered":"https:\/\/www.fleurop-home.ch\/de-ch\/p\/elfenspiegel-nemesia-strumosa"},"modified":"2026-04-28T11:33:21","modified_gmt":"2026-04-28T09:33:21","slug":"-326","status":"publish","type":"product","link":"https:\/\/www.fleurop-home.ch\/fr-ch\/p\/elfenspiegel-nemesia-strumosa-3","title":{"rendered":"Miroir des elfes - Nemesia strumosa"},"content":{"rendered":"<p>Avec ses fines fleurs roses, le miroir des elfes Nemesia strumosa Lychee apporte du charme \u00e0 toute plantation estivale. Cette plante saisonni\u00e8re est issue d'une production 100% suisse et se d\u00e9veloppe mieux dans un endroit ensoleill\u00e9. La fleur estivale agr\u00e9ablement parfum\u00e9e pr\u00e9f\u00e8re un sol perm\u00e9able et n\u00e9cessite un apport mod\u00e9r\u00e9 en eau. Id\u00e9ale pour les plates-bandes ou les bacs \u00e0 plantes, la plante apporte des accents color\u00e9s de juin \u00e0 ao\u00fbt. La qualit\u00e9 suisse proche de la nature souligne l'aspect robuste et assure une magnifique floraison pendant les mois chauds.<\/p>\n<p>Hauteur : 30 cm<br \/>\nTaille du pot : pot de 12<br \/>\nR\u00e9sistance au froid : pas de r\u00e9sistance au froid<br \/>\nLumi\u00e8re : ensoleill\u00e9e<br \/>\nP\u00e9riode de floraison : juin \u00e0 ao\u00fbt<br \/>\nSol : perm\u00e9able<\/p>","protected":false},"excerpt":{"rendered":"<p>Miroir des elfes Nemesia strumosa Lychee rose - plante saisonni\u00e8re de culture suisse<\/p>","protected":false},"featured_media":34018,"template":"","meta":[],"product_brand":[],"product_cat":[109,34,41],"product_tag":[299],"woo-feed-brand":[],"class_list":{"0":"post-34019","1":"product","2":"type-product","3":"status-publish","4":"has-post-thumbnail","6":"product_cat-saisonale-pflanzen","7":"product_cat-garten-balkon","8":"product_cat-outdoorpflanzen","9":"product_tag-santispracht","11":"first","12":"instock","13":"taxable","14":"shipping-taxable","15":"purchasable","16":"product-type-simple"},"_links":{"self":[{"href":"https:\/\/www.fleurop-home.ch\/fr-ch\/wp-json\/wp\/v2\/product\/34019","targetHints":{"allow":["GET"]}}],"collection":[{"href":"https:\/\/www.fleurop-home.ch\/fr-ch\/wp-json\/wp\/v2\/product"}],"about":[{"href":"https:\/\/www.fleurop-home.ch\/fr-ch\/wp-json\/wp\/v2\/types\/product"}],"wp:featuredmedia":[{"embeddable":true,"href":"https:\/\/www.fleurop-home.ch\/fr-ch\/wp-json\/wp\/v2\/media\/34018"}],"wp:attachment":[{"href":"https:\/\/www.fleurop-home.ch\/fr-ch\/wp-json\/wp\/v2\/media?parent=34019"}],"wp:term":[{"taxonomy":"product_brand","embeddable":true,"href":"https:\/\/www.fleurop-home.ch\/fr-ch\/wp-json\/wp\/v2\/product_brand?post=34019"},{"taxonomy":"product_cat","embeddable":true,"href":"https:\/\/www.fleurop-home.ch\/fr-ch\/wp-json\/wp\/v2\/product_cat?post=34019"},{"taxonomy":"product_tag","embeddable":true,"href":"https:\/\/www.fleurop-home.ch\/fr-ch\/wp-json\/wp\/v2\/product_tag?post=34019"},{"taxonomy":"woo-feed-brand","embeddable":true,"href":"https:\/\/www.fleurop-home.ch\/fr-ch\/wp-json\/wp\/v2\/woo-feed-brand?post=34019"}],"curies":[{"name":"wp","href":"https:\/\/api.w.org\/{rel}","templated":true}]}}