{"id":34016,"date":"2024-05-17T13:31:12","date_gmt":"2024-05-17T11:31:12","guid":{"rendered":"https:\/\/www.fleurop-home.ch\/de-ch\/p\/elfenspiegel-nemesia-strumosa"},"modified":"2026-04-28T11:32:23","modified_gmt":"2026-04-28T09:32:23","slug":"-325","status":"publish","type":"product","link":"https:\/\/www.fleurop-home.ch\/fr-ch\/p\/elfenspiegel-nemesia-strumosa-2","title":{"rendered":"Miroir des elfes - Nemesia strumosa"},"content":{"rendered":"<p>Le miroir elfique Cl\u00e9mentine est une plante saisonni\u00e8re pleine de caract\u00e8re avec des fleurs orange vif qui d\u00e9ploient leur charme estival de juin \u00e0 ao\u00fbt. Cette vari\u00e9t\u00e9 pr\u00e9f\u00e8re les endroits ensoleill\u00e9s et pousse particuli\u00e8rement bien dans les bordures de fleurs ainsi que dans les pots de plantes. Pour une croissance saine, il est recommand\u00e9 d'avoir un sol perm\u00e9able et un apport d'eau mod\u00e9r\u00e9 afin d'\u00e9viter l'eau stagnante. Les plantes convainquent par leur qualit\u00e9 \u00e9lev\u00e9e habituelle issue de la production suisse et apportent un accent color\u00e9 dans le jardin ou sur le balcon.<\/p>\n<p>Hauteur : 30 cm<br \/>\nTaille du pot : pot de 12<br \/>\nR\u00e9sistance au froid : pas de r\u00e9sistance au froid<br \/>\nLumi\u00e8re : ensoleill\u00e9e<br \/>\nP\u00e9riode de floraison : juin \u00e0 ao\u00fbt<br \/>\nSol : perm\u00e9able<\/p>","protected":false},"excerpt":{"rendered":"<p>Miroir elfique Cl\u00e9mentine - fleur d'\u00e9t\u00e9 orange de production suisse<\/p>","protected":false},"featured_media":34015,"template":"","meta":[],"product_brand":[],"product_cat":[109,34,41],"product_tag":[299],"woo-feed-brand":[],"class_list":{"0":"post-34016","1":"product","2":"type-product","3":"status-publish","4":"has-post-thumbnail","6":"product_cat-saisonale-pflanzen","7":"product_cat-garten-balkon","8":"product_cat-outdoorpflanzen","9":"product_tag-santispracht","11":"first","12":"instock","13":"taxable","14":"shipping-taxable","15":"purchasable","16":"product-type-simple"},"_links":{"self":[{"href":"https:\/\/www.fleurop-home.ch\/fr-ch\/wp-json\/wp\/v2\/product\/34016","targetHints":{"allow":["GET"]}}],"collection":[{"href":"https:\/\/www.fleurop-home.ch\/fr-ch\/wp-json\/wp\/v2\/product"}],"about":[{"href":"https:\/\/www.fleurop-home.ch\/fr-ch\/wp-json\/wp\/v2\/types\/product"}],"wp:featuredmedia":[{"embeddable":true,"href":"https:\/\/www.fleurop-home.ch\/fr-ch\/wp-json\/wp\/v2\/media\/34015"}],"wp:attachment":[{"href":"https:\/\/www.fleurop-home.ch\/fr-ch\/wp-json\/wp\/v2\/media?parent=34016"}],"wp:term":[{"taxonomy":"product_brand","embeddable":true,"href":"https:\/\/www.fleurop-home.ch\/fr-ch\/wp-json\/wp\/v2\/product_brand?post=34016"},{"taxonomy":"product_cat","embeddable":true,"href":"https:\/\/www.fleurop-home.ch\/fr-ch\/wp-json\/wp\/v2\/product_cat?post=34016"},{"taxonomy":"product_tag","embeddable":true,"href":"https:\/\/www.fleurop-home.ch\/fr-ch\/wp-json\/wp\/v2\/product_tag?post=34016"},{"taxonomy":"woo-feed-brand","embeddable":true,"href":"https:\/\/www.fleurop-home.ch\/fr-ch\/wp-json\/wp\/v2\/woo-feed-brand?post=34016"}],"curies":[{"name":"wp","href":"https:\/\/api.w.org\/{rel}","templated":true}]}}