{"id":33996,"date":"2024-05-17T13:31:07","date_gmt":"2024-05-17T11:31:07","guid":{"rendered":"https:\/\/www.fleurop-home.ch\/de-ch\/p\/garten-fuchsie-fuchsia-cultivars"},"modified":"2026-05-05T09:17:01","modified_gmt":"2026-05-05T07:17:01","slug":"-317","status":"publish","type":"product","link":"https:\/\/www.fleurop-home.ch\/fr-ch\/p\/garten-fuchsie-fuchsia-cultivars-2","title":{"rendered":"Fuchsia de jardin - Fuchsia Cultivars"},"content":{"rendered":"<p>Die Garten-Fuchsie Diva Light Pink &amp; Purple entfaltet ihre attraktiven Bl\u00fcten von Mai bis Oktober und eignet sich ideal f\u00fcr Balkonkisten, Tr\u00f6ge, Rabatten oder als liebevolle Gestaltung auf Gr\u00e4bern. Als Saisonpflanze bevorzugt sie halbschattige Standorte und kommt mit m\u00e4ssig feuchtem, durchl\u00e4ssigem Boden bestens zurecht. Mit ihrer kompakten H\u00f6he von 40 cm sorgt sie zuverl\u00e4ssig f\u00fcr Farbe in deinem Sommerflor. Diese Fuchsie stammt aus 100 % Schweizer Produktion und vereint robuste Qualit\u00e4t mit besonderer Blumenpracht aus Urkraft.<\/p>\n<p>Hauteur : 40 cm<br \/>\nTaille du pot : pot de 12<br \/>\nR\u00e9sistance au froid : pas de r\u00e9sistance au froid<br \/>\nLumi\u00e8re : semi-ombrag\u00e9e<br \/>\nP\u00e9riode de floraison : de mai \u00e0 octobre<br \/>\nSol : perm\u00e9able<\/p>","protected":false},"excerpt":{"rendered":"<p>Garten-Fuchsie Diva Light Pink &amp; Purple \u2013 Saisonpflanze f\u00fcr halbschattige Pl\u00e4tze<\/p>","protected":false},"featured_media":33995,"template":"","meta":[],"product_brand":[],"product_cat":[109,34,41],"product_tag":[299],"woo-feed-brand":[],"class_list":{"0":"post-33996","1":"product","2":"type-product","3":"status-publish","4":"has-post-thumbnail","6":"product_cat-saisonale-pflanzen","7":"product_cat-garten-balkon","8":"product_cat-outdoorpflanzen","9":"product_tag-santispracht","11":"first","12":"instock","13":"taxable","14":"shipping-taxable","15":"purchasable","16":"product-type-simple"},"_links":{"self":[{"href":"https:\/\/www.fleurop-home.ch\/fr-ch\/wp-json\/wp\/v2\/product\/33996","targetHints":{"allow":["GET"]}}],"collection":[{"href":"https:\/\/www.fleurop-home.ch\/fr-ch\/wp-json\/wp\/v2\/product"}],"about":[{"href":"https:\/\/www.fleurop-home.ch\/fr-ch\/wp-json\/wp\/v2\/types\/product"}],"wp:featuredmedia":[{"embeddable":true,"href":"https:\/\/www.fleurop-home.ch\/fr-ch\/wp-json\/wp\/v2\/media\/33995"}],"wp:attachment":[{"href":"https:\/\/www.fleurop-home.ch\/fr-ch\/wp-json\/wp\/v2\/media?parent=33996"}],"wp:term":[{"taxonomy":"product_brand","embeddable":true,"href":"https:\/\/www.fleurop-home.ch\/fr-ch\/wp-json\/wp\/v2\/product_brand?post=33996"},{"taxonomy":"product_cat","embeddable":true,"href":"https:\/\/www.fleurop-home.ch\/fr-ch\/wp-json\/wp\/v2\/product_cat?post=33996"},{"taxonomy":"product_tag","embeddable":true,"href":"https:\/\/www.fleurop-home.ch\/fr-ch\/wp-json\/wp\/v2\/product_tag?post=33996"},{"taxonomy":"woo-feed-brand","embeddable":true,"href":"https:\/\/www.fleurop-home.ch\/fr-ch\/wp-json\/wp\/v2\/woo-feed-brand?post=33996"}],"curies":[{"name":"wp","href":"https:\/\/api.w.org\/{rel}","templated":true}]}}