{"id":33911,"date":"2024-05-17T13:30:35","date_gmt":"2024-05-17T11:30:35","guid":{"rendered":"https:\/\/www.fleurop-home.ch\/de-ch\/p\/nelke-dianthus-hybrida"},"modified":"2026-04-07T14:47:42","modified_gmt":"2026-04-07T12:47:42","slug":"-291","status":"publish","type":"product","link":"https:\/\/www.fleurop-home.ch\/fr-ch\/p\/nelke-dianthus-hybrida-4","title":{"rendered":"\u0152illet - Dianthus Hybrida"},"content":{"rendered":"<p>Les fleurs color\u00e9es apportent une touche de couleur d\u00e9corative aux parterres de fleurs, aux bacs et aux bordures mixtes, ainsi qu'aux pots de plantes sur la terrasse ou le balcon.<\/p>\n<p>Hauteur : 30 cm<br \/>\nTaille du pot : pot de 16<br \/>\nR\u00e9sistance au froid : pas de r\u00e9sistance au froid<br \/>\nLumi\u00e8re : ensoleill\u00e9e<br \/>\nP\u00e9riode de floraison : mars \u00e0 avril<br \/>\nSol : perm\u00e9able<\/p>","protected":false},"excerpt":{"rendered":"<p>\u0152illet - Dianthus Cultivars Capitan CAP Colon<\/p>","protected":false},"featured_media":33910,"template":"","meta":[],"product_brand":[],"product_cat":[109,34,41],"product_tag":[299],"woo-feed-brand":[],"class_list":{"0":"post-33911","1":"product","2":"type-product","3":"status-publish","4":"has-post-thumbnail","6":"product_cat-saisonale-pflanzen","7":"product_cat-garten-balkon","8":"product_cat-outdoorpflanzen","9":"product_tag-santispracht","11":"first","12":"instock","13":"taxable","14":"shipping-taxable","15":"purchasable","16":"product-type-simple"},"_links":{"self":[{"href":"https:\/\/www.fleurop-home.ch\/fr-ch\/wp-json\/wp\/v2\/product\/33911","targetHints":{"allow":["GET"]}}],"collection":[{"href":"https:\/\/www.fleurop-home.ch\/fr-ch\/wp-json\/wp\/v2\/product"}],"about":[{"href":"https:\/\/www.fleurop-home.ch\/fr-ch\/wp-json\/wp\/v2\/types\/product"}],"wp:featuredmedia":[{"embeddable":true,"href":"https:\/\/www.fleurop-home.ch\/fr-ch\/wp-json\/wp\/v2\/media\/33910"}],"wp:attachment":[{"href":"https:\/\/www.fleurop-home.ch\/fr-ch\/wp-json\/wp\/v2\/media?parent=33911"}],"wp:term":[{"taxonomy":"product_brand","embeddable":true,"href":"https:\/\/www.fleurop-home.ch\/fr-ch\/wp-json\/wp\/v2\/product_brand?post=33911"},{"taxonomy":"product_cat","embeddable":true,"href":"https:\/\/www.fleurop-home.ch\/fr-ch\/wp-json\/wp\/v2\/product_cat?post=33911"},{"taxonomy":"product_tag","embeddable":true,"href":"https:\/\/www.fleurop-home.ch\/fr-ch\/wp-json\/wp\/v2\/product_tag?post=33911"},{"taxonomy":"woo-feed-brand","embeddable":true,"href":"https:\/\/www.fleurop-home.ch\/fr-ch\/wp-json\/wp\/v2\/woo-feed-brand?post=33911"}],"curies":[{"name":"wp","href":"https:\/\/api.w.org\/{rel}","templated":true}]}}