{"id":33904,"date":"2024-05-17T13:30:33","date_gmt":"2024-05-17T11:30:33","guid":{"rendered":"https:\/\/www.fleurop-home.ch\/de-ch\/p\/islandmohn-papaver-nudicaule-2"},"modified":"2026-04-30T09:20:54","modified_gmt":"2026-04-30T07:20:54","slug":"-289","status":"publish","type":"product","link":"https:\/\/www.fleurop-home.ch\/fr-ch\/p\/islandmohn-papaver-nudicaule-10","title":{"rendered":"Pavot d'Islande - Papaver nudicaule"},"content":{"rendered":"<p>Le pavot d'Islande Bubbles White est une plante saisonni\u00e8re classique qui s\u00e9duit par ses \u00e9l\u00e9gantes fleurs blanches. Gr\u00e2ce \u00e0 sa robustesse, il est id\u00e9al pour les bordures mixtes ensoleill\u00e9es, les parterres de fleurs sauvages ainsi que pour les bacs et les bacs \u00e0 fleurs. Ses fleurs offrent aux abeilles une contribution pr\u00e9cieuse \u00e0 la recherche de nourriture et favorisent ainsi la biodiversit\u00e9 autour de ta maison. Les plantes pr\u00e9f\u00e8rent un sol perm\u00e9able et ont besoin d'un apport en eau mod\u00e9r\u00e9. Avec une hauteur d'environ 40 cm, ce pavot d'Islande donnera de la couleur et de la vie \u00e0 ton jardin pendant les mois chauds. La production se fait \u00e0 100 % en Suisse et garantit ainsi une qualit\u00e9 r\u00e9gionale et une culture proche de la nature.<\/p>\n<p>Hauteur : 40 cm<br \/>\nTaille du pot : pot de 16<br \/>\nR\u00e9sistance au froid : pas de r\u00e9sistance au froid<br \/>\nLumi\u00e8re : ensoleill\u00e9e<br \/>\nP\u00e9riode de floraison : d'avril \u00e0 ao\u00fbt<br \/>\nSol : perm\u00e9able<\/p>","protected":false},"excerpt":{"rendered":"<p>Pavot d'Islande Bubbles White - plante annuelle d\u00e9corative \u00e0 fleurs pour les abeilles<\/p>","protected":false},"featured_media":33903,"template":"","meta":[],"product_brand":[],"product_cat":[109,34,41],"product_tag":[299],"woo-feed-brand":[],"class_list":{"0":"post-33904","1":"product","2":"type-product","3":"status-publish","4":"has-post-thumbnail","6":"product_cat-saisonale-pflanzen","7":"product_cat-garten-balkon","8":"product_cat-outdoorpflanzen","9":"product_tag-santispracht","11":"first","12":"instock","13":"taxable","14":"shipping-taxable","15":"purchasable","16":"product-type-simple"},"_links":{"self":[{"href":"https:\/\/www.fleurop-home.ch\/fr-ch\/wp-json\/wp\/v2\/product\/33904","targetHints":{"allow":["GET"]}}],"collection":[{"href":"https:\/\/www.fleurop-home.ch\/fr-ch\/wp-json\/wp\/v2\/product"}],"about":[{"href":"https:\/\/www.fleurop-home.ch\/fr-ch\/wp-json\/wp\/v2\/types\/product"}],"wp:featuredmedia":[{"embeddable":true,"href":"https:\/\/www.fleurop-home.ch\/fr-ch\/wp-json\/wp\/v2\/media\/33903"}],"wp:attachment":[{"href":"https:\/\/www.fleurop-home.ch\/fr-ch\/wp-json\/wp\/v2\/media?parent=33904"}],"wp:term":[{"taxonomy":"product_brand","embeddable":true,"href":"https:\/\/www.fleurop-home.ch\/fr-ch\/wp-json\/wp\/v2\/product_brand?post=33904"},{"taxonomy":"product_cat","embeddable":true,"href":"https:\/\/www.fleurop-home.ch\/fr-ch\/wp-json\/wp\/v2\/product_cat?post=33904"},{"taxonomy":"product_tag","embeddable":true,"href":"https:\/\/www.fleurop-home.ch\/fr-ch\/wp-json\/wp\/v2\/product_tag?post=33904"},{"taxonomy":"woo-feed-brand","embeddable":true,"href":"https:\/\/www.fleurop-home.ch\/fr-ch\/wp-json\/wp\/v2\/woo-feed-brand?post=33904"}],"curies":[{"name":"wp","href":"https:\/\/api.w.org\/{rel}","templated":true}]}}