{"id":33901,"date":"2024-05-17T13:30:33","date_gmt":"2024-05-17T11:30:33","guid":{"rendered":"https:\/\/www.fleurop-home.ch\/de-ch\/p\/islandmohn-papaver-nudicaule-2"},"modified":"2026-04-30T09:18:58","modified_gmt":"2026-04-30T07:18:58","slug":"pavot-dislande-papaver-nudicaule-15","status":"publish","type":"product","link":"https:\/\/www.fleurop-home.ch\/fr-ch\/p\/islandmohn-papaver-nudicaule-15","title":{"rendered":"Pavot d'Islande - Papaver nudicaule"},"content":{"rendered":"<p>Le pavot d'Islande Red est une plante saisonni\u00e8re qui enrichit les endroits ensoleill\u00e9s du jardin, de la terrasse ou du balcon avec sa couleur de fleur remarquable d'avril \u00e0 ao\u00fbt. Cette plante d\u00e9corative annuelle \u00e0 fleurs convient parfaitement aux sols perm\u00e9ables et pr\u00e9f\u00e8re un approvisionnement en eau mod\u00e9r\u00e9. Avec une hauteur de croissance d'environ 40 cm, le pavot d'Islande est id\u00e9al pour les bordures mixtes, les parterres de fleurs sauvages ainsi que les bacs et les bacs. Ses fleurs sont une source de nourriture importante pour les abeilles et soutiennent ainsi la biodiversit\u00e9 dans ton propre jardin. La production se fait \u00e0 100 % en Suisse et est synonyme de qualit\u00e9 sup\u00e9rieure et de culture de plantes proche de la nature.<\/p>\n<p>Hauteur : 40 cm<br \/>\nTaille du pot : pot de 16<br \/>\nR\u00e9sistance au froid : pas de r\u00e9sistance au froid<br \/>\nLumi\u00e8re : ensoleill\u00e9e<br \/>\nP\u00e9riode de floraison : d'avril \u00e0 ao\u00fbt<br \/>\nSol : perm\u00e9able<br \/>\nBon pour les insectes<\/p>","protected":false},"excerpt":{"rendered":"<p>Pavot d'Islande Red - Une floraison \u00e9clatante pour les abeilles<\/p>","protected":false},"featured_media":33900,"template":"","meta":[],"product_brand":[],"product_cat":[109,34,41],"product_tag":[299],"woo-feed-brand":[],"class_list":{"0":"post-33901","1":"product","2":"type-product","3":"status-publish","4":"has-post-thumbnail","6":"product_cat-saisonale-pflanzen","7":"product_cat-garten-balkon","8":"product_cat-outdoorpflanzen","9":"product_tag-santispracht","11":"first","12":"instock","13":"taxable","14":"shipping-taxable","15":"purchasable","16":"product-type-simple"},"_links":{"self":[{"href":"https:\/\/www.fleurop-home.ch\/fr-ch\/wp-json\/wp\/v2\/product\/33901","targetHints":{"allow":["GET"]}}],"collection":[{"href":"https:\/\/www.fleurop-home.ch\/fr-ch\/wp-json\/wp\/v2\/product"}],"about":[{"href":"https:\/\/www.fleurop-home.ch\/fr-ch\/wp-json\/wp\/v2\/types\/product"}],"wp:featuredmedia":[{"embeddable":true,"href":"https:\/\/www.fleurop-home.ch\/fr-ch\/wp-json\/wp\/v2\/media\/33900"}],"wp:attachment":[{"href":"https:\/\/www.fleurop-home.ch\/fr-ch\/wp-json\/wp\/v2\/media?parent=33901"}],"wp:term":[{"taxonomy":"product_brand","embeddable":true,"href":"https:\/\/www.fleurop-home.ch\/fr-ch\/wp-json\/wp\/v2\/product_brand?post=33901"},{"taxonomy":"product_cat","embeddable":true,"href":"https:\/\/www.fleurop-home.ch\/fr-ch\/wp-json\/wp\/v2\/product_cat?post=33901"},{"taxonomy":"product_tag","embeddable":true,"href":"https:\/\/www.fleurop-home.ch\/fr-ch\/wp-json\/wp\/v2\/product_tag?post=33901"},{"taxonomy":"woo-feed-brand","embeddable":true,"href":"https:\/\/www.fleurop-home.ch\/fr-ch\/wp-json\/wp\/v2\/woo-feed-brand?post=33901"}],"curies":[{"name":"wp","href":"https:\/\/api.w.org\/{rel}","templated":true}]}}