{"id":33881,"date":"2024-05-17T13:30:27","date_gmt":"2024-05-17T11:30:27","guid":{"rendered":"https:\/\/www.fleurop-home.ch\/de-ch\/p\/eisenkraut-verbena-cultivars-2"},"modified":"2026-05-15T10:05:50","modified_gmt":"2026-05-15T08:05:50","slug":"-283","status":"publish","type":"product","link":"https:\/\/www.fleurop-home.ch\/fr-ch\/p\/eisenkraut-verbena-cultivars-3","title":{"rendered":"Verveine - Verbena Cultivars"},"content":{"rendered":"<p>Dieses Eisenkraut bringt mit seinen leuchtend orangen Bl\u00fcten Farbe in deinen Garten oder auf den Balkon. Die Sorte Lascar Mango Orange eignet sich durch ihren h\u00e4ngenden bis kriechenden Wuchs perfekt f\u00fcr H\u00e4ngeampeln, Balkonkisten und Rabatten. Sie bevorzugt sonnige Pl\u00e4tze mit durchl\u00e4ssigem Boden und einer m\u00e4ssigen Wasserversorgung. Pflegeleicht im Umgang, erfreut diese Saisonpflanze von Mai bis Oktober mit ihrer Bl\u00fctenpracht \u2013 nat\u00fcrlich in 100 % Schweizer Produktion und mit Suisse Garantie.<\/p>\n<p>Hauteur : 25 cm<br \/>\nTaille du pot : pot de 12<br \/>\nR\u00e9sistance au froid : pas de r\u00e9sistance au froid<br \/>\nLumi\u00e8re : ensoleill\u00e9e<br \/>\nP\u00e9riode de floraison : de mai \u00e0 octobre<br \/>\nSol : perm\u00e9able<\/p>","protected":false},"excerpt":{"rendered":"<p>Pflegeleichtes Eisenkraut Lascar Mango Orange im 12er Topf \u2013 orange Sommerflor aus Schweizer Produktion<\/p>","protected":false},"featured_media":33880,"template":"","meta":[],"product_brand":[],"product_cat":[109,34,41],"product_tag":[299],"woo-feed-brand":[],"class_list":{"0":"post-33881","1":"product","2":"type-product","3":"status-publish","4":"has-post-thumbnail","6":"product_cat-saisonale-pflanzen","7":"product_cat-garten-balkon","8":"product_cat-outdoorpflanzen","9":"product_tag-santispracht","11":"first","12":"instock","13":"taxable","14":"shipping-taxable","15":"purchasable","16":"product-type-simple"},"_links":{"self":[{"href":"https:\/\/www.fleurop-home.ch\/fr-ch\/wp-json\/wp\/v2\/product\/33881","targetHints":{"allow":["GET"]}}],"collection":[{"href":"https:\/\/www.fleurop-home.ch\/fr-ch\/wp-json\/wp\/v2\/product"}],"about":[{"href":"https:\/\/www.fleurop-home.ch\/fr-ch\/wp-json\/wp\/v2\/types\/product"}],"wp:featuredmedia":[{"embeddable":true,"href":"https:\/\/www.fleurop-home.ch\/fr-ch\/wp-json\/wp\/v2\/media\/33880"}],"wp:attachment":[{"href":"https:\/\/www.fleurop-home.ch\/fr-ch\/wp-json\/wp\/v2\/media?parent=33881"}],"wp:term":[{"taxonomy":"product_brand","embeddable":true,"href":"https:\/\/www.fleurop-home.ch\/fr-ch\/wp-json\/wp\/v2\/product_brand?post=33881"},{"taxonomy":"product_cat","embeddable":true,"href":"https:\/\/www.fleurop-home.ch\/fr-ch\/wp-json\/wp\/v2\/product_cat?post=33881"},{"taxonomy":"product_tag","embeddable":true,"href":"https:\/\/www.fleurop-home.ch\/fr-ch\/wp-json\/wp\/v2\/product_tag?post=33881"},{"taxonomy":"woo-feed-brand","embeddable":true,"href":"https:\/\/www.fleurop-home.ch\/fr-ch\/wp-json\/wp\/v2\/woo-feed-brand?post=33881"}],"curies":[{"name":"wp","href":"https:\/\/api.w.org\/{rel}","templated":true}]}}