{"id":33878,"date":"2024-05-17T13:30:25","date_gmt":"2024-05-17T11:30:25","guid":{"rendered":"https:\/\/www.fleurop-home.ch\/de-ch\/p\/gundelrebe-glechoma-variegata"},"modified":"2026-04-28T09:31:35","modified_gmt":"2026-04-28T07:31:35","slug":"-282","status":"publish","type":"product","link":"https:\/\/www.fleurop-home.ch\/fr-ch\/p\/gundelrebe-glechoma-variegata","title":{"rendered":"Vigne-goutte - Glechoma variegata"},"content":{"rendered":"<p>La glycine Glechoma variegata est une plante saisonni\u00e8re \u00e0 forte croissance qui enthousiasme par son feuillage panach\u00e9 remarquable. Elle convient parfaitement comme sous-plante, couvre-sol ou plante suspendue dans des caisses de balcon et des suspensions. Issue de la production suisse, elle se montre particuli\u00e8rement adaptable aux endroits ensoleill\u00e9s ou semi-ombrag\u00e9s. Le sol perm\u00e9able et un apport d'eau mod\u00e9r\u00e9 favorisent une croissance saine. Avec sa croissance robuste, elle contribue \u00e0 l'am\u00e9lioration de l'aspect visuel de diff\u00e9rents bacs \u00e0 plantes et espaces de jardin et apporte ainsi des accents frais \u00e0 ta v\u00e9g\u00e9tation.<\/p>\n<p>Hauteur : 200 cm<br \/>\nTaille du pot : pot de 12<br \/>\nR\u00e9sistance au froid : pas de r\u00e9sistance au froid<br \/>\nLumi\u00e8re : ensoleill\u00e9e \u00e0 semi-ombrag\u00e9e<br \/>\nP\u00e9riode de floraison : aucune<br \/>\nSol : perm\u00e9able<\/p>","protected":false},"excerpt":{"rendered":"<p>Gundelbebe Glechoma variegata - Plante ornementale \u00e0 feuilles robustes de production suisse<\/p>","protected":false},"featured_media":33877,"template":"","meta":[],"product_brand":[],"product_cat":[109,34,41],"product_tag":[299],"woo-feed-brand":[],"class_list":{"0":"post-33878","1":"product","2":"type-product","3":"status-publish","4":"has-post-thumbnail","6":"product_cat-saisonale-pflanzen","7":"product_cat-garten-balkon","8":"product_cat-outdoorpflanzen","9":"product_tag-santispracht","11":"first","12":"instock","13":"taxable","14":"shipping-taxable","15":"purchasable","16":"product-type-simple"},"_links":{"self":[{"href":"https:\/\/www.fleurop-home.ch\/fr-ch\/wp-json\/wp\/v2\/product\/33878","targetHints":{"allow":["GET"]}}],"collection":[{"href":"https:\/\/www.fleurop-home.ch\/fr-ch\/wp-json\/wp\/v2\/product"}],"about":[{"href":"https:\/\/www.fleurop-home.ch\/fr-ch\/wp-json\/wp\/v2\/types\/product"}],"wp:featuredmedia":[{"embeddable":true,"href":"https:\/\/www.fleurop-home.ch\/fr-ch\/wp-json\/wp\/v2\/media\/33877"}],"wp:attachment":[{"href":"https:\/\/www.fleurop-home.ch\/fr-ch\/wp-json\/wp\/v2\/media?parent=33878"}],"wp:term":[{"taxonomy":"product_brand","embeddable":true,"href":"https:\/\/www.fleurop-home.ch\/fr-ch\/wp-json\/wp\/v2\/product_brand?post=33878"},{"taxonomy":"product_cat","embeddable":true,"href":"https:\/\/www.fleurop-home.ch\/fr-ch\/wp-json\/wp\/v2\/product_cat?post=33878"},{"taxonomy":"product_tag","embeddable":true,"href":"https:\/\/www.fleurop-home.ch\/fr-ch\/wp-json\/wp\/v2\/product_tag?post=33878"},{"taxonomy":"woo-feed-brand","embeddable":true,"href":"https:\/\/www.fleurop-home.ch\/fr-ch\/wp-json\/wp\/v2\/woo-feed-brand?post=33878"}],"curies":[{"name":"wp","href":"https:\/\/api.w.org\/{rel}","templated":true}]}}