{"id":33864,"date":"2024-05-17T13:30:21","date_gmt":"2024-05-17T11:30:21","guid":{"rendered":"https:\/\/www.fleurop-home.ch\/de-ch\/p\/elfensporn-diascia-personata"},"modified":"2026-04-21T09:42:11","modified_gmt":"2026-04-21T07:42:11","slug":"-279","status":"publish","type":"product","link":"https:\/\/www.fleurop-home.ch\/fr-ch\/p\/elfensporn-diascia-personata-4","title":{"rendered":"Eperon des elfes - Diascia personata"},"content":{"rendered":"<p>L'\u00e9peron des elfes orange vif est l'une des plantes saisonni\u00e8res les plus appr\u00e9ci\u00e9es pour les emplacements ensoleill\u00e9s. De mai \u00e0 septembre, elle pr\u00e9sente une floraison durable, id\u00e9ale pour les bacs de balcon, les bordures, les suspensions ou les bacs. Gr\u00e2ce \u00e0 sa croissance compacte, cette fleur d'\u00e9t\u00e9 peut \u00eatre utilis\u00e9e de mani\u00e8re polyvalente, par exemple dans la plantation de tombes. En m\u00eame temps, la floraison apporte une aide pr\u00e9cieuse au monde des insectes. La plante pousse de mani\u00e8re optimale dans un sol bien perm\u00e9able et appr\u00e9cie un apport mod\u00e9r\u00e9 en eau. Avec son origine 100 % de production suisse et le label Suisse Garantie, elle est synonyme de splendeur florale r\u00e9gionale durable issue de la force primaire.<\/p>\n<p>Hauteur : 30 cm<br \/>\nTaille du pot : pot de 12<br \/>\nR\u00e9sistance au froid : pas de r\u00e9sistance au froid<br \/>\nLumi\u00e8re : ensoleill\u00e9e<br \/>\nP\u00e9riode de floraison : de mai \u00e0 septembre<br \/>\nSol : perm\u00e9able<\/p>","protected":false},"excerpt":{"rendered":"<p>Elfensporn Orange - plante saisonni\u00e8re pour les endroits ensoleill\u00e9s, bonne pour les insectes<\/p>","protected":false},"featured_media":33863,"template":"","meta":[],"product_brand":[],"product_cat":[109,34,41],"product_tag":[299],"woo-feed-brand":[],"class_list":{"0":"post-33864","1":"product","2":"type-product","3":"status-publish","4":"has-post-thumbnail","6":"product_cat-saisonale-pflanzen","7":"product_cat-garten-balkon","8":"product_cat-outdoorpflanzen","9":"product_tag-santispracht","11":"first","12":"instock","13":"taxable","14":"shipping-taxable","15":"purchasable","16":"product-type-simple"},"_links":{"self":[{"href":"https:\/\/www.fleurop-home.ch\/fr-ch\/wp-json\/wp\/v2\/product\/33864","targetHints":{"allow":["GET"]}}],"collection":[{"href":"https:\/\/www.fleurop-home.ch\/fr-ch\/wp-json\/wp\/v2\/product"}],"about":[{"href":"https:\/\/www.fleurop-home.ch\/fr-ch\/wp-json\/wp\/v2\/types\/product"}],"wp:featuredmedia":[{"embeddable":true,"href":"https:\/\/www.fleurop-home.ch\/fr-ch\/wp-json\/wp\/v2\/media\/33863"}],"wp:attachment":[{"href":"https:\/\/www.fleurop-home.ch\/fr-ch\/wp-json\/wp\/v2\/media?parent=33864"}],"wp:term":[{"taxonomy":"product_brand","embeddable":true,"href":"https:\/\/www.fleurop-home.ch\/fr-ch\/wp-json\/wp\/v2\/product_brand?post=33864"},{"taxonomy":"product_cat","embeddable":true,"href":"https:\/\/www.fleurop-home.ch\/fr-ch\/wp-json\/wp\/v2\/product_cat?post=33864"},{"taxonomy":"product_tag","embeddable":true,"href":"https:\/\/www.fleurop-home.ch\/fr-ch\/wp-json\/wp\/v2\/product_tag?post=33864"},{"taxonomy":"woo-feed-brand","embeddable":true,"href":"https:\/\/www.fleurop-home.ch\/fr-ch\/wp-json\/wp\/v2\/woo-feed-brand?post=33864"}],"curies":[{"name":"wp","href":"https:\/\/api.w.org\/{rel}","templated":true}]}}